{"id":10053,"date":"2017-11-16T18:43:01","date_gmt":"2017-11-16T18:43:01","guid":{"rendered":"https:\/\/zszalkovice.cz\/?page_id=10053"},"modified":"2025-05-28T10:04:44","modified_gmt":"2025-05-28T08:04:44","slug":"dokumenty-a-formulare-ms","status":"publish","type":"page","link":"https:\/\/zszalkovice.cz\/en\/dokumenty-a-formulare-ms\/","title":{"rendered":"Dokumenty a formul\u00e1\u0159e M\u0160"},"content":{"rendered":"<section class=\"wpb_row   wpb_animate_when_almost_visible wpb_right-to-left right-to-left\"><div class=\"wpb_column vc_column_container vc_col-sm-6\"><div class=\"vc_column-inner\"><div class=\"wpb_wrapper\"><div class=\"w-divider11\"><h3 class=\"colorf\" style=\"color:\"><span class=\"spl\">DOKUMENTY <\/span><span class=\"spr\">mate\u0159sk\u00e9 \u0161koly<\/span><\/h3><\/div>\n\t<div class=\"wpb_text_column wpb_content_element\" >\n\t\t<div class=\"wpb_wrapper\">\n\t\t\t<ul>\n<li><a href=\"https:\/\/blanchedalmond-starling-735365.hostingersite.com\/wp-content\/uploads\/2018\/11\/\u0160koln\u00ed-\u0159\u00e1d-M\u0160.pdf\">\u0160koln\u00ed \u0159\u00e1d M\u0160<\/a><\/li>\n<li><a href=\"https:\/\/blanchedalmond-starling-735365.hostingersite.com\/wp-content\/uploads\/2017\/11\/Desatero-pro-rodi\u010de.docx\">Desatero pro rodi\u010de<\/a><\/li>\n<li><a href=\"https:\/\/blanchedalmond-starling-735365.hostingersite.com\/wp-content\/uploads\/2017\/11\/Informace-rodi\u010d\u016fm.pdf\">Informace rodi\u010d\u016fm<\/a><\/li>\n<\/ul>\n\n\t\t<\/div>\n\t<\/div>\n<div class=\"w-divider11\"><h3 class=\"colorf\" style=\"color:\"><span class=\"spl\">DOKUMENTY <\/span><span class=\"spr\">na \u00fa\u0159edn\u00ed desce<\/span><\/h3><\/div>\n\t<div class=\"wpb_text_column wpb_content_element\" >\n\t\t<div class=\"wpb_wrapper\">\n\t\t\t<ul>\n<li><a href=\"https:\/\/blanchedalmond-starling-735365.hostingersite.com\/wp-content\/uploads\/2025\/05\/Rozhodntii-o-prijeti-do-MS-web.pdf\" target=\"_blank\" rel=\"noopener\">Rozhodnut\u00ed o p\u0159ijet\u00ed 2025\/2026<\/a><\/li>\n<li><a href=\"https:\/\/blanchedalmond-starling-735365.hostingersite.com\/wp-content\/uploads\/2024\/05\/1.pdf\" target=\"_blank\" rel=\"noopener\">Rozhodnut\u00ed o p\u0159ijet\u00ed 2023\/2024<\/a><\/li>\n<li><a href=\"https:\/\/blanchedalmond-starling-735365.hostingersite.com\/wp-content\/uploads\/2022\/05\/Rozhodnut\u00ed-o-p\u0159ijet\u00ed-k-p\u0159ed\u0161koln\u00edmu-vzd\u011bl\u00e1v\u00e1n\u00ed.pdf\">Rozhodnut\u00ed o p\u0159ijet\u00ed 2022\/2023<\/a><\/li>\n<li><a href=\"https:\/\/blanchedalmond-starling-735365.hostingersite.com\/wp-content\/uploads\/2020\/05\/Document-page-001-converted.pdf\">V\u00fdsledky z\u00e1pisu do M\u0160 2020<\/a><\/li>\n<li><a href=\"https:\/\/blanchedalmond-starling-735365.hostingersite.com\/wp-content\/uploads\/2019\/05\/On\u00e1men\u00ed-o-p\u0159ijet\u00ed-do-M\u0160.docx\">Ozn\u00e1men\u00ed o p\u0159ijet\u00ed do M\u0160 2019<\/a><\/li>\n<\/ul>\n\n\t\t<\/div>\n\t<\/div>\n<div class=\"w-divider11\"><h3 class=\"colorf\" style=\"color:\"><span class=\"spl\">\u00daplata<\/span><span class=\"spr\">v M\u0160<\/span><\/h3><\/div>\n\t<div class=\"wpb_text_column wpb_content_element\" >\n\t\t<div class=\"wpb_wrapper\">\n\t\t\t<p><a href=\"https:\/\/blanchedalmond-starling-735365.hostingersite.com\/wp-content\/uploads\/2024\/06\/Vyse-uplaty-v-MS-a-SD-od-1.9.-2024.pdf\" target=\"_blank\" rel=\"noopener\">V\u00fd\u0161e \u00faplaty v\u00a0M\u0160 od 1.9. 2024<\/a><\/p>\n\n\t\t<\/div>\n\t<\/div>\n<\/div><\/div><\/div><div class=\"wpb_column vc_column_container vc_col-sm-6\"><div class=\"vc_column-inner\"><div class=\"wpb_wrapper\">\n\t<div  class=\"wpb_single_image wpb_content_element vc_align_left\">\n\t\t\n\t\t<figure class=\"wpb_wrapper vc_figure\">\n\t\t\t<div class=\"vc_single_image-wrapper   vc_box_border_grey\"><img fetchpriority=\"high\" decoding=\"async\" width=\"574\" height=\"385\" src=\"https:\/\/zszalkovice.cz\/wp-content\/uploads\/2017\/11\/dokumenty.jpg\" class=\"vc_single_image-img attachment-full\" alt=\"\" srcset=\"https:\/\/zszalkovice.cz\/wp-content\/uploads\/2017\/11\/dokumenty.jpg 574w, https:\/\/zszalkovice.cz\/wp-content\/uploads\/2017\/11\/dokumenty-300x201.jpg 300w\" sizes=\"(max-width: 574px) 100vw, 574px\" \/><\/div>\n\t\t<\/figure>\n\t<\/div>\n<\/div><\/div><\/div><\/section>","protected":false},"excerpt":{"rendered":"DOKUMENTY mate\u0159sk\u00e9 \u0161koly \u0160koln\u00ed \u0159\u00e1d M\u0160 Desatero pro rodi\u010de Informace rodi\u010d\u016fm DOKUMENTY na \u00fa\u0159edn\u00ed desce Rozhodnut\u00ed o p\u0159ijet\u00ed 2025\/2026 Rozhodnut\u00ed o p\u0159ijet\u00ed 2023\/2024 Rozhodnut\u00ed o p\u0159ijet\u00ed 2022\/2023 V\u00fdsledky z\u00e1pisu do M\u0160 2020 Ozn\u00e1men\u00ed o p\u0159ijet\u00ed do M\u0160 2019 \u00daplatav M\u0160 V\u00fd\u0161e \u00faplaty v\u00a0M\u0160 od 1.9. 2024","protected":false},"author":1,"featured_media":0,"parent":0,"menu_order":0,"comment_status":"closed","ping_status":"closed","template":"","meta":{"footnotes":""},"class_list":["post-10053","page","type-page","status-publish","hentry"],"yoast_head":"<!-- This site is optimized with the Yoast SEO plugin v27.4 - https:\/\/yoast.com\/product\/yoast-seo-wordpress\/ -->\n<title>Dokumenty a formul\u00e1\u0159e M\u0160 | ZS ZALKOVICE<\/title>\n<meta name=\"robots\" content=\"index, follow, max-snippet:-1, max-image-preview:large, max-video-preview:-1\" \/>\n<link rel=\"canonical\" href=\"https:\/\/zszalkovice.cz\/en\/dokumenty-a-formulare-ms\/\" \/>\n<meta property=\"og:locale\" content=\"en_US\" \/>\n<meta property=\"og:type\" content=\"article\" \/>\n<meta property=\"og:title\" content=\"Dokumenty a formul\u00e1\u0159e M\u0160 | ZS ZALKOVICE\" \/>\n<meta property=\"og:url\" content=\"https:\/\/zszalkovice.cz\/en\/dokumenty-a-formulare-ms\/\" \/>\n<meta property=\"og:site_name\" content=\"ZS ZALKOVICE\" \/>\n<meta property=\"article:modified_time\" content=\"2025-05-28T08:04:44+00:00\" \/>\n<meta name=\"twitter:card\" content=\"summary_large_image\" \/>\n<meta name=\"twitter:label1\" content=\"Est. reading time\" \/>\n\t<meta name=\"twitter:data1\" content=\"1 minute\" \/>\n<script type=\"application\/ld+json\" class=\"yoast-schema-graph\">{\"@context\":\"https:\\\/\\\/schema.org\",\"@graph\":[{\"@type\":\"WebPage\",\"@id\":\"https:\\\/\\\/zszalkovice.cz\\\/en\\\/dokumenty-a-formulare-ms\\\/\",\"url\":\"https:\\\/\\\/zszalkovice.cz\\\/en\\\/dokumenty-a-formulare-ms\\\/\",\"name\":\"Dokumenty a formul\u00e1\u0159e M\u0160 | ZS ZALKOVICE\",\"isPartOf\":{\"@id\":\"https:\\\/\\\/zszalkovice.cz\\\/en\\\/#website\"},\"datePublished\":\"2017-11-16T18:43:01+00:00\",\"dateModified\":\"2025-05-28T08:04:44+00:00\",\"breadcrumb\":{\"@id\":\"https:\\\/\\\/zszalkovice.cz\\\/en\\\/dokumenty-a-formulare-ms\\\/#breadcrumb\"},\"inLanguage\":\"en-US\",\"potentialAction\":[{\"@type\":\"ReadAction\",\"target\":[\"https:\\\/\\\/zszalkovice.cz\\\/en\\\/dokumenty-a-formulare-ms\\\/\"]}]},{\"@type\":\"BreadcrumbList\",\"@id\":\"https:\\\/\\\/zszalkovice.cz\\\/en\\\/dokumenty-a-formulare-ms\\\/#breadcrumb\",\"itemListElement\":[{\"@type\":\"ListItem\",\"position\":1,\"name\":\"Home\",\"item\":\"https:\\\/\\\/zszalkovice.cz\\\/\"},{\"@type\":\"ListItem\",\"position\":2,\"name\":\"Dokumenty a formul\u00e1\u0159e M\u0160\"}]},{\"@type\":\"WebSite\",\"@id\":\"https:\\\/\\\/zszalkovice.cz\\\/en\\\/#website\",\"url\":\"https:\\\/\\\/zszalkovice.cz\\\/en\\\/\",\"name\":\"ZS ZALKOVICE\",\"description\":\"ZS ZALKOVICE\",\"publisher\":{\"@id\":\"https:\\\/\\\/zszalkovice.cz\\\/en\\\/#organization\"},\"potentialAction\":[{\"@type\":\"SearchAction\",\"target\":{\"@type\":\"EntryPoint\",\"urlTemplate\":\"https:\\\/\\\/zszalkovice.cz\\\/en\\\/?s={search_term_string}\"},\"query-input\":{\"@type\":\"PropertyValueSpecification\",\"valueRequired\":true,\"valueName\":\"search_term_string\"}}],\"inLanguage\":\"en-US\"},{\"@type\":\"Organization\",\"@id\":\"https:\\\/\\\/zszalkovice.cz\\\/en\\\/#organization\",\"name\":\"Z\u0160 a M\u0160 \u017dalkovice\",\"url\":\"https:\\\/\\\/zszalkovice.cz\\\/en\\\/\",\"logo\":{\"@type\":\"ImageObject\",\"inLanguage\":\"en-US\",\"@id\":\"https:\\\/\\\/zszalkovice.cz\\\/en\\\/#\\\/schema\\\/logo\\\/image\\\/\",\"url\":\"https:\\\/\\\/blanchedalmond-starling-735365.hostingersite.com\\\/wp-content\\\/uploads\\\/2020\\\/04\\\/logo-2-e1590092978599.png\",\"contentUrl\":\"https:\\\/\\\/blanchedalmond-starling-735365.hostingersite.com\\\/wp-content\\\/uploads\\\/2020\\\/04\\\/logo-2-e1590092978599.png\",\"width\":839,\"height\":200,\"caption\":\"Z\u0160 a M\u0160 \u017dalkovice\"},\"image\":{\"@id\":\"https:\\\/\\\/zszalkovice.cz\\\/en\\\/#\\\/schema\\\/logo\\\/image\\\/\"}}]}<\/script>\n<!-- \/ Yoast SEO plugin. -->","yoast_head_json":{"title":"Dokumenty a formul\u00e1\u0159e M\u0160 | ZS ZALKOVICE","robots":{"index":"index","follow":"follow","max-snippet":"max-snippet:-1","max-image-preview":"max-image-preview:large","max-video-preview":"max-video-preview:-1"},"canonical":"https:\/\/zszalkovice.cz\/en\/dokumenty-a-formulare-ms\/","og_locale":"en_US","og_type":"article","og_title":"Dokumenty a formul\u00e1\u0159e M\u0160 | ZS ZALKOVICE","og_url":"https:\/\/zszalkovice.cz\/en\/dokumenty-a-formulare-ms\/","og_site_name":"ZS ZALKOVICE","article_modified_time":"2025-05-28T08:04:44+00:00","twitter_card":"summary_large_image","twitter_misc":{"Est. reading time":"1 minute"},"schema":{"@context":"https:\/\/schema.org","@graph":[{"@type":"WebPage","@id":"https:\/\/zszalkovice.cz\/en\/dokumenty-a-formulare-ms\/","url":"https:\/\/zszalkovice.cz\/en\/dokumenty-a-formulare-ms\/","name":"Dokumenty a formul\u00e1\u0159e M\u0160 | ZS ZALKOVICE","isPartOf":{"@id":"https:\/\/zszalkovice.cz\/en\/#website"},"datePublished":"2017-11-16T18:43:01+00:00","dateModified":"2025-05-28T08:04:44+00:00","breadcrumb":{"@id":"https:\/\/zszalkovice.cz\/en\/dokumenty-a-formulare-ms\/#breadcrumb"},"inLanguage":"en-US","potentialAction":[{"@type":"ReadAction","target":["https:\/\/zszalkovice.cz\/en\/dokumenty-a-formulare-ms\/"]}]},{"@type":"BreadcrumbList","@id":"https:\/\/zszalkovice.cz\/en\/dokumenty-a-formulare-ms\/#breadcrumb","itemListElement":[{"@type":"ListItem","position":1,"name":"Home","item":"https:\/\/zszalkovice.cz\/"},{"@type":"ListItem","position":2,"name":"Dokumenty a formul\u00e1\u0159e M\u0160"}]},{"@type":"WebSite","@id":"https:\/\/zszalkovice.cz\/en\/#website","url":"https:\/\/zszalkovice.cz\/en\/","name":"ZS ZALKOVICE","description":"ZS ZALKOVICE","publisher":{"@id":"https:\/\/zszalkovice.cz\/en\/#organization"},"potentialAction":[{"@type":"SearchAction","target":{"@type":"EntryPoint","urlTemplate":"https:\/\/zszalkovice.cz\/en\/?s={search_term_string}"},"query-input":{"@type":"PropertyValueSpecification","valueRequired":true,"valueName":"search_term_string"}}],"inLanguage":"en-US"},{"@type":"Organization","@id":"https:\/\/zszalkovice.cz\/en\/#organization","name":"Z\u0160 a M\u0160 \u017dalkovice","url":"https:\/\/zszalkovice.cz\/en\/","logo":{"@type":"ImageObject","inLanguage":"en-US","@id":"https:\/\/zszalkovice.cz\/en\/#\/schema\/logo\/image\/","url":"https:\/\/blanchedalmond-starling-735365.hostingersite.com\/wp-content\/uploads\/2020\/04\/logo-2-e1590092978599.png","contentUrl":"https:\/\/blanchedalmond-starling-735365.hostingersite.com\/wp-content\/uploads\/2020\/04\/logo-2-e1590092978599.png","width":839,"height":200,"caption":"Z\u0160 a M\u0160 \u017dalkovice"},"image":{"@id":"https:\/\/zszalkovice.cz\/en\/#\/schema\/logo\/image\/"}}]}},"_links":{"self":[{"href":"https:\/\/zszalkovice.cz\/en\/wp-json\/wp\/v2\/pages\/10053","targetHints":{"allow":["GET"]}}],"collection":[{"href":"https:\/\/zszalkovice.cz\/en\/wp-json\/wp\/v2\/pages"}],"about":[{"href":"https:\/\/zszalkovice.cz\/en\/wp-json\/wp\/v2\/types\/page"}],"author":[{"embeddable":true,"href":"https:\/\/zszalkovice.cz\/en\/wp-json\/wp\/v2\/users\/1"}],"replies":[{"embeddable":true,"href":"https:\/\/zszalkovice.cz\/en\/wp-json\/wp\/v2\/comments?post=10053"}],"version-history":[{"count":26,"href":"https:\/\/zszalkovice.cz\/en\/wp-json\/wp\/v2\/pages\/10053\/revisions"}],"predecessor-version":[{"id":21448,"href":"https:\/\/zszalkovice.cz\/en\/wp-json\/wp\/v2\/pages\/10053\/revisions\/21448"}],"wp:attachment":[{"href":"https:\/\/zszalkovice.cz\/en\/wp-json\/wp\/v2\/media?parent=10053"}],"curies":[{"name":"wp","href":"https:\/\/api.w.org\/{rel}","templated":true}]}}