{"id":10528,"date":"2017-11-23T18:49:13","date_gmt":"2017-11-23T18:49:13","guid":{"rendered":"https:\/\/zszalkovice.cz\/?page_id=10528"},"modified":"2025-11-28T17:16:53","modified_gmt":"2025-11-28T15:16:53","slug":"uvoda","status":"publish","type":"page","link":"https:\/\/zszalkovice.cz\/en\/uvoda\/","title":{"rendered":"\u00davod"},"content":{"rendered":"<p><\/div><\/section><section  class=\"wpb_row   full-row\"><div class=\"wpb_column vc_column_container vc_col-sm-12 vc_hidden-md vc_hidden-sm vc_hidden-xs\"><div class=\"vc_column-inner\"><div class=\"wpb_wrapper\"><div class=\"vc_empty_space\"   style=\"height: 120px\" ><span class=\"vc_empty_space_inner\"><\/span><\/div>\n<\/div><\/div><\/div><\/section><section class=\"container\"><div class=\"row-wrapper-x\"><\/div><\/section><section  class=\"wpb_row   full-row\"><div class=\"wpb_column vc_column_container vc_col-sm-12\"><div class=\"vc_column-inner vc_custom_1585159793035\"><div class=\"wpb_wrapper\">\n\t\t\t<!-- START Kids School Slider REVOLUTION SLIDER 6.6.13 --><p class=\"rs-p-wp-fix\"><\/p>\n\t\t\t<rs-module-wrap id=\"rev_slider_11_1_wrapper\" data-source=\"gallery\" style=\"visibility:hidden;background:#111111;padding:0;margin:0px auto;margin-top:0;margin-bottom:0;\">\n\t\t\t\t<rs-module id=\"rev_slider_11_1\" style=\"\" data-version=\"6.6.13\">\n\t\t\t\t\t<rs-slides style=\"overflow: hidden; position: absolute;\">\n\t\t\t\t\t\t<rs-slide style=\"position: absolute;\" data-key=\"rs-35\" data-title=\"Slide\" data-thumb=\"\/\/zszalkovice.cz\/wp-content\/uploads\/2025\/10\/IMG_20250930_110419-100x50.jpg\" data-duration=\"8000\" data-anim=\"ms:600;\" data-in=\"o:0;\" data-out=\"a:false;\">\n\t\t\t\t\t\t\t<img fetchpriority=\"high\" decoding=\"async\" src=\"\/\/zszalkovice.cz\/wp-content\/plugins\/revslider\/public\/assets\/assets\/dummy.png\" alt=\"\" width=\"1920\" height=\"1440\" class=\"rev-slidebg tp-rs-img rs-lazyload\" data-lazyload=\"\/\/zszalkovice.cz\/wp-content\/uploads\/2025\/10\/IMG_20250930_110419.jpg\" data-parallax=\"off\" data-no-retina>\n<!---->\t\t\t\t\t\t<\/rs-slide>\n\t\t\t\t\t\t<rs-slide style=\"position: absolute;\" data-key=\"rs-37\" data-title=\"Slide\" data-thumb=\"\/\/zszalkovice.cz\/wp-content\/uploads\/2025\/10\/IMG_20250930_110153-100x50.jpg\" data-duration=\"8000\" data-anim=\"ms:600;\" data-in=\"o:0;\" data-out=\"a:false;\">\n\t\t\t\t\t\t\t<img decoding=\"async\" src=\"\/\/zszalkovice.cz\/wp-content\/plugins\/revslider\/public\/assets\/assets\/dummy.png\" alt=\"\" width=\"1920\" height=\"1440\" class=\"rev-slidebg tp-rs-img rs-lazyload\" data-lazyload=\"\/\/zszalkovice.cz\/wp-content\/uploads\/2025\/10\/IMG_20250930_110153.jpg\" data-parallax=\"off\" data-no-retina>\n<!---->\t\t\t\t\t\t<\/rs-slide>\n\t\t\t\t\t\t<rs-slide style=\"position: absolute;\" data-key=\"rs-40\" data-title=\"Slide\" data-thumb=\"\/\/zszalkovice.cz\/wp-content\/uploads\/2025\/10\/20250929_100425-rotated-100x50.jpg\" data-duration=\"8000\" data-anim=\"ms:600;\" data-in=\"o:0;\" data-out=\"a:false;\">\n\t\t\t\t\t\t\t<img decoding=\"async\" src=\"\/\/zszalkovice.cz\/wp-content\/plugins\/revslider\/public\/assets\/assets\/dummy.png\" alt=\"\" width=\"1080\" height=\"1920\" class=\"rev-slidebg tp-rs-img rs-lazyload\" data-lazyload=\"\/\/zszalkovice.cz\/wp-content\/uploads\/2025\/10\/20250929_100425-rotated.jpg\" data-parallax=\"off\" data-no-retina>\n<!---->\t\t\t\t\t\t<\/rs-slide>\n\t\t\t\t\t\t<rs-slide style=\"position: absolute;\" data-key=\"rs-21\" data-title=\"Slide\" data-thumb=\"\/\/zszalkovice.cz\/wp-content\/uploads\/2025\/10\/20250929_111052-100x50.jpg\" data-duration=\"8010\" data-anim=\"ms:600;\" data-in=\"o:0;\" data-out=\"a:false;\">\n\t\t\t\t\t\t\t<img loading=\"lazy\" decoding=\"async\" src=\"\/\/zszalkovice.cz\/wp-content\/plugins\/revslider\/public\/assets\/assets\/dummy.png\" alt=\"\" width=\"1920\" height=\"1080\" class=\"rev-slidebg tp-rs-img rs-lazyload\" data-lazyload=\"\/\/zszalkovice.cz\/wp-content\/uploads\/2025\/10\/20250929_111052.jpg\" data-bg=\"p:center top;\" data-parallax=\"off\" data-no-retina>\n<!---->\t\t\t\t\t\t<\/rs-slide>\n\t\t\t\t\t\t<rs-slide style=\"position: absolute;\" data-key=\"rs-46\" data-title=\"Slide\" data-thumb=\"\/\/zszalkovice.cz\/wp-content\/uploads\/2025\/10\/20250929_111926-100x50.jpg\" data-duration=\"8010\" data-anim=\"ms:600;\" data-in=\"o:0;\" data-out=\"a:false;\">\n\t\t\t\t\t\t\t<img loading=\"lazy\" decoding=\"async\" src=\"\/\/zszalkovice.cz\/wp-content\/plugins\/revslider\/public\/assets\/assets\/dummy.png\" alt=\"\" width=\"1920\" height=\"1080\" class=\"rev-slidebg tp-rs-img rs-lazyload\" data-lazyload=\"\/\/zszalkovice.cz\/wp-content\/uploads\/2025\/10\/20250929_111926.jpg\" data-bg=\"p:center top;\" data-parallax=\"off\" data-no-retina>\n<!---->\t\t\t\t\t\t<\/rs-slide>\n\t\t\t\t\t<\/rs-slides>\n\t\t\t\t<\/rs-module>\n\t\t\t\t<script>\n\t\t\t\t\tsetREVStartSize({c: 'rev_slider_11_1',rl:[1240,1024,778,480],el:[420],gw:[900],gh:[420],type:'carousel',justify:'',layout:'fullwidth',mh:\"0\"});if (window.RS_MODULES!==undefined && window.RS_MODULES.modules!==undefined && window.RS_MODULES.modules[\"revslider111\"]!==undefined) {window.RS_MODULES.modules[\"revslider111\"].once = false;window.revapi11 = undefined;if (window.RS_MODULES.checkMinimal!==undefined) window.RS_MODULES.checkMinimal()}\n\t\t\t\t<\/script>\n\t\t\t<\/rs-module-wrap>\n\t\t\t<!-- END REVOLUTION SLIDER -->\n<\/div><\/div><\/div><\/section><section class=\"container\"><div class=\"row-wrapper-x\"><section class=\"wpb_row   w-animate\"><div class=\"wpb_column vc_column_container vc_col-sm-12\"><div class=\"vc_column-inner\"><div class=\"wpb_wrapper\"><hr class=\"vertical-space1\"><div class=\"w-divider8\"><h3><span class=\"colorf spl\" style=\"color:;\">CO N\u00c1S \u010cEK\u00c1<\/span><span class=\"spr\">V NEJBLI\u017d\u0160\u00cdCH DNECH<\/span><\/h3><\/div>\n<div class=\"container latestposts-three\">\n<\/div>\n<\/div><\/div><\/div><\/section><section class=\"wpb_row   w-animate\"><div class=\"wpb_column vc_column_container vc_col-sm-12\"><div class=\"vc_column-inner\"><div class=\"wpb_wrapper\"><div class=\"vc_row wpb_row vc_inner vc_row-fluid\"><div class=\"wpb_column vc_column_container vc_col-sm-6\"><div class=\"vc_column-inner\"><div class=\"wpb_wrapper\"><div class=\"our-clss-type1 clearfix\" style=\" background:#ed5564;\">\r\n\t\t\t<div class=\"img-wrap col-md-6\" style=\" border-color: ; \"><img decoding=\"async\" data-src=\"https:\/\/zszalkovice.cz\/wp-content\/uploads\/2016\/06\/DSC_5300.jpg\" alt=\"\" src=\"data:image\/svg+xml;base64,PHN2ZyB3aWR0aD0iMSIgaGVpZ2h0PSIxIiB4bWxucz0iaHR0cDovL3d3dy53My5vcmcvMjAwMC9zdmciPjwvc3ZnPg==\" class=\"lazyload\" style=\"--smush-placeholder-width: 1024px; --smush-placeholder-aspect-ratio: 1024\/681;\"><\/div>\r\n\t\t\t<div class=\"content-wrap col-md-6\">\r\n\t\t\t\t <h5>O \u0161kole<\/h5>\r\n\t\t\t\t <div class=\"main-content\">\r\n\t\t\t\t\t <div class=\"class-desc\">\r\n \t\t\t\t\t\t \r\n \t\t\t\t\t\t \r\n\t\t\t\t \t<\/div>\r\n\t\t\t\t \t<p>Z\u0160 a M\u0160 \u017dalkovice je ne\u00faplnou malot\u0159\u00eddn\u00ed \u0161kolou rodinn\u00e9ho typu, kter\u00e1 poskytuje z\u00e1kladn\u00ed vzd\u011bl\u00e1v\u00e1n\u00ed \u017e\u00e1k\u016fm v 1. \u2013 4. ro\u010dn\u00edku. <\/p>\r\n\t\t\t\t \t<a class=\"magicmore\" href=\"https:\/\/blanchedalmond-starling-735365.hostingersite.com\/charakteristika-skoly\/\" style=\" background: ; \">V\u00cdCE INFORMAC\u00cd<\/a>\r\n\t\t\t\t <\/div>\r\n\t\t\t<\/div>\r\n\t\t<\/div><div class=\"our-clss-type1 clearfix\" style=\" background:#a0d468;\">\r\n\t\t\t<div class=\"img-wrap col-md-6\" style=\" border-color: ; \"><img decoding=\"async\" data-src=\"https:\/\/zszalkovice.cz\/wp-content\/uploads\/2016\/06\/DSC_0105.jpg\" alt=\"\" src=\"data:image\/svg+xml;base64,PHN2ZyB3aWR0aD0iMSIgaGVpZ2h0PSIxIiB4bWxucz0iaHR0cDovL3d3dy53My5vcmcvMjAwMC9zdmciPjwvc3ZnPg==\" class=\"lazyload\" style=\"--smush-placeholder-width: 602px; --smush-placeholder-aspect-ratio: 602\/400;\"><\/div>\r\n\t\t\t<div class=\"content-wrap col-md-6\">\r\n\t\t\t\t <h5>Mate\u0159sk\u00e1 \u0161kola<\/h5>\r\n\t\t\t\t <div class=\"main-content\">\r\n\t\t\t\t\t <div class=\"class-desc\">\r\n \t\t\t\t\t\t \r\n \t\t\t\t\t\t \r\n\t\t\t\t \t<\/div>\r\n\t\t\t\t \t<p>Sou\u010d\u00e1st\u00ed \u0161koly je mate\u0159sk\u00e1 \u0161kola,kter\u00e1 m\u00e1 jednu t\u0159\u00eddu Slun\u00ed\u010dko.<br \/>\n<\/p>\r\n\t\t\t\t \t<a class=\"magicmore\" href=\"https:\/\/blanchedalmond-starling-735365.hostingersite.com\/informace-o-ms-2\/\" style=\" background: ; \">V\u00cdCE INFORMAC\u00cd<\/a>\r\n\t\t\t\t <\/div>\r\n\t\t\t<\/div>\r\n\t\t<\/div><\/div><\/div><\/div><div class=\"wpb_column vc_column_container vc_col-sm-6\"><div class=\"vc_column-inner\"><div class=\"wpb_wrapper\"><div class=\"our-clss-type1 clearfix\" style=\" background:#ffce55;\">\r\n\t\t\t<div class=\"img-wrap col-md-6\" style=\" border-color: ; \"><img decoding=\"async\" data-src=\"https:\/\/zszalkovice.cz\/wp-content\/uploads\/2016\/06\/II.3.4.-4.jpg\" alt=\"\" src=\"data:image\/svg+xml;base64,PHN2ZyB3aWR0aD0iMSIgaGVpZ2h0PSIxIiB4bWxucz0iaHR0cDovL3d3dy53My5vcmcvMjAwMC9zdmciPjwvc3ZnPg==\" class=\"lazyload\" style=\"--smush-placeholder-width: 602px; --smush-placeholder-aspect-ratio: 602\/400;\"><\/div>\r\n\t\t\t<div class=\"content-wrap col-md-6\">\r\n\t\t\t\t <h5>Z\u00e1kladn\u00ed \u0161kola<\/h5>\r\n\t\t\t\t <div class=\"main-content\">\r\n\t\t\t\t\t <div class=\"class-desc\">\r\n \t\t\t\t\t\t \r\n \t\t\t\t\t\t \r\n\t\t\t\t \t<\/div>\r\n\t\t\t\t \t<p>V\u00fduka na na\u0161i malot\u0159\u00eddn\u00ed \u0161kole prob\u00edh\u00e1 ve dvou t\u0159\u00edd\u00e1ch se spojen\u00fdmi dv\u011bma ro\u010dn\u00edky - I. t\u0159\u00edda: 1. - 2. ro\u010dn\u00edk, II. t\u0159\u00edda: 3. - 4. ro\u010dn\u00edk.<\/p>\r\n\t\t\t\t \t<a class=\"magicmore\" href=\"https:\/\/blanchedalmond-starling-735365.hostingersite.com\/informace-zs\/\" style=\" background: ; \">V\u00edce informac\u00ed<\/a>\r\n\t\t\t\t <\/div>\r\n\t\t\t<\/div>\r\n\t\t<\/div><div class=\"our-clss-type1 clearfix\" style=\" background:#48cfae;\">\r\n\t\t\t<div class=\"img-wrap col-md-6\" style=\" border-color: ; \"><img decoding=\"async\" data-src=\"https:\/\/zszalkovice.cz\/wp-content\/uploads\/2017\/11\/7.jpg\" alt=\"\" src=\"data:image\/svg+xml;base64,PHN2ZyB3aWR0aD0iMSIgaGVpZ2h0PSIxIiB4bWxucz0iaHR0cDovL3d3dy53My5vcmcvMjAwMC9zdmciPjwvc3ZnPg==\" class=\"lazyload\" style=\"--smush-placeholder-width: 800px; --smush-placeholder-aspect-ratio: 800\/600;\"><\/div>\r\n\t\t\t<div class=\"content-wrap col-md-6\">\r\n\t\t\t\t <h5>\u0160koln\u00ed dru\u017eina<\/h5>\r\n\t\t\t\t <div class=\"main-content\">\r\n\t\t\t\t\t <div class=\"class-desc\">\r\n \t\t\t\t\t\t \r\n \t\t\t\t\t\t \r\n\t\t\t\t \t<\/div>\r\n\t\t\t\t \t<p>P\u0159i z\u00e1kladn\u00ed \u0161kole je z\u0159\u00edzena \u0160koln\u00ed dru\u017eina Pavu\u010dinka, kter\u00e1 m\u00e1 jedno odd\u011blen\u00ed.<\/p>\r\n\t\t\t\t \t<a class=\"magicmore\" href=\"https:\/\/blanchedalmond-starling-735365.hostingersite.com\/informace-o-skolni-druzine\/\" style=\" background: ; \">V\u00edce informac\u00ed<\/a>\r\n\t\t\t\t <\/div>\r\n\t\t\t<\/div>\r\n\t\t<\/div><\/div><\/div><\/div><\/div><\/div><\/div><\/div><\/section>","protected":false},"excerpt":{"rendered":"setREVStartSize({c: 'rev_slider_11_2',rl:[1240,1024,778,480],el:[420],gw:[900],gh:[420],type:'carousel',justify:'',layout:'fullwidth',mh:\"0\"});if (window.RS_MODULES!==undefined && window.RS_MODULES.modules!==undefined && window.RS_MODULES.modules[\"revslider112\"]!==undefined) {window.RS_MODULES.modules[\"revslider112\"].once = false;window.revapi11_2 = undefined;if (window.RS_MODULES.checkMinimal!==undefined) window.RS_MODULES.checkMinimal()} CO N\u00c1S \u010cEK\u00c1V NEJBLI\u017d\u0160\u00cdCH DNECH O \u0161kole Z\u0160 a M\u0160 \u017dalkovice je ne\u00faplnou malot\u0159\u00eddn\u00ed \u0161kolou rodinn\u00e9ho typu, kter\u00e1 poskytuje z\u00e1kladn\u00ed vzd\u011bl\u00e1v\u00e1n\u00ed \u017e\u00e1k\u016fm v 1. \u2013 4. ro\u010dn\u00edku. V\u00cdCE INFORMAC\u00cd Mate\u0159sk\u00e1 \u0161kola Sou\u010d\u00e1st\u00ed \u0161koly je mate\u0159sk\u00e1 \u0161kola,kter\u00e1 m\u00e1 jednu t\u0159\u00eddu Slun\u00ed\u010dko. V\u00cdCE INFORMAC\u00cd Z\u00e1kladn\u00ed \u0161kola V\u00fduka na na\u0161i malot\u0159\u00eddn\u00ed \u0161kole prob\u00edh\u00e1 ve dvou t\u0159\u00edd\u00e1ch se spojen\u00fdmi dv\u011bma ro\u010dn\u00edky - I. t\u0159\u00edda: 1. - 2. ro\u010dn\u00edk, II. t\u0159\u00edda: 3. - 4. ro\u010dn\u00edk. V\u00edce informac\u00ed \u0160koln\u00ed dru\u017eina P\u0159i z\u00e1kladn\u00ed \u0161kole je z\u0159\u00edzena \u0160koln\u00ed dru\u017eina Pavu\u010dinka, kter\u00e1 m\u00e1 jedno odd\u011blen\u00ed. V\u00edce informac\u00ed","protected":false},"author":1,"featured_media":0,"parent":0,"menu_order":0,"comment_status":"closed","ping_status":"closed","template":"","meta":{"footnotes":""},"class_list":["post-10528","page","type-page","status-publish","hentry"],"yoast_head":"<!-- This site is optimized with the Yoast SEO plugin v27.4 - https:\/\/yoast.com\/product\/yoast-seo-wordpress\/ -->\n<title>\u00davod | ZS ZALKOVICE<\/title>\n<meta name=\"robots\" content=\"index, follow, max-snippet:-1, max-image-preview:large, max-video-preview:-1\" \/>\n<link rel=\"canonical\" href=\"https:\/\/zszalkovice.cz\/en\/uvoda\/\" \/>\n<meta property=\"og:locale\" content=\"en_US\" \/>\n<meta property=\"og:type\" content=\"article\" \/>\n<meta property=\"og:title\" content=\"\u00davod | ZS ZALKOVICE\" \/>\n<meta property=\"og:url\" content=\"https:\/\/zszalkovice.cz\/en\/uvoda\/\" \/>\n<meta property=\"og:site_name\" content=\"ZS ZALKOVICE\" \/>\n<meta property=\"article:modified_time\" content=\"2025-11-28T15:16:53+00:00\" \/>\n<meta name=\"twitter:card\" content=\"summary_large_image\" \/>\n<meta name=\"twitter:label1\" content=\"Est. reading time\" \/>\n\t<meta name=\"twitter:data1\" content=\"1 minute\" \/>\n<script type=\"application\/ld+json\" class=\"yoast-schema-graph\">{\"@context\":\"https:\\\/\\\/schema.org\",\"@graph\":[{\"@type\":\"WebPage\",\"@id\":\"https:\\\/\\\/zszalkovice.cz\\\/uvoda\\\/\",\"url\":\"https:\\\/\\\/zszalkovice.cz\\\/uvoda\\\/\",\"name\":\"\u00davod | ZS ZALKOVICE\",\"isPartOf\":{\"@id\":\"https:\\\/\\\/zszalkovice.cz\\\/en\\\/#website\"},\"datePublished\":\"2017-11-23T18:49:13+00:00\",\"dateModified\":\"2025-11-28T15:16:53+00:00\",\"breadcrumb\":{\"@id\":\"https:\\\/\\\/zszalkovice.cz\\\/uvoda\\\/#breadcrumb\"},\"inLanguage\":\"en-US\",\"potentialAction\":[{\"@type\":\"ReadAction\",\"target\":[\"https:\\\/\\\/zszalkovice.cz\\\/uvoda\\\/\"]}]},{\"@type\":\"BreadcrumbList\",\"@id\":\"https:\\\/\\\/zszalkovice.cz\\\/uvoda\\\/#breadcrumb\",\"itemListElement\":[{\"@type\":\"ListItem\",\"position\":1,\"name\":\"Home\",\"item\":\"https:\\\/\\\/zszalkovice.cz\\\/\"},{\"@type\":\"ListItem\",\"position\":2,\"name\":\"\u00davod\"}]},{\"@type\":\"WebSite\",\"@id\":\"https:\\\/\\\/zszalkovice.cz\\\/en\\\/#website\",\"url\":\"https:\\\/\\\/zszalkovice.cz\\\/en\\\/\",\"name\":\"ZS ZALKOVICE\",\"description\":\"ZS ZALKOVICE\",\"publisher\":{\"@id\":\"https:\\\/\\\/zszalkovice.cz\\\/en\\\/#organization\"},\"potentialAction\":[{\"@type\":\"SearchAction\",\"target\":{\"@type\":\"EntryPoint\",\"urlTemplate\":\"https:\\\/\\\/zszalkovice.cz\\\/en\\\/?s={search_term_string}\"},\"query-input\":{\"@type\":\"PropertyValueSpecification\",\"valueRequired\":true,\"valueName\":\"search_term_string\"}}],\"inLanguage\":\"en-US\"},{\"@type\":\"Organization\",\"@id\":\"https:\\\/\\\/zszalkovice.cz\\\/en\\\/#organization\",\"name\":\"Z\u0160 a M\u0160 \u017dalkovice\",\"url\":\"https:\\\/\\\/zszalkovice.cz\\\/en\\\/\",\"logo\":{\"@type\":\"ImageObject\",\"inLanguage\":\"en-US\",\"@id\":\"https:\\\/\\\/zszalkovice.cz\\\/en\\\/#\\\/schema\\\/logo\\\/image\\\/\",\"url\":\"https:\\\/\\\/blanchedalmond-starling-735365.hostingersite.com\\\/wp-content\\\/uploads\\\/2020\\\/04\\\/logo-2-e1590092978599.png\",\"contentUrl\":\"https:\\\/\\\/blanchedalmond-starling-735365.hostingersite.com\\\/wp-content\\\/uploads\\\/2020\\\/04\\\/logo-2-e1590092978599.png\",\"width\":839,\"height\":200,\"caption\":\"Z\u0160 a M\u0160 \u017dalkovice\"},\"image\":{\"@id\":\"https:\\\/\\\/zszalkovice.cz\\\/en\\\/#\\\/schema\\\/logo\\\/image\\\/\"}}]}<\/script>\n<!-- \/ Yoast SEO plugin. -->","yoast_head_json":{"title":"\u00davod | ZS ZALKOVICE","robots":{"index":"index","follow":"follow","max-snippet":"max-snippet:-1","max-image-preview":"max-image-preview:large","max-video-preview":"max-video-preview:-1"},"canonical":"https:\/\/zszalkovice.cz\/en\/uvoda\/","og_locale":"en_US","og_type":"article","og_title":"\u00davod | ZS ZALKOVICE","og_url":"https:\/\/zszalkovice.cz\/en\/uvoda\/","og_site_name":"ZS ZALKOVICE","article_modified_time":"2025-11-28T15:16:53+00:00","twitter_card":"summary_large_image","twitter_misc":{"Est. reading time":"1 minute"},"schema":{"@context":"https:\/\/schema.org","@graph":[{"@type":"WebPage","@id":"https:\/\/zszalkovice.cz\/uvoda\/","url":"https:\/\/zszalkovice.cz\/uvoda\/","name":"\u00davod | ZS ZALKOVICE","isPartOf":{"@id":"https:\/\/zszalkovice.cz\/en\/#website"},"datePublished":"2017-11-23T18:49:13+00:00","dateModified":"2025-11-28T15:16:53+00:00","breadcrumb":{"@id":"https:\/\/zszalkovice.cz\/uvoda\/#breadcrumb"},"inLanguage":"en-US","potentialAction":[{"@type":"ReadAction","target":["https:\/\/zszalkovice.cz\/uvoda\/"]}]},{"@type":"BreadcrumbList","@id":"https:\/\/zszalkovice.cz\/uvoda\/#breadcrumb","itemListElement":[{"@type":"ListItem","position":1,"name":"Home","item":"https:\/\/zszalkovice.cz\/"},{"@type":"ListItem","position":2,"name":"\u00davod"}]},{"@type":"WebSite","@id":"https:\/\/zszalkovice.cz\/en\/#website","url":"https:\/\/zszalkovice.cz\/en\/","name":"ZS ZALKOVICE","description":"ZS ZALKOVICE","publisher":{"@id":"https:\/\/zszalkovice.cz\/en\/#organization"},"potentialAction":[{"@type":"SearchAction","target":{"@type":"EntryPoint","urlTemplate":"https:\/\/zszalkovice.cz\/en\/?s={search_term_string}"},"query-input":{"@type":"PropertyValueSpecification","valueRequired":true,"valueName":"search_term_string"}}],"inLanguage":"en-US"},{"@type":"Organization","@id":"https:\/\/zszalkovice.cz\/en\/#organization","name":"Z\u0160 a M\u0160 \u017dalkovice","url":"https:\/\/zszalkovice.cz\/en\/","logo":{"@type":"ImageObject","inLanguage":"en-US","@id":"https:\/\/zszalkovice.cz\/en\/#\/schema\/logo\/image\/","url":"https:\/\/blanchedalmond-starling-735365.hostingersite.com\/wp-content\/uploads\/2020\/04\/logo-2-e1590092978599.png","contentUrl":"https:\/\/blanchedalmond-starling-735365.hostingersite.com\/wp-content\/uploads\/2020\/04\/logo-2-e1590092978599.png","width":839,"height":200,"caption":"Z\u0160 a M\u0160 \u017dalkovice"},"image":{"@id":"https:\/\/zszalkovice.cz\/en\/#\/schema\/logo\/image\/"}}]}},"_links":{"self":[{"href":"https:\/\/zszalkovice.cz\/en\/wp-json\/wp\/v2\/pages\/10528","targetHints":{"allow":["GET"]}}],"collection":[{"href":"https:\/\/zszalkovice.cz\/en\/wp-json\/wp\/v2\/pages"}],"about":[{"href":"https:\/\/zszalkovice.cz\/en\/wp-json\/wp\/v2\/types\/page"}],"author":[{"embeddable":true,"href":"https:\/\/zszalkovice.cz\/en\/wp-json\/wp\/v2\/users\/1"}],"replies":[{"embeddable":true,"href":"https:\/\/zszalkovice.cz\/en\/wp-json\/wp\/v2\/comments?post=10528"}],"version-history":[{"count":117,"href":"https:\/\/zszalkovice.cz\/en\/wp-json\/wp\/v2\/pages\/10528\/revisions"}],"predecessor-version":[{"id":21628,"href":"https:\/\/zszalkovice.cz\/en\/wp-json\/wp\/v2\/pages\/10528\/revisions\/21628"}],"wp:attachment":[{"href":"https:\/\/zszalkovice.cz\/en\/wp-json\/wp\/v2\/media?parent=10528"}],"curies":[{"name":"wp","href":"https:\/\/api.w.org\/{rel}","templated":true}]}}