{"id":12302,"date":"2018-01-29T11:36:08","date_gmt":"2018-01-29T11:36:08","guid":{"rendered":"https:\/\/zszalkovice.cz\/?page_id=12302"},"modified":"2021-09-23T21:24:58","modified_gmt":"2021-09-23T19:24:58","slug":"krouzky","status":"publish","type":"page","link":"https:\/\/zszalkovice.cz\/en\/krouzky\/","title":{"rendered":"Krou\u017eky ve \u0161koln\u00edm roce 2021\/2022"},"content":{"rendered":"<\/div><\/section><section class=\"blox      wpb_animate_when_almost_visible wpb_right-to-left right-to-left\" style=\" padding-top:px; padding-bottom:px; background-size: cover; min-height:px;  background-color:#ffffff;\"><div class=\"max-overlay\" style=\"background-color:\"><\/div><div class=\"wpb_row vc_row-fluid full-row\"><div class=\"container\"><div class=\"wpb_column vc_column_container vc_col-sm-12\"><div class=\"vc_column-inner\"><div class=\"wpb_wrapper\">\n\t<div class=\"wpb_text_column wpb_content_element\" >\n\t\t<div class=\"wpb_wrapper\">\n\t\t\t<table class=\"alignleft\">\n<tbody>\n<tr>\n<td width=\"123\"><strong>N\u00e1zev krou\u017eku<\/strong><\/td>\n<td width=\"123\"><strong>Den<\/strong><\/td>\n<td width=\"123\"><strong>\u010cas<\/strong><\/td>\n<td width=\"123\"><strong>M\u00edstnost<\/strong><\/td>\n<td width=\"123\"><strong>Vedouc\u00ed<\/strong><\/td>\n<\/tr>\n<tr>\n<td width=\"123\">Dovedn\u00e9 ru\u010dky<\/td>\n<td width=\"123\">\u00fater\u00fd<\/td>\n<td width=\"123\">12.45 &#8211; 13.30<\/td>\n<td width=\"123\">I. t\u0159.<\/td>\n<td width=\"123\">Mgr. J. Anto\u0161o\u0161ov\u00e1<\/td>\n<\/tr>\n<tr>\n<td width=\"123\">Hrav\u00e1 angli\u010dtina<\/td>\n<td width=\"123\">st\u0159eda<\/td>\n<td width=\"123\">12.45 \u2013 13.30<\/td>\n<td width=\"123\">II. t\u0159.<\/td>\n<td width=\"123\">Mgr. D. Tesa\u0159\u00edkov\u00e1<\/td>\n<\/tr>\n<tr>\n<td width=\"123\">Sportmix<\/td>\n<td width=\"123\">2. a 4. pond\u011bl\u00ed<\/td>\n<td width=\"123\">14.00 \u2013 15.00<\/td>\n<td width=\"123\">Sokolovna<\/td>\n<td width=\"123\">Bc. T. Richterov\u00e1<\/td>\n<\/tr>\n<tr>\n<td width=\"123\">N\u00e1bo\u017eenstv\u00ed<\/td>\n<td width=\"123\">\u010dtvrtek<\/td>\n<td width=\"123\">13.15 \u2013 14.00<\/td>\n<td width=\"123\">I. t\u0159.<\/td>\n<td width=\"123\">\u00a0p\u00ed. M. Lis<\/td>\n<\/tr>\n<tr>\n<td width=\"123\"><\/td>\n<td width=\"123\"><\/td>\n<td width=\"123\">Krou\u017eky p\u0159i \u0160D<\/td>\n<td width=\"123\"><\/td>\n<td width=\"123\"><\/td>\n<\/tr>\n<tr>\n<td width=\"123\">Sportovn\u00ed krou\u017eek<\/td>\n<td width=\"123\">\u010dtvrtek<\/td>\n<td width=\"123\">14.05 \u2013 15.00<\/td>\n<td width=\"123\">Sokolovna<\/td>\n<td width=\"123\">p\u00ed.vych. L.Kr\u010dmov\u00e1<\/td>\n<\/tr>\n<tr>\n<td width=\"123\">Po\u010d\u00edta\u010dov\u00fd krou\u017eek<\/td>\n<td width=\"123\">p\u00e1tek<\/td>\n<td width=\"123\">14.00 \u2013 15.00<\/td>\n<td width=\"123\">II. t\u0159\u00edda<\/td>\n<td width=\"123\">p\u00ed.vych. L.Kr\u010dmov\u00e1<\/td>\n<\/tr>\n<\/tbody>\n<\/table>\n\n\t\t<\/div>\n\t<\/div>\n<div class=\"vc_empty_space\"   style=\"height: 32px\" ><span class=\"vc_empty_space_inner\"><\/span><\/div>\n<\/div><\/div><\/div><\/div><\/div><\/section><section class=\"container\"><div class=\"row-wrapper-x\">","protected":false},"excerpt":{"rendered":"N\u00e1zev krou\u017eku Den \u010cas M\u00edstnost Vedouc\u00ed Dovedn\u00e9 ru\u010dky \u00fater\u00fd 12.45 - 13.30 I. t\u0159. Mgr. J. Anto\u0161o\u0161ov\u00e1 Hrav\u00e1 angli\u010dtina st\u0159eda 12.45 \u2013 13.30 II. t\u0159. Mgr. D. Tesa\u0159\u00edkov\u00e1 Sportmix 2. a 4. pond\u011bl\u00ed 14.00 \u2013 15.00 Sokolovna Bc. T. Richterov\u00e1 N\u00e1bo\u017eenstv\u00ed \u010dtvrtek 13.15 \u2013 14.00 I. t\u0159. \u00a0p\u00ed. M. Lis Krou\u017eky p\u0159i \u0160D Sportovn\u00ed krou\u017eek \u010dtvrtek 14.05 \u2013 15.00 Sokolovna p\u00ed.vych. L.Kr\u010dmov\u00e1 Po\u010d\u00edta\u010dov\u00fd krou\u017eek p\u00e1tek 14.00 \u2013 15.00 II. t\u0159\u00edda p\u00ed.vych. L.Kr\u010dmov\u00e1","protected":false},"author":1,"featured_media":0,"parent":0,"menu_order":0,"comment_status":"closed","ping_status":"closed","template":"","meta":{"footnotes":""},"class_list":["post-12302","page","type-page","status-publish","hentry"],"yoast_head":"<!-- This site is optimized with the Yoast SEO plugin v25.5 - https:\/\/yoast.com\/wordpress\/plugins\/seo\/ -->\n<title>Krou\u017eky ve \u0161koln\u00edm roce 2021\/2022 | ZS ZALKOVICE<\/title>\n<meta name=\"robots\" content=\"index, follow, max-snippet:-1, max-image-preview:large, max-video-preview:-1\" \/>\n<link rel=\"canonical\" href=\"https:\/\/zszalkovice.cz\/en\/krouzky\/\" \/>\n<meta property=\"og:locale\" content=\"en_US\" \/>\n<meta property=\"og:type\" content=\"article\" \/>\n<meta property=\"og:title\" content=\"Krou\u017eky ve \u0161koln\u00edm roce 2021\/2022 | ZS ZALKOVICE\" \/>\n<meta property=\"og:url\" content=\"https:\/\/zszalkovice.cz\/en\/krouzky\/\" \/>\n<meta property=\"og:site_name\" content=\"ZS ZALKOVICE\" \/>\n<meta property=\"article:modified_time\" content=\"2021-09-23T19:24:58+00:00\" \/>\n<meta name=\"twitter:card\" content=\"summary_large_image\" \/>\n<meta name=\"twitter:label1\" content=\"Est. reading time\" \/>\n\t<meta name=\"twitter:data1\" content=\"1 minute\" \/>\n<script type=\"application\/ld+json\" class=\"yoast-schema-graph\">{\"@context\":\"https:\/\/schema.org\",\"@graph\":[{\"@type\":\"WebPage\",\"@id\":\"https:\/\/zszalkovice.cz\/en\/krouzky\/\",\"url\":\"https:\/\/zszalkovice.cz\/en\/krouzky\/\",\"name\":\"Krou\u017eky ve \u0161koln\u00edm roce 2021\/2022 | ZS ZALKOVICE\",\"isPartOf\":{\"@id\":\"https:\/\/zszalkovice.cz\/en\/#website\"},\"datePublished\":\"2018-01-29T11:36:08+00:00\",\"dateModified\":\"2021-09-23T19:24:58+00:00\",\"breadcrumb\":{\"@id\":\"https:\/\/zszalkovice.cz\/en\/krouzky\/#breadcrumb\"},\"inLanguage\":\"en-US\",\"potentialAction\":[{\"@type\":\"ReadAction\",\"target\":[\"https:\/\/zszalkovice.cz\/en\/krouzky\/\"]}]},{\"@type\":\"BreadcrumbList\",\"@id\":\"https:\/\/zszalkovice.cz\/en\/krouzky\/#breadcrumb\",\"itemListElement\":[{\"@type\":\"ListItem\",\"position\":1,\"name\":\"Home\",\"item\":\"https:\/\/zszalkovice.cz\/\"},{\"@type\":\"ListItem\",\"position\":2,\"name\":\"Krou\u017eky ve \u0161koln\u00edm roce 2021\/2022\"}]},{\"@type\":\"WebSite\",\"@id\":\"https:\/\/zszalkovice.cz\/en\/#website\",\"url\":\"https:\/\/zszalkovice.cz\/en\/\",\"name\":\"ZS ZALKOVICE\",\"description\":\"ZS ZALKOVICE\",\"publisher\":{\"@id\":\"https:\/\/zszalkovice.cz\/en\/#organization\"},\"potentialAction\":[{\"@type\":\"SearchAction\",\"target\":{\"@type\":\"EntryPoint\",\"urlTemplate\":\"https:\/\/zszalkovice.cz\/en\/?s={search_term_string}\"},\"query-input\":{\"@type\":\"PropertyValueSpecification\",\"valueRequired\":true,\"valueName\":\"search_term_string\"}}],\"inLanguage\":\"en-US\"},{\"@type\":\"Organization\",\"@id\":\"https:\/\/zszalkovice.cz\/en\/#organization\",\"name\":\"Z\u0160 a M\u0160 \u017dalkovice\",\"url\":\"https:\/\/zszalkovice.cz\/en\/\",\"logo\":{\"@type\":\"ImageObject\",\"inLanguage\":\"en-US\",\"@id\":\"https:\/\/zszalkovice.cz\/en\/#\/schema\/logo\/image\/\",\"url\":\"https:\/\/blanchedalmond-starling-735365.hostingersite.com\/wp-content\/uploads\/2020\/04\/logo-2-e1590092978599.png\",\"contentUrl\":\"https:\/\/blanchedalmond-starling-735365.hostingersite.com\/wp-content\/uploads\/2020\/04\/logo-2-e1590092978599.png\",\"width\":839,\"height\":200,\"caption\":\"Z\u0160 a M\u0160 \u017dalkovice\"},\"image\":{\"@id\":\"https:\/\/zszalkovice.cz\/en\/#\/schema\/logo\/image\/\"}}]}<\/script>\n<!-- \/ Yoast SEO plugin. -->","yoast_head_json":{"title":"Krou\u017eky ve \u0161koln\u00edm roce 2021\/2022 | ZS ZALKOVICE","robots":{"index":"index","follow":"follow","max-snippet":"max-snippet:-1","max-image-preview":"max-image-preview:large","max-video-preview":"max-video-preview:-1"},"canonical":"https:\/\/zszalkovice.cz\/en\/krouzky\/","og_locale":"en_US","og_type":"article","og_title":"Krou\u017eky ve \u0161koln\u00edm roce 2021\/2022 | ZS ZALKOVICE","og_url":"https:\/\/zszalkovice.cz\/en\/krouzky\/","og_site_name":"ZS ZALKOVICE","article_modified_time":"2021-09-23T19:24:58+00:00","twitter_card":"summary_large_image","twitter_misc":{"Est. reading time":"1 minute"},"schema":{"@context":"https:\/\/schema.org","@graph":[{"@type":"WebPage","@id":"https:\/\/zszalkovice.cz\/en\/krouzky\/","url":"https:\/\/zszalkovice.cz\/en\/krouzky\/","name":"Krou\u017eky ve \u0161koln\u00edm roce 2021\/2022 | ZS ZALKOVICE","isPartOf":{"@id":"https:\/\/zszalkovice.cz\/en\/#website"},"datePublished":"2018-01-29T11:36:08+00:00","dateModified":"2021-09-23T19:24:58+00:00","breadcrumb":{"@id":"https:\/\/zszalkovice.cz\/en\/krouzky\/#breadcrumb"},"inLanguage":"en-US","potentialAction":[{"@type":"ReadAction","target":["https:\/\/zszalkovice.cz\/en\/krouzky\/"]}]},{"@type":"BreadcrumbList","@id":"https:\/\/zszalkovice.cz\/en\/krouzky\/#breadcrumb","itemListElement":[{"@type":"ListItem","position":1,"name":"Home","item":"https:\/\/zszalkovice.cz\/"},{"@type":"ListItem","position":2,"name":"Krou\u017eky ve \u0161koln\u00edm roce 2021\/2022"}]},{"@type":"WebSite","@id":"https:\/\/zszalkovice.cz\/en\/#website","url":"https:\/\/zszalkovice.cz\/en\/","name":"ZS ZALKOVICE","description":"ZS ZALKOVICE","publisher":{"@id":"https:\/\/zszalkovice.cz\/en\/#organization"},"potentialAction":[{"@type":"SearchAction","target":{"@type":"EntryPoint","urlTemplate":"https:\/\/zszalkovice.cz\/en\/?s={search_term_string}"},"query-input":{"@type":"PropertyValueSpecification","valueRequired":true,"valueName":"search_term_string"}}],"inLanguage":"en-US"},{"@type":"Organization","@id":"https:\/\/zszalkovice.cz\/en\/#organization","name":"Z\u0160 a M\u0160 \u017dalkovice","url":"https:\/\/zszalkovice.cz\/en\/","logo":{"@type":"ImageObject","inLanguage":"en-US","@id":"https:\/\/zszalkovice.cz\/en\/#\/schema\/logo\/image\/","url":"https:\/\/blanchedalmond-starling-735365.hostingersite.com\/wp-content\/uploads\/2020\/04\/logo-2-e1590092978599.png","contentUrl":"https:\/\/blanchedalmond-starling-735365.hostingersite.com\/wp-content\/uploads\/2020\/04\/logo-2-e1590092978599.png","width":839,"height":200,"caption":"Z\u0160 a M\u0160 \u017dalkovice"},"image":{"@id":"https:\/\/zszalkovice.cz\/en\/#\/schema\/logo\/image\/"}}]}},"_links":{"self":[{"href":"https:\/\/zszalkovice.cz\/en\/wp-json\/wp\/v2\/pages\/12302","targetHints":{"allow":["GET"]}}],"collection":[{"href":"https:\/\/zszalkovice.cz\/en\/wp-json\/wp\/v2\/pages"}],"about":[{"href":"https:\/\/zszalkovice.cz\/en\/wp-json\/wp\/v2\/types\/page"}],"author":[{"embeddable":true,"href":"https:\/\/zszalkovice.cz\/en\/wp-json\/wp\/v2\/users\/1"}],"replies":[{"embeddable":true,"href":"https:\/\/zszalkovice.cz\/en\/wp-json\/wp\/v2\/comments?post=12302"}],"version-history":[{"count":16,"href":"https:\/\/zszalkovice.cz\/en\/wp-json\/wp\/v2\/pages\/12302\/revisions"}],"predecessor-version":[{"id":20741,"href":"https:\/\/zszalkovice.cz\/en\/wp-json\/wp\/v2\/pages\/12302\/revisions\/20741"}],"wp:attachment":[{"href":"https:\/\/zszalkovice.cz\/en\/wp-json\/wp\/v2\/media?parent=12302"}],"curies":[{"name":"wp","href":"https:\/\/api.w.org\/{rel}","templated":true}]}}