{"id":13464,"date":"2021-04-29T07:59:54","date_gmt":"2021-04-29T05:59:54","guid":{"rendered":"https:\/\/zszalkovice.cz\/?page_id=13464"},"modified":"2026-02-18T11:57:26","modified_gmt":"2026-02-18T09:57:26","slug":"dokumenty-a-formulare-zs","status":"publish","type":"page","link":"https:\/\/zszalkovice.cz\/en\/dokumenty-a-formulare-zs\/","title":{"rendered":"Dokumenty a formul\u00e1\u0159e Z\u0160"},"content":{"rendered":"<section class=\"wpb_row   wpb_animate_when_almost_visible wpb_right-to-left right-to-left\"><div class=\"wpb_column vc_column_container vc_col-sm-6\"><div class=\"vc_column-inner\"><div class=\"wpb_wrapper\"><div class=\"w-divider11\"><h3 class=\"colorf\" style=\"color:\"><span class=\"spl\">V\u00ddRO\u010cN\u00cd ZPR\u00c1VY<\/span><span class=\"spr\">\u0161koly<\/span><\/h3><\/div>\n\t<div class=\"wpb_text_column wpb_content_element\" >\n\t\t<div class=\"wpb_wrapper\">\n\t\t\t<ul>\n<li><a href=\"https:\/\/blanchedalmond-starling-735365.hostingersite.com\/wp-content\/uploads\/2025\/04\/VYROCNI-ZPRAVA-2023-24-ZS-a-MS-Zalkovice.pdf\">V\u00fdro\u010dn\u00ed zpr\u00e1va za \u0161koln\u00ed rok 2023\/2024<\/a><\/li>\n<li><a href=\"https:\/\/blanchedalmond-starling-735365.hostingersite.com\/wp-content\/uploads\/2024\/04\/Vyrocni-zprava-2022-2023.pdf\">V\u00fdro\u010dn\u00ed zpr\u00e1va za \u0161koln\u00ed rok 2022\/2023<\/a><\/li>\n<li><a href=\"https:\/\/blanchedalmond-starling-735365.hostingersite.com\/wp-content\/uploads\/2020\/11\/V\u00ddRO\u010cN\u00cd-ZPR\u00c1VA-2019-2020-.pdf\">V\u00fdro\u010dn\u00ed zpr\u00e1va za \u0161koln\u00ed rok 2019\/2020<\/a><\/li>\n<li><a href=\"https:\/\/blanchedalmond-starling-735365.hostingersite.com\/wp-content\/uploads\/2018\/11\/V\u00ddRO\u010cN\u00cd-ZPR\u00c1VA-2017-2018.pdf\">V\u00fdro\u010dn\u00ed zpr\u00e1va za \u0161koln\u00ed rok 2017\/2018<\/a><\/li>\n<li><a href=\"https:\/\/blanchedalmond-starling-735365.hostingersite.com\/wp-content\/uploads\/2018\/01\/V\u00ddRO\u010cN\u00cd-ZPR\u00c1VA-2016-2017.pdf\">V\u00fdro\u010dn\u00ed zpr\u00e1va za \u0161koln\u00ed rok 2016\/2017<\/a><\/li>\n<li><a href=\"https:\/\/blanchedalmond-starling-735365.hostingersite.com\/wp-content\/uploads\/2017\/11\/vyrocni_zprava_15_16.pdf\">V\u00fdro\u010dn\u00ed zpr\u00e1va za \u0161koln\u00ed rok 2015\/2016<\/a><\/li>\n<\/ul>\n\n\t\t<\/div>\n\t<\/div>\n<hr class=\"vertical-space1\"><div class=\"w-divider11\"><h3 class=\"colorf\" style=\"color:\"><span class=\"spl\">INSPE\u010cK\u010cN\u00cd <\/span><span class=\"spr\">zpr\u00e1vy<\/span><\/h3><\/div>\n\t<div class=\"wpb_text_column wpb_content_element\" >\n\t\t<div class=\"wpb_wrapper\">\n\t\t\t<ul>\n<li><a href=\"https:\/\/blanchedalmond-starling-735365.hostingersite.com\/wp-content\/uploads\/2019\/01\/inspek\u010dn\u00ed-zpr\u00e1va-2018.pdf\">Inspek\u010dn\u00ed zpr\u00e1va 2018<\/a><\/li>\n<\/ul>\n\n\t\t<\/div>\n\t<\/div>\n<div class=\"w-divider11\"><h3 class=\"colorf\" style=\"color:\"><span class=\"spl\">\u0160KOLN\u00cd<\/span><span class=\"spr\">\u0159\u00e1d <\/span><\/h3><\/div>\n\t<div class=\"wpb_text_column wpb_content_element\" >\n\t\t<div class=\"wpb_wrapper\">\n\t\t\t<ul>\n<li><a href=\"https:\/\/blanchedalmond-starling-735365.hostingersite.com\/wp-content\/uploads\/2018\/11\/\u0160koln\u00ed-\u0159\u00e1d-Z\u0160.pdf\">\u0160koln\u00ed \u0159\u00e1d Z\u0160<\/a><\/li>\n<\/ul>\n\n\t\t<\/div>\n\t<\/div>\n<div class=\"w-divider11\"><h3 class=\"colorf\" style=\"color:\"><span class=\"spl\">ROZPO\u010cTY<\/span><span class=\"spr\">\u0161koly<\/span><\/h3><\/div><hr class=\"vertical-space1\">\n\t<div class=\"wpb_text_column wpb_content_element\" >\n\t\t<div class=\"wpb_wrapper\">\n\t\t\t<ul>\n<li><a href=\"https:\/\/zszalkovice.cz\/wp-content\/uploads\/2025\/11\/web-rozpocet-2026-strednedoby-vyhled.pdf\">Schv\u00e1len\u00fd rozpo\u010det na rok 2026 a st\u0159edn\u011bdob\u00fd v\u00fdhled na rok 2027, 2028<\/a><\/li>\n<li><a href=\"https:\/\/blanchedalmond-starling-735365.hostingersite.com\/wp-content\/uploads\/2025\/02\/Schvaleny-rozpocet-na-rok-2025-a-strednedoby-vyhled-na-rok-20262027.pdf\" target=\"_blank\" rel=\"noopener\">Schv\u00e1len\u00fd rozpo\u010det na rok 2025 a st\u0159edn\u011bdob\u00fd v\u00fdhled na rok 2026, 2027<\/a><\/li>\n<\/ul>\n\n\t\t<\/div>\n\t<\/div>\n<\/div><\/div><\/div><div class=\"wpb_column vc_column_container vc_col-sm-6\"><div class=\"vc_column-inner\"><div class=\"wpb_wrapper\">\n\t<div  class=\"wpb_single_image wpb_content_element vc_align_left\">\n\t\t\n\t\t<figure class=\"wpb_wrapper vc_figure\">\n\t\t\t<div class=\"vc_single_image-wrapper   vc_box_border_grey\"><img fetchpriority=\"high\" decoding=\"async\" width=\"1024\" height=\"681\" src=\"https:\/\/zszalkovice.cz\/wp-content\/uploads\/2018\/03\/DSC_0973.jpg\" class=\"vc_single_image-img attachment-full\" alt=\"\" srcset=\"https:\/\/zszalkovice.cz\/wp-content\/uploads\/2018\/03\/DSC_0973.jpg 1024w, https:\/\/zszalkovice.cz\/wp-content\/uploads\/2018\/03\/DSC_0973-300x200.jpg 300w, https:\/\/zszalkovice.cz\/wp-content\/uploads\/2018\/03\/DSC_0973-768x511.jpg 768w, https:\/\/zszalkovice.cz\/wp-content\/uploads\/2018\/03\/DSC_0973-420x280.jpg 420w, https:\/\/zszalkovice.cz\/wp-content\/uploads\/2018\/03\/DSC_0973-690x460.jpg 690w, https:\/\/zszalkovice.cz\/wp-content\/uploads\/2018\/03\/DSC_0973-272x182.jpg 272w\" sizes=\"(max-width: 1024px) 100vw, 1024px\" \/><\/div>\n\t\t<\/figure>\n\t<\/div>\n<hr class=\"vertical-space2\"><div class=\"w-divider11\"><h3 class=\"colorf\" style=\"color:\"><span class=\"spl\">DOKUMENTY <\/span><span class=\"spr\">na \u00fa\u0159edn\u00ed desce<\/span><\/h3><\/div>\n\t<div class=\"wpb_text_column wpb_content_element\" >\n\t\t<div class=\"wpb_wrapper\">\n\t\t\t<ul>\n<li><a href=\"https:\/\/zszalkovice.cz\/wp-content\/uploads\/2026\/02\/2026_02_18-Rozhodnuti-o-prijeti-k-ZV.pdf\">Rozhodnut\u00ed o p\u0159ijet\u00ed 2026<\/a><\/li>\n<li><a href=\"https:\/\/blanchedalmond-starling-735365.hostingersite.com\/wp-content\/uploads\/2025\/04\/Rozhodnuti-o-prijeti-do-1.-rocniku.pdf\" target=\"_blank\" rel=\"noopener\">Rozhodnut\u00ed o p\u0159ijet\u00ed 2025<\/a><\/li>\n<li><a href=\"https:\/\/blanchedalmond-starling-735365.hostingersite.com\/wp-content\/uploads\/2024\/04\/Rozhodnuti24-1.pdf\" target=\"_blank\" rel=\"noopener\">Rozhodnut\u00ed o p\u0159ijet\u00ed 2024<\/a><\/li>\n<li><a href=\"https:\/\/blanchedalmond-starling-735365.hostingersite.com\/wp-content\/uploads\/2022\/04\/Rozhodnut\u00ed-o-p\u0159ijet\u00ed.pdf\">Rozhodnut\u00ed o p\u0159ijet\u00ed 2022<\/a><\/li>\n<li><a href=\"https:\/\/blanchedalmond-starling-735365.hostingersite.com\/wp-content\/uploads\/2021\/04\/Rozhodnut\u00ed-o-p\u0159ijet\u00ed.pdf\">Rozhodnut\u00ed o p\u0159ijet\u00ed 2021<\/a><\/li>\n<li><a href=\"https:\/\/blanchedalmond-starling-735365.hostingersite.com\/wp-content\/uploads\/2020\/05\/OZN\u00c1MEN\u00cd-o-p\u0159ijet\u00ed-page0001-1.pdf\">Ozn\u00e1men\u00ed o p\u0159ijet\u00ed 2020<\/a><\/li>\n<li><a href=\"https:\/\/blanchedalmond-starling-735365.hostingersite.com\/wp-content\/uploads\/2019\/04\/OZN\u00c1MEN\u00cd-o-p\u0159ijet\u00ed-do-Z\u0160-2019docx.docx\">Ozn\u00e1men\u00ed o p\u0159ijet\u00ed 2019<\/a><\/li>\n<li><a href=\"https:\/\/blanchedalmond-starling-735365.hostingersite.com\/wp-content\/uploads\/2018\/04\/OZN\u00c1MEN\u00cd-o-p\u0159ijet\u00ed-2018.docx\">Ozn\u00e1men\u00ed o p\u0159ijet\u00ed 2018<\/a><\/li>\n<\/ul>\n\n\t\t<\/div>\n\t<\/div>\n<\/div><\/div><\/div><\/section>","protected":false},"excerpt":{"rendered":"V\u00ddRO\u010cN\u00cd ZPR\u00c1VY\u0161koly V\u00fdro\u010dn\u00ed zpr\u00e1va za \u0161koln\u00ed rok 2023\/2024 V\u00fdro\u010dn\u00ed zpr\u00e1va za \u0161koln\u00ed rok 2022\/2023 V\u00fdro\u010dn\u00ed zpr\u00e1va za \u0161koln\u00ed rok 2019\/2020 V\u00fdro\u010dn\u00ed zpr\u00e1va za \u0161koln\u00ed rok 2017\/2018 V\u00fdro\u010dn\u00ed zpr\u00e1va za \u0161koln\u00ed rok 2016\/2017 V\u00fdro\u010dn\u00ed zpr\u00e1va za \u0161koln\u00ed rok 2015\/2016 INSPE\u010cK\u010cN\u00cd zpr\u00e1vy Inspek\u010dn\u00ed zpr\u00e1va 2018 \u0160KOLN\u00cd\u0159\u00e1d \u0160koln\u00ed \u0159\u00e1d Z\u0160 ROZPO\u010cTY\u0161koly Schv\u00e1len\u00fd rozpo\u010det na rok 2026 a st\u0159edn\u011bdob\u00fd v\u00fdhled na rok 2027, 2028 Schv\u00e1len\u00fd rozpo\u010det na rok 2025 a st\u0159edn\u011bdob\u00fd v\u00fdhled na rok 2026, 2027 DOKUMENTY na \u00fa\u0159edn\u00ed desce Rozhodnut\u00ed o p\u0159ijet\u00ed 2026 Rozhodnut\u00ed o p\u0159ijet\u00ed 2025 Rozhodnut\u00ed o p\u0159ijet\u00ed 2024 Rozhodnut\u00ed o p\u0159ijet\u00ed 2022 Rozhodnut\u00ed o p\u0159ijet\u00ed 2021 Ozn\u00e1men\u00ed o p\u0159ijet\u00ed 2020 Ozn\u00e1men\u00ed o p\u0159ijet\u00ed 2019 Ozn\u00e1men\u00ed o p\u0159ijet\u00ed 2018","protected":false},"author":1,"featured_media":0,"parent":0,"menu_order":0,"comment_status":"closed","ping_status":"closed","template":"","meta":{"footnotes":""},"class_list":["post-13464","page","type-page","status-publish","hentry"],"yoast_head":"<!-- This site is optimized with the Yoast SEO plugin v25.5 - https:\/\/yoast.com\/wordpress\/plugins\/seo\/ -->\n<title>Dokumenty a formul\u00e1\u0159e Z\u0160 | ZS ZALKOVICE<\/title>\n<meta name=\"robots\" content=\"index, follow, max-snippet:-1, max-image-preview:large, max-video-preview:-1\" \/>\n<link rel=\"canonical\" href=\"https:\/\/zszalkovice.cz\/en\/dokumenty-a-formulare-zs\/\" \/>\n<meta property=\"og:locale\" content=\"en_US\" \/>\n<meta property=\"og:type\" content=\"article\" \/>\n<meta property=\"og:title\" content=\"Dokumenty a formul\u00e1\u0159e Z\u0160 | ZS ZALKOVICE\" \/>\n<meta property=\"og:url\" content=\"https:\/\/zszalkovice.cz\/en\/dokumenty-a-formulare-zs\/\" \/>\n<meta property=\"og:site_name\" content=\"ZS ZALKOVICE\" \/>\n<meta property=\"article:modified_time\" content=\"2026-02-18T09:57:26+00:00\" \/>\n<meta name=\"twitter:card\" content=\"summary_large_image\" \/>\n<meta name=\"twitter:label1\" content=\"Est. reading time\" \/>\n\t<meta name=\"twitter:data1\" content=\"1 minute\" \/>\n<script type=\"application\/ld+json\" class=\"yoast-schema-graph\">{\"@context\":\"https:\/\/schema.org\",\"@graph\":[{\"@type\":\"WebPage\",\"@id\":\"https:\/\/zszalkovice.cz\/dokumenty-a-formulare-zs\/\",\"url\":\"https:\/\/zszalkovice.cz\/dokumenty-a-formulare-zs\/\",\"name\":\"Dokumenty a formul\u00e1\u0159e Z\u0160 | ZS ZALKOVICE\",\"isPartOf\":{\"@id\":\"https:\/\/zszalkovice.cz\/en\/#website\"},\"datePublished\":\"2021-04-29T05:59:54+00:00\",\"dateModified\":\"2026-02-18T09:57:26+00:00\",\"breadcrumb\":{\"@id\":\"https:\/\/zszalkovice.cz\/dokumenty-a-formulare-zs\/#breadcrumb\"},\"inLanguage\":\"en-US\",\"potentialAction\":[{\"@type\":\"ReadAction\",\"target\":[\"https:\/\/zszalkovice.cz\/dokumenty-a-formulare-zs\/\"]}]},{\"@type\":\"BreadcrumbList\",\"@id\":\"https:\/\/zszalkovice.cz\/dokumenty-a-formulare-zs\/#breadcrumb\",\"itemListElement\":[{\"@type\":\"ListItem\",\"position\":1,\"name\":\"Home\",\"item\":\"https:\/\/zszalkovice.cz\/\"},{\"@type\":\"ListItem\",\"position\":2,\"name\":\"Dokumenty a formul\u00e1\u0159e Z\u0160\"}]},{\"@type\":\"WebSite\",\"@id\":\"https:\/\/zszalkovice.cz\/en\/#website\",\"url\":\"https:\/\/zszalkovice.cz\/en\/\",\"name\":\"ZS ZALKOVICE\",\"description\":\"ZS ZALKOVICE\",\"publisher\":{\"@id\":\"https:\/\/zszalkovice.cz\/en\/#organization\"},\"potentialAction\":[{\"@type\":\"SearchAction\",\"target\":{\"@type\":\"EntryPoint\",\"urlTemplate\":\"https:\/\/zszalkovice.cz\/en\/?s={search_term_string}\"},\"query-input\":{\"@type\":\"PropertyValueSpecification\",\"valueRequired\":true,\"valueName\":\"search_term_string\"}}],\"inLanguage\":\"en-US\"},{\"@type\":\"Organization\",\"@id\":\"https:\/\/zszalkovice.cz\/en\/#organization\",\"name\":\"Z\u0160 a M\u0160 \u017dalkovice\",\"url\":\"https:\/\/zszalkovice.cz\/en\/\",\"logo\":{\"@type\":\"ImageObject\",\"inLanguage\":\"en-US\",\"@id\":\"https:\/\/zszalkovice.cz\/en\/#\/schema\/logo\/image\/\",\"url\":\"https:\/\/blanchedalmond-starling-735365.hostingersite.com\/wp-content\/uploads\/2020\/04\/logo-2-e1590092978599.png\",\"contentUrl\":\"https:\/\/blanchedalmond-starling-735365.hostingersite.com\/wp-content\/uploads\/2020\/04\/logo-2-e1590092978599.png\",\"width\":839,\"height\":200,\"caption\":\"Z\u0160 a M\u0160 \u017dalkovice\"},\"image\":{\"@id\":\"https:\/\/zszalkovice.cz\/en\/#\/schema\/logo\/image\/\"}}]}<\/script>\n<!-- \/ Yoast SEO plugin. -->","yoast_head_json":{"title":"Dokumenty a formul\u00e1\u0159e Z\u0160 | ZS ZALKOVICE","robots":{"index":"index","follow":"follow","max-snippet":"max-snippet:-1","max-image-preview":"max-image-preview:large","max-video-preview":"max-video-preview:-1"},"canonical":"https:\/\/zszalkovice.cz\/en\/dokumenty-a-formulare-zs\/","og_locale":"en_US","og_type":"article","og_title":"Dokumenty a formul\u00e1\u0159e Z\u0160 | ZS ZALKOVICE","og_url":"https:\/\/zszalkovice.cz\/en\/dokumenty-a-formulare-zs\/","og_site_name":"ZS ZALKOVICE","article_modified_time":"2026-02-18T09:57:26+00:00","twitter_card":"summary_large_image","twitter_misc":{"Est. reading time":"1 minute"},"schema":{"@context":"https:\/\/schema.org","@graph":[{"@type":"WebPage","@id":"https:\/\/zszalkovice.cz\/dokumenty-a-formulare-zs\/","url":"https:\/\/zszalkovice.cz\/dokumenty-a-formulare-zs\/","name":"Dokumenty a formul\u00e1\u0159e Z\u0160 | ZS ZALKOVICE","isPartOf":{"@id":"https:\/\/zszalkovice.cz\/en\/#website"},"datePublished":"2021-04-29T05:59:54+00:00","dateModified":"2026-02-18T09:57:26+00:00","breadcrumb":{"@id":"https:\/\/zszalkovice.cz\/dokumenty-a-formulare-zs\/#breadcrumb"},"inLanguage":"en-US","potentialAction":[{"@type":"ReadAction","target":["https:\/\/zszalkovice.cz\/dokumenty-a-formulare-zs\/"]}]},{"@type":"BreadcrumbList","@id":"https:\/\/zszalkovice.cz\/dokumenty-a-formulare-zs\/#breadcrumb","itemListElement":[{"@type":"ListItem","position":1,"name":"Home","item":"https:\/\/zszalkovice.cz\/"},{"@type":"ListItem","position":2,"name":"Dokumenty a formul\u00e1\u0159e Z\u0160"}]},{"@type":"WebSite","@id":"https:\/\/zszalkovice.cz\/en\/#website","url":"https:\/\/zszalkovice.cz\/en\/","name":"ZS ZALKOVICE","description":"ZS ZALKOVICE","publisher":{"@id":"https:\/\/zszalkovice.cz\/en\/#organization"},"potentialAction":[{"@type":"SearchAction","target":{"@type":"EntryPoint","urlTemplate":"https:\/\/zszalkovice.cz\/en\/?s={search_term_string}"},"query-input":{"@type":"PropertyValueSpecification","valueRequired":true,"valueName":"search_term_string"}}],"inLanguage":"en-US"},{"@type":"Organization","@id":"https:\/\/zszalkovice.cz\/en\/#organization","name":"Z\u0160 a M\u0160 \u017dalkovice","url":"https:\/\/zszalkovice.cz\/en\/","logo":{"@type":"ImageObject","inLanguage":"en-US","@id":"https:\/\/zszalkovice.cz\/en\/#\/schema\/logo\/image\/","url":"https:\/\/blanchedalmond-starling-735365.hostingersite.com\/wp-content\/uploads\/2020\/04\/logo-2-e1590092978599.png","contentUrl":"https:\/\/blanchedalmond-starling-735365.hostingersite.com\/wp-content\/uploads\/2020\/04\/logo-2-e1590092978599.png","width":839,"height":200,"caption":"Z\u0160 a M\u0160 \u017dalkovice"},"image":{"@id":"https:\/\/zszalkovice.cz\/en\/#\/schema\/logo\/image\/"}}]}},"_links":{"self":[{"href":"https:\/\/zszalkovice.cz\/en\/wp-json\/wp\/v2\/pages\/13464","targetHints":{"allow":["GET"]}}],"collection":[{"href":"https:\/\/zszalkovice.cz\/en\/wp-json\/wp\/v2\/pages"}],"about":[{"href":"https:\/\/zszalkovice.cz\/en\/wp-json\/wp\/v2\/types\/page"}],"author":[{"embeddable":true,"href":"https:\/\/zszalkovice.cz\/en\/wp-json\/wp\/v2\/users\/1"}],"replies":[{"embeddable":true,"href":"https:\/\/zszalkovice.cz\/en\/wp-json\/wp\/v2\/comments?post=13464"}],"version-history":[{"count":60,"href":"https:\/\/zszalkovice.cz\/en\/wp-json\/wp\/v2\/pages\/13464\/revisions"}],"predecessor-version":[{"id":22761,"href":"https:\/\/zszalkovice.cz\/en\/wp-json\/wp\/v2\/pages\/13464\/revisions\/22761"}],"wp:attachment":[{"href":"https:\/\/zszalkovice.cz\/en\/wp-json\/wp\/v2\/media?parent=13464"}],"curies":[{"name":"wp","href":"https:\/\/api.w.org\/{rel}","templated":true}]}}