{"id":13544,"date":"2018-04-24T17:30:17","date_gmt":"2018-04-24T17:30:17","guid":{"rendered":"https:\/\/zszalkovice.cz\/cookie-policy\/"},"modified":"2024-10-09T14:43:50","modified_gmt":"2024-10-09T12:43:50","slug":"ochrana-soukromi","status":"publish","type":"page","link":"https:\/\/zszalkovice.cz\/en\/ochrana-soukromi\/","title":{"rendered":"Ochrana soukrom\u00ed"},"content":{"rendered":"<section class=\"wpb_row\"><div class=\"wpb_column vc_column_container vc_col-sm-12\"><div class=\"vc_column-inner\"><div class=\"wpb_wrapper\">\n\t<div class=\"wpb_text_column wpb_content_element\" >\n\t\t<div class=\"wpb_wrapper\">\n\t\t\t<h2><strong>Provozovatel webu<\/strong><\/h2>\n<p>Vlastn\u00edkem a provozovatelem t\u011bchto\u00a0webov\u00fdch str\u00e1nek je\u00a0<strong>Z\u0160 \u017dalkovice<\/strong>.<\/p>\n<h2><strong>Autorsk\u00e1 pr\u00e1va<\/strong><\/h2>\n<p>Obsah webu je v cel\u00e9m rozsahu chr\u00e1n\u011bn autorsk\u00fdm pr\u00e1vem. Nen\u00ed-li v\u00fdslovn\u011b uvedeno jinak, nen\u00ed mo\u017en\u00e9 obsah p\u0159eb\u00edrat, kop\u00edrovat, reprodukovat ani d\u00e1le \u0161\u00ed\u0159it jin\u00fdmi kan\u00e1ly, s v\u00fdjimkou tisku pro osobn\u00ed pot\u0159ebu a stru\u010dn\u00fdch citac\u00ed \u010di n\u00e1hled\u016f na soci\u00e1ln\u00edch s\u00edt\u00edch s uveden\u00edm zdroje. Souhlas s u\u017eit\u00edm obsahu mus\u00ed b\u00fdt v\u017edy p\u00edsemn\u00fd a lze o n\u011bj po\u017e\u00e1dat.<\/p>\n<h2><strong>Prohl\u00e1\u0161en\u00ed o p\u0159\u00edstupnosti<\/strong><\/h2>\n<p>Prohl\u00e1\u0161en\u00ed o\u00a0p\u0159\u00edstupnosti bylo\u00a0vypracov\u00e1no dne 1.8.2019<\/p>\n<p>Toto prohl\u00e1\u0161en\u00ed bylo vypracov\u00e1no technick\u00fdm provozovatelem t\u011bchto internetov\u00fdch str\u00e1nek. Pro\u00a0vypracov\u00e1n\u00ed prohl\u00e1\u0161en\u00ed byl pou\u017eit z\u00e1kon \u010d.\u00a099\/2019\u00a0Sb., a\u00a0metodick\u00fd pokyn MV\u010cR k\u00a0tomuto z\u00e1konu, normy EN\u00a0301\u00a0549\u00a0V2\u00a01.2 a\u00a0mezin\u00e1rodn\u011b uzn\u00e1van\u00e9mu standardu Web Content Accessibility Guidelines \u2013 WCAG\u00a02.1.<\/p>\n<p>U\u017eivatel\u016fm\u00a0<strong>nejsou tedy z\u00e1m\u011brn\u011b kladeny \u017e\u00e1dn\u00e9 p\u0159ek\u00e1\u017eky<\/strong>, kter\u00e9 by mohly prohl\u00ed\u017een\u00ed str\u00e1nek znesnadnit. Pokud i p\u0159esto na takovouto p\u0159ek\u00e1\u017eku naraz\u00edte, kontaktujte n\u00e1s a my se ji pokus\u00edme odstranit.<\/p>\n<p>Pro prezentaci v\u0161ech informac\u00ed v t\u00e9to webov\u00e9 prezentaci je pou\u017eit zna\u010dkovac\u00ed jazyk specifikace\u00a0<strong>W3C HTML 5<\/strong>, spolu s\u00a0<strong>CSS<\/strong>\u00a0<strong>3<\/strong>\u00a0p\u0159edpisy styl\u016f, co\u017e umo\u017e\u0148uje kompletn\u011b odd\u011blit\u00a0vzhled prezentace od samotn\u00fdch informac\u00ed. Tato skute\u010dnost pak dovoluje informace zobrazit, respektive prezentovat na v\u0161ech existuj\u00edc\u00edch za\u0159\u00edzen\u00edch. Cel\u00fd web je postaven a b\u011b\u017e\u00ed na voln\u011b dostupn\u00e9m redak\u010dn\u00edm syst\u00e9mu\u00a0<strong>WordPress<\/strong>.<\/p>\n<p>Dodr\u017een\u00ed v\u00fd\u0161e zm\u00edn\u011bn\u00fdch norem by m\u011blo zajistit spr\u00e1vn\u00e9 zobrazen\u00ed obsahu str\u00e1nek ve v\u011bt\u0161in\u011b dnes pou\u017e\u00edvan\u00fdch prohl\u00ed\u017ee\u010d\u016f a na v\u011bt\u0161in\u011b zobrazovac\u00edch za\u0159\u00edzen\u00ed.<\/p>\n<h2><strong>Zobrazen\u00ed informac\u00ed<\/strong><\/h2>\n<p>N\u011bkter\u00e9 informace na webu jsou uvedeny v podob\u011b dokument\u016f\u00a0<strong>form\u00e1tu PDF<\/strong>. Pro\u00a0zobrazen\u00ed takov\u00fdch dokument\u016f je t\u0159eba m\u00edt nainstalovan\u00fd nap\u0159. prohl\u00ed\u017ee\u010d Adobe Reader, kter\u00fd je\u00a0<strong>zdarma<\/strong>\u00a0ke sta\u017een\u00ed z internetov\u00e9ho serveru spole\u010dnosti\u00a0<a href=\"http:\/\/get.adobe.com\/reader\/\">Adobe<\/a>.<\/p>\n<p>V p\u0159\u00edpadech, kdy je vy\u017eadov\u00e1na ze strany u\u017eivatele \u00faprava dokumentu, je dokument ve\u00a0<strong>form\u00e1tu RTF<\/strong>. Takov\u00fd soubor zobraz\u00edte a m\u016f\u017eete editovat ve\u00a0v\u011bt\u0161in\u011b b\u011b\u017en\u011b pou\u017e\u00edvan\u00fdch\u00a0<strong>textov\u00fdch editor\u016f<\/strong>.<\/p>\n<p>V n\u011bkter\u00fdch p\u0159\u00edpadech m\u016f\u017ee b\u00fdt dokument zve\u0159ejn\u011bn ve form\u00e1tu\u00a0<strong>aplikac\u00ed Microsoft Office<\/strong>. To jsou p\u0159edev\u0161\u00edm dokumenty s p\u0159\u00edponou\u00a0<strong>DOC, XLS, nebo PPT<\/strong>. Pro zobrazen\u00ed jejich obsahu je t\u0159eba m\u00edt nainstalovan\u00e9 jejich prohl\u00ed\u017ee\u010de.\u00a0<strong>Zdarma<\/strong>\u00a0je m\u016f\u017eete st\u00e1hnout nap\u0159. na str\u00e1nk\u00e1ch spole\u010dnosti\u00a0<a href=\"http:\/\/office.microsoft.com\/cs-cz\/default.aspx\">Microsoft<\/a>.<\/p>\n<p>N\u011bkter\u00e9 soubory mohou b\u00fdt upraveny kompresn\u00edm programem do\u00a0<strong>form\u00e1tu ZIP<\/strong>. P\u0159ed otev\u0159en\u00edm takov\u00e9ho souboru je t\u0159eba nejprve soubor\u00a0<strong>\u201erozbalit\u201c<\/strong>. V\u00a0prost\u0159ed\u00ed internetu je k dispozici mnoho program\u016f dostupn\u00fdch\u00a0<strong>zdarma<\/strong>, kter\u00e9 lze k tomuto \u00fa\u010delu vyu\u017e\u00edt. S nejv\u011bt\u0161\u00ed pravd\u011bpodobnost\u00ed ale ji\u017e budete m\u00edt na sv\u00e9m po\u010d\u00edta\u010di podobn\u00fd program nainstalovan\u00fd.<\/p>\n<h2><strong>V\u00fdjimky<\/strong><\/h2>\n<p>Jako dopl\u0148uj\u00edc\u00ed informace mohou b\u00fdt ve str\u00e1nk\u00e1ch um\u00edst\u011bny galerie fotografi\u00ed, ve kter\u00fdch zlep\u0161ujeme komfort u\u017eivatel\u016f otev\u00edr\u00e1n\u00edm pln\u00fdch velikost\u00ed fotografi\u00ed do nov\u00fdch oken javascriptem (pri\u010dem\u017e funk\u010dnost je pro u\u017eivatele bez javascriptu zaji\u0161t\u011bna standardn\u00edm odkazem). Dal\u0161\u00ed specialitou n\u011bkter\u00fdch prezentac\u00ed mohou b\u00fdt tak\u00e9 panoramatick\u00e9 fotografie, kter\u00e9 v\u0161ak pro prohl\u00ed\u017een\u00ed vy\u017eaduj\u00ed n\u011bkter\u00fd z plugin\u016f\u00a0<a href=\"http:\/\/www.java.com\/en\/download\/manual.jsp\">JRE<\/a>\u00a0nebo\u00a0<a href=\"http:\/\/www.apple.com\/quicktime\/download\/\">Quicktime<\/a>\u00a0nebo\u00a0<a href=\"http:\/\/get.adobe.com\/flashplayer\/\">Flash<\/a>.<\/p>\n<h2><strong>Informace o tv\u016frci webu<\/strong><\/h2>\n<p>Webov\u00e9 str\u00e1nky jsou vytvo\u0159eny na publika\u010dn\u00edm syst\u00e9mu WORDPRESS. Str\u00e1nky vytvo\u0159il a navrhl Mgr. Tom\u00e1\u0161 Valach. Kontaktovat jej m\u016f\u017eete na\u00a0<a href=\"http:\/\/www.tomasvalach.cz\/\">www.tomasvalach.cz<\/a>\u00a0nebo na\u00a0<a href=\"mailto:info@tomasvalach.cz\">info@tomasvalach.cz<\/a>.<\/p>\n<h2><strong>Cookies<\/strong><\/h2>\n<p>Tato webov\u00e1 str\u00e1nka pou\u017e\u00edv\u00e1 soubory cookies. K personalizaci obsahu a reklam, poskytov\u00e1n\u00ed funkc\u00ed soci\u00e1ln\u00edch m\u00e9di\u00ed a anal\u00fdze na\u0161\u00ed n\u00e1v\u0161t\u011bvnosti vyu\u017e\u00edv\u00e1me soubory cookie. Cookies jsou mal\u00e9 textov\u00e9 soubory, kter\u00e9 mohou b\u00fdt pou\u017e\u00edv\u00e1ny webov\u00fdmi str\u00e1nkami, aby u\u010dinily u\u017eivatelsk\u00fd z\u00e1\u017eitek v\u00edce efektivn\u00ed.<\/p>\n<ul>\n<li><strong>Funk\u010dn\u00ed:<\/strong>\u00a0Tyto soubory cookies jsou vy\u017eadov\u00e1ny pro z\u00e1kladn\u00ed fungov\u00e1n\u00ed str\u00e1nek, a proto jsou v\u017edy zapnut\u00e9; pat\u0159\u00ed k\u00a0nim cookies, kter\u00e9 umo\u017e\u0148uj\u00ed si V\u00e1s p\u0159i proch\u00e1zen\u00ed na\u0161ich Webov\u00fdch str\u00e1nek zapamatovat ji\u017e b\u011bhem jedin\u00e9 n\u00e1v\u0161t\u011bvy, nebo \u2013 p\u0159ejete-li si to \u2013 p\u0159i ka\u017ed\u00e9 n\u00e1v\u0161t\u011bv\u011b.<\/li>\n<li>Zlep\u0161uj\u00edc\u00ed fungov\u00e1n\u00ed: Tyto soubory cookies n\u00e1m umo\u017e\u0148uj\u00ed zlep\u0161ovat funkcionalitu na\u0161ich Webov\u00fdch str\u00e1nek t\u00edm, \u017ee sledujeme jejich pou\u017e\u00edv\u00e1n\u00ed.\u00a0 V\u00a0n\u011bkter\u00fdch p\u0159\u00edpadech tyto cookies zlep\u0161uj\u00ed rychlost odezvy na Va\u0161e po\u017eadavky a umo\u017e\u0148uj\u00ed n\u00e1m zapamatovat si Va\u0161e volby vybran\u00e9 pro dan\u00e9 str\u00e1nky.\u00a0 Pokud tyto cookies odm\u00edtnete, m\u016f\u017ee to v\u00e9st k\u00a0tomu, \u017ee doporu\u010den\u00ed nebudou p\u0159esn\u00e1 a chod str\u00e1nek se zpomal\u00ed.<\/li>\n<\/ul>\n<ul>\n<li>Soci\u00e1ln\u00ed m\u00e9dia a reklama: Cookies pro soci\u00e1ln\u00ed m\u00e9dia nab\u00edzej\u00ed mo\u017enost propojit V\u00e1s se soci\u00e1ln\u00edmi s\u00edt\u011bmi a sd\u00edlet na nich obsah z\u00a0na\u0161ich Webov\u00fdch str\u00e1nek.\u00a0 Cookies pro reklamu (cookies t\u0159et\u00edch stran) shroma\u017e\u010fuj\u00ed informace napom\u00e1haj\u00edc\u00ed l\u00e9pe p\u0159izp\u016fsobovat reklamu Va\u0161im z\u00e1jm\u016fm, a to na na\u0161ich Webov\u00fdch str\u00e1nk\u00e1ch i mimo n\u011b.\u00a0 V\u00a0n\u011bkter\u00fdch p\u0159\u00edpadech je sou\u010d\u00e1st\u00ed t\u011bchto cookies i zpracov\u00e1n\u00ed Va\u0161ich osobn\u00edch \u00fadaj\u016f.\u00a0 Odm\u00edtnut\u00ed t\u011bchto cookies m\u016f\u017ee m\u00edt za n\u00e1sledek zobrazen\u00ed reklamy, kter\u00e1 pro V\u00e1s nebude tolik relevantn\u00ed, nebo nemo\u017enost \u00fa\u010dinn\u011b se propojit s\u00a0\u00fa\u010dty na Facebooku, Twitteru \u010di jin\u00fdch soci\u00e1ln\u00edch s\u00edt\u00edch, a\/nebo neumo\u017en\u011bn\u00ed, abyste na soci\u00e1ln\u00edch m\u00e9di\u00edch sd\u00edleli obsah.<\/li>\n<\/ul>\n<p>P\u0159ij\u00edm\u00e1n\u00ed a uchov\u00e1v\u00e1n\u00ed cookies je mo\u017en\u00e9 v ka\u017ed\u00e9m prohl\u00ed\u017ee\u010di zak\u00e1zat, postup jak uvedenou zm\u011bnu prov\u00e9st, naleznete na n\u00ed\u017ee uveden\u00fdch odkazech.<\/p>\n<ul>\n<li><a href=\"https:\/\/support.google.com\/accounts\/answer\/61416?hl=cs\">Google Chrome<\/a><\/li>\n<li><a href=\"https:\/\/support.mozilla.org\/cs\/kb\/vymazani-cookies\">Firefox<\/a><\/li>\n<li><a href=\"http:\/\/help.opera.com\/Windows\/9.64\/cs\/cookies.html\">Opera<\/a><\/li>\n<li><a href=\"https:\/\/support.microsoft.com\/cs-cz\/help\/17442\/windows-internet-explorer-delete-manage-cookies\">Internet Explorer<\/a><\/li>\n<\/ul>\n<h2><strong>Ochrana osobn\u00edch \u00fadaj\u016f<\/strong><\/h2>\n<p>Funkce pov\u011b\u0159ence pro ochranu osobn\u00edch \u00fadaj\u016f vykon\u00e1v\u00e1 extern\u011b spole\u010dnost <strong>JJP GDPR group s.r.o. <\/strong>V p\u0159\u00edpad\u011b pochybnost\u00ed se zpracov\u00e1n\u00edm osobn\u00edch \u00fadaj\u016f nev\u00e1hejte kontaktovat na\u0161eho pov\u011b\u0159ence na e-mail: <a href=\"mailto:poverenec@jjpgroup.cz\">poverenec@jjpgroup.cz<\/a>, nebo telefonicky na \u010d\u00edslo 702 142 999. P\u0159\u00edstup na str\u00e1nky m\u016f\u017ee b\u00fdt ze strany Provozovatele podm\u00edn\u011bn poskytnut\u00edm n\u011bkter\u00fdch osobn\u00edch \u00fadaj\u016f U\u017eivatele ve smyslu z\u00e1k. \u010d. 110\/2000 Sb., o ochran\u011b osobn\u00edch \u00fadaj\u016f a p\u0159\u00edpadn\u011b i pr\u00e1vn\u00edch p\u0159edpis\u016f, v platn\u00e9m zn\u011bn\u00ed. V takov\u00e9m p\u0159\u00edpad\u011b bude Provozovatel s t\u011bmito \u00fadaji nakl\u00e1dat v souladu s platn\u00fdmi pr\u00e1vn\u00edmi p\u0159edpisy. Poskytnut\u00edm t\u011bchto \u00fadaj\u016f vyslovuje U\u017eivatel souhlas se zpracov\u00e1n\u00ed osobn\u00edch \u00fadaj\u016f Provozovatelem.<\/p>\n<h2><strong>K\u00f3dy t\u0159et\u00edch stran<\/strong><\/h2>\n<p>Provozovatel spolupracuje se spole\u010dnostmi, kter\u00e9 mu poskytuj\u00ed r\u016fzn\u00e9 slu\u017eby. Tyto spole\u010dnosti, pokud jsou k\u00a0tomu opr\u00e1vn\u011bn\u00e9, mohou nakl\u00e1dat s\u00a0osobn\u00edmi \u00fadaji u\u017eivatele, p\u0159i\u010dem\u017e s\u00a0t\u011bmito informacemi pracuj\u00ed pouze p\u0159i pln\u011bn\u00ed sv\u00fdch povinnost\u00ed a\u00a0nesm\u00ed je pou\u017e\u00edt k\u00a0jin\u00e9mu \u00fa\u010delu. Provozovatel neprod\u00e1v\u00e1, nep\u0159ev\u00e1d\u00ed a\u00a0nesd\u011bluje osobn\u00ed \u00fadaje t\u0159et\u00edm stran\u00e1m, pokud to nen\u00ed t\u0159eba k\u00a0napln\u011bn\u00ed pr\u00e1vn\u00edch p\u0159edpis\u016f.<\/p>\n<p>Pokud si u\u017eivatel p\u0159eje opravit nebo smazat osobn\u00ed data, kter\u00e9 o\u00a0n\u011bm provozovatel m\u00e1, m\u016f\u017ee jej o\u00a0to po\u017e\u00e1dat prost\u0159ednictv\u00edm kontaktn\u00edch \u00fadaj\u016f uveden\u00fdch na\u00a0t\u011bchto str\u00e1nk\u00e1ch.<\/p>\n\n\t\t<\/div>\n\t<\/div>\n<\/div><\/div><\/div><\/section>","protected":false},"excerpt":{"rendered":"Provozovatel webu Vlastn\u00edkem a provozovatelem t\u011bchto\u00a0webov\u00fdch str\u00e1nek je\u00a0Z\u0160 \u017dalkovice. Autorsk\u00e1 pr\u00e1va Obsah webu je v cel\u00e9m rozsahu chr\u00e1n\u011bn autorsk\u00fdm pr\u00e1vem. Nen\u00ed-li v\u00fdslovn\u011b uvedeno jinak, nen\u00ed mo\u017en\u00e9 obsah p\u0159eb\u00edrat, kop\u00edrovat, reprodukovat ani d\u00e1le \u0161\u00ed\u0159it jin\u00fdmi kan\u00e1ly, s v\u00fdjimkou tisku pro osobn\u00ed pot\u0159ebu a stru\u010dn\u00fdch citac\u00ed \u010di n\u00e1hled\u016f na soci\u00e1ln\u00edch s\u00edt\u00edch s uveden\u00edm zdroje. Souhlas s u\u017eit\u00edm obsahu mus\u00ed b\u00fdt v\u017edy p\u00edsemn\u00fd a lze o n\u011bj po\u017e\u00e1dat. Prohl\u00e1\u0161en\u00ed o p\u0159\u00edstupnosti Prohl\u00e1\u0161en\u00ed o\u00a0p\u0159\u00edstupnosti bylo\u00a0vypracov\u00e1no dne 1.8.2019 Toto prohl\u00e1\u0161en\u00ed bylo vypracov\u00e1no technick\u00fdm provozovatelem t\u011bchto internetov\u00fdch str\u00e1nek. Pro\u00a0vypracov\u00e1n\u00ed prohl\u00e1\u0161en\u00ed byl pou\u017eit z\u00e1kon \u010d.\u00a099\/2019\u00a0Sb., a\u00a0metodick\u00fd pokyn MV\u010cR k\u00a0tomuto z\u00e1konu, normy EN\u00a0301\u00a0549\u00a0V2\u00a01.2 a\u00a0mezin\u00e1rodn\u011b uzn\u00e1van\u00e9mu standardu Web Content Accessibility Guidelines \u2013 WCAG\u00a02.1. U\u017eivatel\u016fm\u00a0nejsou tedy z\u00e1m\u011brn\u011b kladeny \u017e\u00e1dn\u00e9 p\u0159ek\u00e1\u017eky, kter\u00e9 by mohly prohl\u00ed\u017een\u00ed str\u00e1nek znesnadnit. Pokud i p\u0159esto na takovouto p\u0159ek\u00e1\u017eku naraz\u00edte, kontaktujte n\u00e1s a my se ji pokus\u00edme odstranit. Pro prezentaci v\u0161ech informac\u00ed v t\u00e9to webov\u00e9 prezentaci je pou\u017eit zna\u010dkovac\u00ed jazyk specifikace\u00a0W3C HTML 5, spolu s\u00a0CSS\u00a03\u00a0p\u0159edpisy styl\u016f, co\u017e umo\u017e\u0148uje kompletn\u011b odd\u011blit\u00a0vzhled prezentace od samotn\u00fdch informac\u00ed. Tato skute\u010dnost pak dovoluje informace zobrazit, respektive prezentovat na v\u0161ech existuj\u00edc\u00edch za\u0159\u00edzen\u00edch. Cel\u00fd web je postaven a b\u011b\u017e\u00ed na voln\u011b dostupn\u00e9m redak\u010dn\u00edm syst\u00e9mu\u00a0Wordpress. Dodr\u017een\u00ed v\u00fd\u0161e zm\u00edn\u011bn\u00fdch norem by m\u011blo zajistit spr\u00e1vn\u00e9 zobrazen\u00ed obsahu str\u00e1nek ve v\u011bt\u0161in\u011b dnes pou\u017e\u00edvan\u00fdch prohl\u00ed\u017ee\u010d\u016f a na v\u011bt\u0161in\u011b zobrazovac\u00edch za\u0159\u00edzen\u00ed. Zobrazen\u00ed informac\u00ed N\u011bkter\u00e9 informace na webu jsou uvedeny v podob\u011b dokument\u016f\u00a0form\u00e1tu PDF. Pro\u00a0zobrazen\u00ed takov\u00fdch dokument\u016f je t\u0159eba m\u00edt nainstalovan\u00fd nap\u0159. prohl\u00ed\u017ee\u010d Adobe Reader, kter\u00fd je\u00a0zdarma\u00a0ke sta\u017een\u00ed z internetov\u00e9ho serveru spole\u010dnosti\u00a0Adobe. V p\u0159\u00edpadech, kdy je vy\u017eadov\u00e1na ze strany u\u017eivatele \u00faprava dokumentu, je dokument ve\u00a0form\u00e1tu RTF. Takov\u00fd soubor zobraz\u00edte a m\u016f\u017eete editovat ve\u00a0v\u011bt\u0161in\u011b b\u011b\u017en\u011b pou\u017e\u00edvan\u00fdch\u00a0textov\u00fdch editor\u016f. V n\u011bkter\u00fdch p\u0159\u00edpadech m\u016f\u017ee b\u00fdt dokument zve\u0159ejn\u011bn ve form\u00e1tu\u00a0aplikac\u00ed Microsoft Office. To jsou p\u0159edev\u0161\u00edm dokumenty s p\u0159\u00edponou\u00a0DOC, XLS, nebo PPT. Pro zobrazen\u00ed jejich obsahu je t\u0159eba m\u00edt nainstalovan\u00e9 jejich prohl\u00ed\u017ee\u010de.\u00a0Zdarma\u00a0je m\u016f\u017eete st\u00e1hnout nap\u0159. na str\u00e1nk\u00e1ch spole\u010dnosti\u00a0Microsoft. N\u011bkter\u00e9 soubory mohou b\u00fdt upraveny kompresn\u00edm programem do\u00a0form\u00e1tu ZIP.... <br><br><a class=\"readmore\" href=\"https:\/\/zszalkovice.cz\/en\/ochrana-soukromi\/\">V\u00edce informac\u00ed<\/a>","protected":false},"author":1,"featured_media":0,"parent":0,"menu_order":0,"comment_status":"closed","ping_status":"closed","template":"","meta":{"footnotes":""},"class_list":["post-13544","page","type-page","status-publish","hentry"],"yoast_head":"<!-- This site is optimized with the Yoast SEO plugin v25.5 - https:\/\/yoast.com\/wordpress\/plugins\/seo\/ -->\n<title>Ochrana soukrom\u00ed | ZS ZALKOVICE<\/title>\n<meta name=\"robots\" content=\"index, follow, max-snippet:-1, max-image-preview:large, max-video-preview:-1\" \/>\n<link rel=\"canonical\" href=\"https:\/\/zszalkovice.cz\/en\/ochrana-soukromi\/\" \/>\n<meta property=\"og:locale\" content=\"en_US\" \/>\n<meta property=\"og:type\" content=\"article\" \/>\n<meta property=\"og:title\" content=\"Ochrana soukrom\u00ed | ZS ZALKOVICE\" \/>\n<meta property=\"og:url\" content=\"https:\/\/zszalkovice.cz\/en\/ochrana-soukromi\/\" \/>\n<meta property=\"og:site_name\" content=\"ZS ZALKOVICE\" \/>\n<meta property=\"article:modified_time\" content=\"2024-10-09T12:43:50+00:00\" \/>\n<meta name=\"twitter:card\" content=\"summary_large_image\" \/>\n<meta name=\"twitter:label1\" content=\"Est. reading time\" \/>\n\t<meta name=\"twitter:data1\" content=\"7 minutes\" \/>\n<script type=\"application\/ld+json\" class=\"yoast-schema-graph\">{\"@context\":\"https:\/\/schema.org\",\"@graph\":[{\"@type\":\"WebPage\",\"@id\":\"https:\/\/zszalkovice.cz\/ochrana-soukromi\/\",\"url\":\"https:\/\/zszalkovice.cz\/ochrana-soukromi\/\",\"name\":\"Ochrana soukrom\u00ed | ZS ZALKOVICE\",\"isPartOf\":{\"@id\":\"https:\/\/zszalkovice.cz\/en\/#website\"},\"datePublished\":\"2018-04-24T17:30:17+00:00\",\"dateModified\":\"2024-10-09T12:43:50+00:00\",\"breadcrumb\":{\"@id\":\"https:\/\/zszalkovice.cz\/ochrana-soukromi\/#breadcrumb\"},\"inLanguage\":\"en-US\",\"potentialAction\":[{\"@type\":\"ReadAction\",\"target\":[\"https:\/\/zszalkovice.cz\/ochrana-soukromi\/\"]}]},{\"@type\":\"BreadcrumbList\",\"@id\":\"https:\/\/zszalkovice.cz\/ochrana-soukromi\/#breadcrumb\",\"itemListElement\":[{\"@type\":\"ListItem\",\"position\":1,\"name\":\"Home\",\"item\":\"https:\/\/zszalkovice.cz\/\"},{\"@type\":\"ListItem\",\"position\":2,\"name\":\"Ochrana soukrom\u00ed\"}]},{\"@type\":\"WebSite\",\"@id\":\"https:\/\/zszalkovice.cz\/en\/#website\",\"url\":\"https:\/\/zszalkovice.cz\/en\/\",\"name\":\"ZS ZALKOVICE\",\"description\":\"ZS ZALKOVICE\",\"publisher\":{\"@id\":\"https:\/\/zszalkovice.cz\/en\/#organization\"},\"potentialAction\":[{\"@type\":\"SearchAction\",\"target\":{\"@type\":\"EntryPoint\",\"urlTemplate\":\"https:\/\/zszalkovice.cz\/en\/?s={search_term_string}\"},\"query-input\":{\"@type\":\"PropertyValueSpecification\",\"valueRequired\":true,\"valueName\":\"search_term_string\"}}],\"inLanguage\":\"en-US\"},{\"@type\":\"Organization\",\"@id\":\"https:\/\/zszalkovice.cz\/en\/#organization\",\"name\":\"Z\u0160 a M\u0160 \u017dalkovice\",\"url\":\"https:\/\/zszalkovice.cz\/en\/\",\"logo\":{\"@type\":\"ImageObject\",\"inLanguage\":\"en-US\",\"@id\":\"https:\/\/zszalkovice.cz\/en\/#\/schema\/logo\/image\/\",\"url\":\"https:\/\/blanchedalmond-starling-735365.hostingersite.com\/wp-content\/uploads\/2020\/04\/logo-2-e1590092978599.png\",\"contentUrl\":\"https:\/\/blanchedalmond-starling-735365.hostingersite.com\/wp-content\/uploads\/2020\/04\/logo-2-e1590092978599.png\",\"width\":839,\"height\":200,\"caption\":\"Z\u0160 a M\u0160 \u017dalkovice\"},\"image\":{\"@id\":\"https:\/\/zszalkovice.cz\/en\/#\/schema\/logo\/image\/\"}}]}<\/script>\n<!-- \/ Yoast SEO plugin. -->","yoast_head_json":{"title":"Ochrana soukrom\u00ed | ZS ZALKOVICE","robots":{"index":"index","follow":"follow","max-snippet":"max-snippet:-1","max-image-preview":"max-image-preview:large","max-video-preview":"max-video-preview:-1"},"canonical":"https:\/\/zszalkovice.cz\/en\/ochrana-soukromi\/","og_locale":"en_US","og_type":"article","og_title":"Ochrana soukrom\u00ed | ZS ZALKOVICE","og_url":"https:\/\/zszalkovice.cz\/en\/ochrana-soukromi\/","og_site_name":"ZS ZALKOVICE","article_modified_time":"2024-10-09T12:43:50+00:00","twitter_card":"summary_large_image","twitter_misc":{"Est. reading time":"7 minutes"},"schema":{"@context":"https:\/\/schema.org","@graph":[{"@type":"WebPage","@id":"https:\/\/zszalkovice.cz\/ochrana-soukromi\/","url":"https:\/\/zszalkovice.cz\/ochrana-soukromi\/","name":"Ochrana soukrom\u00ed | ZS ZALKOVICE","isPartOf":{"@id":"https:\/\/zszalkovice.cz\/en\/#website"},"datePublished":"2018-04-24T17:30:17+00:00","dateModified":"2024-10-09T12:43:50+00:00","breadcrumb":{"@id":"https:\/\/zszalkovice.cz\/ochrana-soukromi\/#breadcrumb"},"inLanguage":"en-US","potentialAction":[{"@type":"ReadAction","target":["https:\/\/zszalkovice.cz\/ochrana-soukromi\/"]}]},{"@type":"BreadcrumbList","@id":"https:\/\/zszalkovice.cz\/ochrana-soukromi\/#breadcrumb","itemListElement":[{"@type":"ListItem","position":1,"name":"Home","item":"https:\/\/zszalkovice.cz\/"},{"@type":"ListItem","position":2,"name":"Ochrana soukrom\u00ed"}]},{"@type":"WebSite","@id":"https:\/\/zszalkovice.cz\/en\/#website","url":"https:\/\/zszalkovice.cz\/en\/","name":"ZS ZALKOVICE","description":"ZS ZALKOVICE","publisher":{"@id":"https:\/\/zszalkovice.cz\/en\/#organization"},"potentialAction":[{"@type":"SearchAction","target":{"@type":"EntryPoint","urlTemplate":"https:\/\/zszalkovice.cz\/en\/?s={search_term_string}"},"query-input":{"@type":"PropertyValueSpecification","valueRequired":true,"valueName":"search_term_string"}}],"inLanguage":"en-US"},{"@type":"Organization","@id":"https:\/\/zszalkovice.cz\/en\/#organization","name":"Z\u0160 a M\u0160 \u017dalkovice","url":"https:\/\/zszalkovice.cz\/en\/","logo":{"@type":"ImageObject","inLanguage":"en-US","@id":"https:\/\/zszalkovice.cz\/en\/#\/schema\/logo\/image\/","url":"https:\/\/blanchedalmond-starling-735365.hostingersite.com\/wp-content\/uploads\/2020\/04\/logo-2-e1590092978599.png","contentUrl":"https:\/\/blanchedalmond-starling-735365.hostingersite.com\/wp-content\/uploads\/2020\/04\/logo-2-e1590092978599.png","width":839,"height":200,"caption":"Z\u0160 a M\u0160 \u017dalkovice"},"image":{"@id":"https:\/\/zszalkovice.cz\/en\/#\/schema\/logo\/image\/"}}]}},"_links":{"self":[{"href":"https:\/\/zszalkovice.cz\/en\/wp-json\/wp\/v2\/pages\/13544","targetHints":{"allow":["GET"]}}],"collection":[{"href":"https:\/\/zszalkovice.cz\/en\/wp-json\/wp\/v2\/pages"}],"about":[{"href":"https:\/\/zszalkovice.cz\/en\/wp-json\/wp\/v2\/types\/page"}],"author":[{"embeddable":true,"href":"https:\/\/zszalkovice.cz\/en\/wp-json\/wp\/v2\/users\/1"}],"replies":[{"embeddable":true,"href":"https:\/\/zszalkovice.cz\/en\/wp-json\/wp\/v2\/comments?post=13544"}],"version-history":[{"count":8,"href":"https:\/\/zszalkovice.cz\/en\/wp-json\/wp\/v2\/pages\/13544\/revisions"}],"predecessor-version":[{"id":13574,"href":"https:\/\/zszalkovice.cz\/en\/wp-json\/wp\/v2\/pages\/13544\/revisions\/13574"}],"wp:attachment":[{"href":"https:\/\/zszalkovice.cz\/en\/wp-json\/wp\/v2\/media?parent=13544"}],"curies":[{"name":"wp","href":"https:\/\/api.w.org\/{rel}","templated":true}]}}