{"id":14827,"date":"2018-09-04T21:13:35","date_gmt":"2018-09-04T21:13:35","guid":{"rendered":"https:\/\/zszalkovice.cz\/?page_id=14827"},"modified":"2022-08-30T10:34:33","modified_gmt":"2022-08-30T08:34:33","slug":"rozvrh-hodin-2","status":"publish","type":"page","link":"https:\/\/zszalkovice.cz\/en\/rozvrh-hodin-2\/","title":{"rendered":"Rozvrh hodin"},"content":{"rendered":"<section class=\"wpb_row\"><div class=\"wpb_column vc_column_container vc_col-sm-12\"><div class=\"vc_column-inner\"><div class=\"wpb_wrapper\">\n\t<div  class=\"wpb_single_image wpb_content_element vc_align_left\">\n\t\t\n\t\t<figure class=\"wpb_wrapper vc_figure\">\n\t\t\t<div class=\"vc_single_image-wrapper   vc_box_border_grey\"><img fetchpriority=\"high\" decoding=\"async\" width=\"1187\" height=\"646\" src=\"https:\/\/zszalkovice.cz\/wp-content\/uploads\/2022\/08\/2223_1_2.png\" class=\"vc_single_image-img attachment-full\" alt=\"\" srcset=\"https:\/\/zszalkovice.cz\/wp-content\/uploads\/2022\/08\/2223_1_2.png 1187w, https:\/\/zszalkovice.cz\/wp-content\/uploads\/2022\/08\/2223_1_2-300x163.png 300w, https:\/\/zszalkovice.cz\/wp-content\/uploads\/2022\/08\/2223_1_2-1024x557.png 1024w, https:\/\/zszalkovice.cz\/wp-content\/uploads\/2022\/08\/2223_1_2-150x82.png 150w, https:\/\/zszalkovice.cz\/wp-content\/uploads\/2022\/08\/2223_1_2-768x418.png 768w, https:\/\/zszalkovice.cz\/wp-content\/uploads\/2022\/08\/2223_1_2-18x10.png 18w\" sizes=\"(max-width: 1187px) 100vw, 1187px\" \/><\/div>\n\t\t<\/figure>\n\t<\/div>\n\n\t<div  class=\"wpb_single_image wpb_content_element vc_align_left\">\n\t\t\n\t\t<figure class=\"wpb_wrapper vc_figure\">\n\t\t\t<div class=\"vc_single_image-wrapper   vc_box_border_grey\"><img decoding=\"async\" width=\"1189\" height=\"679\" data-src=\"https:\/\/zszalkovice.cz\/wp-content\/uploads\/2022\/08\/2223_3_4.png\" class=\"vc_single_image-img attachment-full lazyload\" alt=\"\" data-srcset=\"https:\/\/zszalkovice.cz\/wp-content\/uploads\/2022\/08\/2223_3_4.png 1189w, https:\/\/zszalkovice.cz\/wp-content\/uploads\/2022\/08\/2223_3_4-300x171.png 300w, https:\/\/zszalkovice.cz\/wp-content\/uploads\/2022\/08\/2223_3_4-1024x585.png 1024w, https:\/\/zszalkovice.cz\/wp-content\/uploads\/2022\/08\/2223_3_4-150x86.png 150w, https:\/\/zszalkovice.cz\/wp-content\/uploads\/2022\/08\/2223_3_4-768x439.png 768w, https:\/\/zszalkovice.cz\/wp-content\/uploads\/2022\/08\/2223_3_4-18x10.png 18w\" data-sizes=\"(max-width: 1189px) 100vw, 1189px\" src=\"data:image\/svg+xml;base64,PHN2ZyB3aWR0aD0iMSIgaGVpZ2h0PSIxIiB4bWxucz0iaHR0cDovL3d3dy53My5vcmcvMjAwMC9zdmciPjwvc3ZnPg==\" style=\"--smush-placeholder-width: 1189px; --smush-placeholder-aspect-ratio: 1189\/679;\" \/><\/div>\n\t\t<\/figure>\n\t<\/div>\n<\/div><\/div><\/div><\/section>","protected":false},"excerpt":{"rendered":"","protected":false},"author":1,"featured_media":0,"parent":0,"menu_order":0,"comment_status":"closed","ping_status":"closed","template":"","meta":{"footnotes":""},"class_list":["post-14827","page","type-page","status-publish","hentry"],"yoast_head":"<!-- This site is optimized with the Yoast SEO plugin v25.5 - https:\/\/yoast.com\/wordpress\/plugins\/seo\/ -->\n<title>Rozvrh hodin | ZS ZALKOVICE<\/title>\n<meta name=\"robots\" content=\"index, follow, max-snippet:-1, max-image-preview:large, max-video-preview:-1\" \/>\n<link rel=\"canonical\" href=\"https:\/\/zszalkovice.cz\/en\/rozvrh-hodin-2\/\" \/>\n<meta property=\"og:locale\" content=\"en_US\" \/>\n<meta property=\"og:type\" content=\"article\" \/>\n<meta property=\"og:title\" content=\"Rozvrh hodin | ZS ZALKOVICE\" \/>\n<meta property=\"og:url\" content=\"https:\/\/zszalkovice.cz\/en\/rozvrh-hodin-2\/\" \/>\n<meta property=\"og:site_name\" content=\"ZS ZALKOVICE\" \/>\n<meta property=\"article:modified_time\" content=\"2022-08-30T08:34:33+00:00\" \/>\n<meta name=\"twitter:card\" content=\"summary_large_image\" \/>\n<script type=\"application\/ld+json\" class=\"yoast-schema-graph\">{\"@context\":\"https:\/\/schema.org\",\"@graph\":[{\"@type\":\"WebPage\",\"@id\":\"https:\/\/zszalkovice.cz\/en\/rozvrh-hodin-2\/\",\"url\":\"https:\/\/zszalkovice.cz\/en\/rozvrh-hodin-2\/\",\"name\":\"Rozvrh hodin | ZS ZALKOVICE\",\"isPartOf\":{\"@id\":\"https:\/\/zszalkovice.cz\/en\/#website\"},\"datePublished\":\"2018-09-04T21:13:35+00:00\",\"dateModified\":\"2022-08-30T08:34:33+00:00\",\"breadcrumb\":{\"@id\":\"https:\/\/zszalkovice.cz\/en\/rozvrh-hodin-2\/#breadcrumb\"},\"inLanguage\":\"en-US\",\"potentialAction\":[{\"@type\":\"ReadAction\",\"target\":[\"https:\/\/zszalkovice.cz\/en\/rozvrh-hodin-2\/\"]}]},{\"@type\":\"BreadcrumbList\",\"@id\":\"https:\/\/zszalkovice.cz\/en\/rozvrh-hodin-2\/#breadcrumb\",\"itemListElement\":[{\"@type\":\"ListItem\",\"position\":1,\"name\":\"Home\",\"item\":\"https:\/\/zszalkovice.cz\/\"},{\"@type\":\"ListItem\",\"position\":2,\"name\":\"Rozvrh hodin\"}]},{\"@type\":\"WebSite\",\"@id\":\"https:\/\/zszalkovice.cz\/en\/#website\",\"url\":\"https:\/\/zszalkovice.cz\/en\/\",\"name\":\"ZS ZALKOVICE\",\"description\":\"ZS ZALKOVICE\",\"publisher\":{\"@id\":\"https:\/\/zszalkovice.cz\/en\/#organization\"},\"potentialAction\":[{\"@type\":\"SearchAction\",\"target\":{\"@type\":\"EntryPoint\",\"urlTemplate\":\"https:\/\/zszalkovice.cz\/en\/?s={search_term_string}\"},\"query-input\":{\"@type\":\"PropertyValueSpecification\",\"valueRequired\":true,\"valueName\":\"search_term_string\"}}],\"inLanguage\":\"en-US\"},{\"@type\":\"Organization\",\"@id\":\"https:\/\/zszalkovice.cz\/en\/#organization\",\"name\":\"Z\u0160 a M\u0160 \u017dalkovice\",\"url\":\"https:\/\/zszalkovice.cz\/en\/\",\"logo\":{\"@type\":\"ImageObject\",\"inLanguage\":\"en-US\",\"@id\":\"https:\/\/zszalkovice.cz\/en\/#\/schema\/logo\/image\/\",\"url\":\"https:\/\/blanchedalmond-starling-735365.hostingersite.com\/wp-content\/uploads\/2020\/04\/logo-2-e1590092978599.png\",\"contentUrl\":\"https:\/\/blanchedalmond-starling-735365.hostingersite.com\/wp-content\/uploads\/2020\/04\/logo-2-e1590092978599.png\",\"width\":839,\"height\":200,\"caption\":\"Z\u0160 a M\u0160 \u017dalkovice\"},\"image\":{\"@id\":\"https:\/\/zszalkovice.cz\/en\/#\/schema\/logo\/image\/\"}}]}<\/script>\n<!-- \/ Yoast SEO plugin. -->","yoast_head_json":{"title":"Rozvrh hodin | ZS ZALKOVICE","robots":{"index":"index","follow":"follow","max-snippet":"max-snippet:-1","max-image-preview":"max-image-preview:large","max-video-preview":"max-video-preview:-1"},"canonical":"https:\/\/zszalkovice.cz\/en\/rozvrh-hodin-2\/","og_locale":"en_US","og_type":"article","og_title":"Rozvrh hodin | ZS ZALKOVICE","og_url":"https:\/\/zszalkovice.cz\/en\/rozvrh-hodin-2\/","og_site_name":"ZS ZALKOVICE","article_modified_time":"2022-08-30T08:34:33+00:00","twitter_card":"summary_large_image","schema":{"@context":"https:\/\/schema.org","@graph":[{"@type":"WebPage","@id":"https:\/\/zszalkovice.cz\/en\/rozvrh-hodin-2\/","url":"https:\/\/zszalkovice.cz\/en\/rozvrh-hodin-2\/","name":"Rozvrh hodin | ZS ZALKOVICE","isPartOf":{"@id":"https:\/\/zszalkovice.cz\/en\/#website"},"datePublished":"2018-09-04T21:13:35+00:00","dateModified":"2022-08-30T08:34:33+00:00","breadcrumb":{"@id":"https:\/\/zszalkovice.cz\/en\/rozvrh-hodin-2\/#breadcrumb"},"inLanguage":"en-US","potentialAction":[{"@type":"ReadAction","target":["https:\/\/zszalkovice.cz\/en\/rozvrh-hodin-2\/"]}]},{"@type":"BreadcrumbList","@id":"https:\/\/zszalkovice.cz\/en\/rozvrh-hodin-2\/#breadcrumb","itemListElement":[{"@type":"ListItem","position":1,"name":"Home","item":"https:\/\/zszalkovice.cz\/"},{"@type":"ListItem","position":2,"name":"Rozvrh hodin"}]},{"@type":"WebSite","@id":"https:\/\/zszalkovice.cz\/en\/#website","url":"https:\/\/zszalkovice.cz\/en\/","name":"ZS ZALKOVICE","description":"ZS ZALKOVICE","publisher":{"@id":"https:\/\/zszalkovice.cz\/en\/#organization"},"potentialAction":[{"@type":"SearchAction","target":{"@type":"EntryPoint","urlTemplate":"https:\/\/zszalkovice.cz\/en\/?s={search_term_string}"},"query-input":{"@type":"PropertyValueSpecification","valueRequired":true,"valueName":"search_term_string"}}],"inLanguage":"en-US"},{"@type":"Organization","@id":"https:\/\/zszalkovice.cz\/en\/#organization","name":"Z\u0160 a M\u0160 \u017dalkovice","url":"https:\/\/zszalkovice.cz\/en\/","logo":{"@type":"ImageObject","inLanguage":"en-US","@id":"https:\/\/zszalkovice.cz\/en\/#\/schema\/logo\/image\/","url":"https:\/\/blanchedalmond-starling-735365.hostingersite.com\/wp-content\/uploads\/2020\/04\/logo-2-e1590092978599.png","contentUrl":"https:\/\/blanchedalmond-starling-735365.hostingersite.com\/wp-content\/uploads\/2020\/04\/logo-2-e1590092978599.png","width":839,"height":200,"caption":"Z\u0160 a M\u0160 \u017dalkovice"},"image":{"@id":"https:\/\/zszalkovice.cz\/en\/#\/schema\/logo\/image\/"}}]}},"_links":{"self":[{"href":"https:\/\/zszalkovice.cz\/en\/wp-json\/wp\/v2\/pages\/14827","targetHints":{"allow":["GET"]}}],"collection":[{"href":"https:\/\/zszalkovice.cz\/en\/wp-json\/wp\/v2\/pages"}],"about":[{"href":"https:\/\/zszalkovice.cz\/en\/wp-json\/wp\/v2\/types\/page"}],"author":[{"embeddable":true,"href":"https:\/\/zszalkovice.cz\/en\/wp-json\/wp\/v2\/users\/1"}],"replies":[{"embeddable":true,"href":"https:\/\/zszalkovice.cz\/en\/wp-json\/wp\/v2\/comments?post=14827"}],"version-history":[{"count":14,"href":"https:\/\/zszalkovice.cz\/en\/wp-json\/wp\/v2\/pages\/14827\/revisions"}],"predecessor-version":[{"id":21003,"href":"https:\/\/zszalkovice.cz\/en\/wp-json\/wp\/v2\/pages\/14827\/revisions\/21003"}],"wp:attachment":[{"href":"https:\/\/zszalkovice.cz\/en\/wp-json\/wp\/v2\/media?parent=14827"}],"curies":[{"name":"wp","href":"https:\/\/api.w.org\/{rel}","templated":true}]}}