{"id":20299,"date":"2020-09-17T19:21:08","date_gmt":"2020-09-17T19:21:08","guid":{"rendered":"https:\/\/zszalkovice.cz\/?page_id=20299"},"modified":"2021-09-23T21:42:36","modified_gmt":"2021-09-23T19:42:36","slug":"plan-cinnosti-sd","status":"publish","type":"page","link":"https:\/\/zszalkovice.cz\/en\/plan-cinnosti-sd\/","title":{"rendered":"Pl\u00e1n \u010dinnost\u00ed \u0160D"},"content":{"rendered":"<section class=\"wpb_row   wpb_animate_when_almost_visible wpb_right-to-left right-to-left\"><div class=\"wpb_column vc_column_container vc_col-sm-6\"><div class=\"vc_column-inner\"><div class=\"wpb_wrapper\"><div class=\"w-divider11\"><h3 class=\"colorf\" style=\"color:\"><span class=\"spl\">PL\u00c1N \u010cINNOST\u00cd <\/span><span class=\"spr\">\u0160D<\/span><\/h3><\/div>\n\t<div class=\"wpb_text_column wpb_content_element\" >\n\t\t<div class=\"wpb_wrapper\">\n\t\t\t<ul>\n<li><a href=\"https:\/\/blanchedalmond-starling-735365.hostingersite.com\/wp-content\/uploads\/2021\/09\/Pl\u00e1n-\u010dinnosti-\u0160D-2021-2022.docx\">Pl\u00e1n \u010dinnosti \u0161koln\u00ed dru\u017einy 2021 &#8211; 2022<\/a><\/li>\n<li><a href=\"https:\/\/blanchedalmond-starling-735365.hostingersite.com\/wp-content\/uploads\/2020\/09\/Pl\u00e1n-\u010dinnosti-\u0161koln\u00ed-dru\u017einy-2020-2021.docx\">Pl\u00e1n \u010dinnost\u00ed \u0161koln\u00ed dru\u017einy 2020 &#8211; 2021<\/a><\/li>\n<\/ul>\n\n\t\t<\/div>\n\t<\/div>\n<\/div><\/div><\/div><div class=\"wpb_column vc_column_container vc_col-sm-6\"><div class=\"vc_column-inner\"><div class=\"wpb_wrapper\">\n\t<div  class=\"wpb_single_image wpb_content_element vc_align_left\">\n\t\t\n\t\t<figure class=\"wpb_wrapper vc_figure\">\n\t\t\t<div class=\"vc_single_image-wrapper   vc_box_border_grey\"><img fetchpriority=\"high\" decoding=\"async\" width=\"574\" height=\"385\" src=\"https:\/\/zszalkovice.cz\/wp-content\/uploads\/2017\/11\/dokumenty.jpg\" class=\"vc_single_image-img attachment-full\" alt=\"\" srcset=\"https:\/\/zszalkovice.cz\/wp-content\/uploads\/2017\/11\/dokumenty.jpg 574w, https:\/\/zszalkovice.cz\/wp-content\/uploads\/2017\/11\/dokumenty-300x201.jpg 300w\" sizes=\"(max-width: 574px) 100vw, 574px\" \/><\/div>\n\t\t<\/figure>\n\t<\/div>\n<\/div><\/div><\/div><\/section>","protected":false},"excerpt":{"rendered":"PL\u00c1N \u010cINNOST\u00cd \u0160D Pl\u00e1n \u010dinnosti \u0161koln\u00ed dru\u017einy 2021 - 2022 Pl\u00e1n \u010dinnost\u00ed \u0161koln\u00ed dru\u017einy 2020 - 2021","protected":false},"author":1,"featured_media":0,"parent":0,"menu_order":0,"comment_status":"closed","ping_status":"closed","template":"","meta":{"footnotes":""},"class_list":["post-20299","page","type-page","status-publish","hentry"],"yoast_head":"<!-- This site is optimized with the Yoast SEO plugin v25.5 - https:\/\/yoast.com\/wordpress\/plugins\/seo\/ -->\n<title>Pl\u00e1n \u010dinnost\u00ed \u0160D | ZS ZALKOVICE<\/title>\n<meta name=\"robots\" content=\"index, follow, max-snippet:-1, max-image-preview:large, max-video-preview:-1\" \/>\n<link rel=\"canonical\" href=\"https:\/\/zszalkovice.cz\/en\/plan-cinnosti-sd\/\" \/>\n<meta property=\"og:locale\" content=\"en_US\" \/>\n<meta property=\"og:type\" content=\"article\" \/>\n<meta property=\"og:title\" content=\"Pl\u00e1n \u010dinnost\u00ed \u0160D | ZS ZALKOVICE\" \/>\n<meta property=\"og:url\" content=\"https:\/\/zszalkovice.cz\/en\/plan-cinnosti-sd\/\" \/>\n<meta property=\"og:site_name\" content=\"ZS ZALKOVICE\" \/>\n<meta property=\"article:modified_time\" content=\"2021-09-23T19:42:36+00:00\" \/>\n<meta name=\"twitter:card\" content=\"summary_large_image\" \/>\n<script type=\"application\/ld+json\" class=\"yoast-schema-graph\">{\"@context\":\"https:\/\/schema.org\",\"@graph\":[{\"@type\":\"WebPage\",\"@id\":\"https:\/\/zszalkovice.cz\/en\/plan-cinnosti-sd\/\",\"url\":\"https:\/\/zszalkovice.cz\/en\/plan-cinnosti-sd\/\",\"name\":\"Pl\u00e1n \u010dinnost\u00ed \u0160D | ZS ZALKOVICE\",\"isPartOf\":{\"@id\":\"https:\/\/zszalkovice.cz\/en\/#website\"},\"datePublished\":\"2020-09-17T19:21:08+00:00\",\"dateModified\":\"2021-09-23T19:42:36+00:00\",\"breadcrumb\":{\"@id\":\"https:\/\/zszalkovice.cz\/en\/plan-cinnosti-sd\/#breadcrumb\"},\"inLanguage\":\"en-US\",\"potentialAction\":[{\"@type\":\"ReadAction\",\"target\":[\"https:\/\/zszalkovice.cz\/en\/plan-cinnosti-sd\/\"]}]},{\"@type\":\"BreadcrumbList\",\"@id\":\"https:\/\/zszalkovice.cz\/en\/plan-cinnosti-sd\/#breadcrumb\",\"itemListElement\":[{\"@type\":\"ListItem\",\"position\":1,\"name\":\"Home\",\"item\":\"https:\/\/zszalkovice.cz\/\"},{\"@type\":\"ListItem\",\"position\":2,\"name\":\"Pl\u00e1n \u010dinnost\u00ed \u0160D\"}]},{\"@type\":\"WebSite\",\"@id\":\"https:\/\/zszalkovice.cz\/en\/#website\",\"url\":\"https:\/\/zszalkovice.cz\/en\/\",\"name\":\"ZS ZALKOVICE\",\"description\":\"ZS ZALKOVICE\",\"publisher\":{\"@id\":\"https:\/\/zszalkovice.cz\/en\/#organization\"},\"potentialAction\":[{\"@type\":\"SearchAction\",\"target\":{\"@type\":\"EntryPoint\",\"urlTemplate\":\"https:\/\/zszalkovice.cz\/en\/?s={search_term_string}\"},\"query-input\":{\"@type\":\"PropertyValueSpecification\",\"valueRequired\":true,\"valueName\":\"search_term_string\"}}],\"inLanguage\":\"en-US\"},{\"@type\":\"Organization\",\"@id\":\"https:\/\/zszalkovice.cz\/en\/#organization\",\"name\":\"Z\u0160 a M\u0160 \u017dalkovice\",\"url\":\"https:\/\/zszalkovice.cz\/en\/\",\"logo\":{\"@type\":\"ImageObject\",\"inLanguage\":\"en-US\",\"@id\":\"https:\/\/zszalkovice.cz\/en\/#\/schema\/logo\/image\/\",\"url\":\"https:\/\/blanchedalmond-starling-735365.hostingersite.com\/wp-content\/uploads\/2020\/04\/logo-2-e1590092978599.png\",\"contentUrl\":\"https:\/\/blanchedalmond-starling-735365.hostingersite.com\/wp-content\/uploads\/2020\/04\/logo-2-e1590092978599.png\",\"width\":839,\"height\":200,\"caption\":\"Z\u0160 a M\u0160 \u017dalkovice\"},\"image\":{\"@id\":\"https:\/\/zszalkovice.cz\/en\/#\/schema\/logo\/image\/\"}}]}<\/script>\n<!-- \/ Yoast SEO plugin. -->","yoast_head_json":{"title":"Pl\u00e1n \u010dinnost\u00ed \u0160D | ZS ZALKOVICE","robots":{"index":"index","follow":"follow","max-snippet":"max-snippet:-1","max-image-preview":"max-image-preview:large","max-video-preview":"max-video-preview:-1"},"canonical":"https:\/\/zszalkovice.cz\/en\/plan-cinnosti-sd\/","og_locale":"en_US","og_type":"article","og_title":"Pl\u00e1n \u010dinnost\u00ed \u0160D | ZS ZALKOVICE","og_url":"https:\/\/zszalkovice.cz\/en\/plan-cinnosti-sd\/","og_site_name":"ZS ZALKOVICE","article_modified_time":"2021-09-23T19:42:36+00:00","twitter_card":"summary_large_image","schema":{"@context":"https:\/\/schema.org","@graph":[{"@type":"WebPage","@id":"https:\/\/zszalkovice.cz\/en\/plan-cinnosti-sd\/","url":"https:\/\/zszalkovice.cz\/en\/plan-cinnosti-sd\/","name":"Pl\u00e1n \u010dinnost\u00ed \u0160D | ZS ZALKOVICE","isPartOf":{"@id":"https:\/\/zszalkovice.cz\/en\/#website"},"datePublished":"2020-09-17T19:21:08+00:00","dateModified":"2021-09-23T19:42:36+00:00","breadcrumb":{"@id":"https:\/\/zszalkovice.cz\/en\/plan-cinnosti-sd\/#breadcrumb"},"inLanguage":"en-US","potentialAction":[{"@type":"ReadAction","target":["https:\/\/zszalkovice.cz\/en\/plan-cinnosti-sd\/"]}]},{"@type":"BreadcrumbList","@id":"https:\/\/zszalkovice.cz\/en\/plan-cinnosti-sd\/#breadcrumb","itemListElement":[{"@type":"ListItem","position":1,"name":"Home","item":"https:\/\/zszalkovice.cz\/"},{"@type":"ListItem","position":2,"name":"Pl\u00e1n \u010dinnost\u00ed \u0160D"}]},{"@type":"WebSite","@id":"https:\/\/zszalkovice.cz\/en\/#website","url":"https:\/\/zszalkovice.cz\/en\/","name":"ZS ZALKOVICE","description":"ZS ZALKOVICE","publisher":{"@id":"https:\/\/zszalkovice.cz\/en\/#organization"},"potentialAction":[{"@type":"SearchAction","target":{"@type":"EntryPoint","urlTemplate":"https:\/\/zszalkovice.cz\/en\/?s={search_term_string}"},"query-input":{"@type":"PropertyValueSpecification","valueRequired":true,"valueName":"search_term_string"}}],"inLanguage":"en-US"},{"@type":"Organization","@id":"https:\/\/zszalkovice.cz\/en\/#organization","name":"Z\u0160 a M\u0160 \u017dalkovice","url":"https:\/\/zszalkovice.cz\/en\/","logo":{"@type":"ImageObject","inLanguage":"en-US","@id":"https:\/\/zszalkovice.cz\/en\/#\/schema\/logo\/image\/","url":"https:\/\/blanchedalmond-starling-735365.hostingersite.com\/wp-content\/uploads\/2020\/04\/logo-2-e1590092978599.png","contentUrl":"https:\/\/blanchedalmond-starling-735365.hostingersite.com\/wp-content\/uploads\/2020\/04\/logo-2-e1590092978599.png","width":839,"height":200,"caption":"Z\u0160 a M\u0160 \u017dalkovice"},"image":{"@id":"https:\/\/zszalkovice.cz\/en\/#\/schema\/logo\/image\/"}}]}},"_links":{"self":[{"href":"https:\/\/zszalkovice.cz\/en\/wp-json\/wp\/v2\/pages\/20299","targetHints":{"allow":["GET"]}}],"collection":[{"href":"https:\/\/zszalkovice.cz\/en\/wp-json\/wp\/v2\/pages"}],"about":[{"href":"https:\/\/zszalkovice.cz\/en\/wp-json\/wp\/v2\/types\/page"}],"author":[{"embeddable":true,"href":"https:\/\/zszalkovice.cz\/en\/wp-json\/wp\/v2\/users\/1"}],"replies":[{"embeddable":true,"href":"https:\/\/zszalkovice.cz\/en\/wp-json\/wp\/v2\/comments?post=20299"}],"version-history":[{"count":7,"href":"https:\/\/zszalkovice.cz\/en\/wp-json\/wp\/v2\/pages\/20299\/revisions"}],"predecessor-version":[{"id":20750,"href":"https:\/\/zszalkovice.cz\/en\/wp-json\/wp\/v2\/pages\/20299\/revisions\/20750"}],"wp:attachment":[{"href":"https:\/\/zszalkovice.cz\/en\/wp-json\/wp\/v2\/media?parent=20299"}],"curies":[{"name":"wp","href":"https:\/\/api.w.org\/{rel}","templated":true}]}}