{"id":372,"date":"2016-03-30T09:00:30","date_gmt":"2016-03-30T09:00:30","guid":{"rendered":"http:\/\/webnus.biz\/themes\/learningsuite\/kindergarten\/?page_id=372"},"modified":"2020-09-17T19:18:29","modified_gmt":"2020-09-17T19:18:29","slug":"informace-o-skolni-druzine","status":"publish","type":"page","link":"https:\/\/zszalkovice.cz\/en\/informace-o-skolni-druzine\/","title":{"rendered":"Informace o \u0161koln\u00ed dru\u017ein\u011b"},"content":{"rendered":"<section class=\"wpb_row\"><div class=\"wpb_column vc_column_container vc_col-sm-12\"><div class=\"vc_column-inner vc_custom_1464693044220\"><div class=\"wpb_wrapper\"><hr class=\"vertical-space3\"><div class=\"vc_row wpb_row vc_inner vc_row-fluid\"><div class=\"wpb_column vc_column_container vc_col-sm-8\"><div class=\"vc_column-inner\"><div class=\"wpb_wrapper\"><div class=\"w-divider11\"><h3 class=\"colorf\" style=\"color:\"><span class=\"spl\">\u0160KOLN\u00cd DRU\u017dINA<\/span><span class=\"spr\">Pavu\u010dinka<\/span><\/h3><\/div>\n\t<div class=\"wpb_text_column wpb_content_element  wpb_animate_when_almost_visible wpb_right-to-left right-to-left vc_custom_1600370303480\" >\n\t\t<div class=\"wpb_wrapper\">\n\t\t\t<p>\u0160koln\u00ed dru\u017eina poskytuje d\u011btem z\u00e1jmov\u00e9 vzd\u011bl\u00e1v\u00e1n\u00ed mimo vyu\u010dov\u00e1n\u00ed. V\u00fdchova mimo vyu\u010dov\u00e1n\u00ed navazuje na \u0161koln\u00ed vyu\u010dov\u00e1n\u00ed a na v\u00fdchovn\u00e9 p\u016fsoben\u00ed v rodin\u011b. Vytv\u00e1\u0159\u00ed prostor pro pohybov\u011b rekrea\u010dn\u00ed programy, rozv\u00edj\u00ed d\u011btskou tvo\u0159ivost i fantazii, p\u011bveck\u00e9, poslechov\u00e9 i tane\u010dn\u00ed aktivity. Prost\u0159ednictv\u00edm tohoto p\u016fsoben\u00ed rozv\u00edj\u00ed osobnost d\u00edt\u011bte, jeho v\u00fdtvarn\u00e9 my\u0161len\u00ed, smyslov\u00e9 vn\u00edm\u00e1n\u00ed, roz\u0161i\u0159uje okruh v\u011bdomost\u00ed, dovednost\u00ed, pracovn\u00edch n\u00e1vyk\u016f. Zohled\u0148uje aktivity a individu\u00e1ln\u00ed p\u0159\u00e1n\u00ed d\u011bt\u00ed. Vede d\u011bti k p\u011bkn\u00e9mu spole\u010densk\u00e9mu chov\u00e1n\u00ed, slu\u0161n\u00e9mu vystupov\u00e1n\u00ed, k dopravn\u00ed k\u00e1zni, k rozumn\u00e9mu vyu\u017e\u00edv\u00e1n\u00ed voln\u00e9ho \u010dasu. D\u00edt\u011b se u\u010d\u00ed p\u0159ekon\u00e1vat obt\u00ed\u017ee, dodr\u017eovat pravidla p\u0159i sportu, souc\u00edtit s druh\u00fdm \u010dlov\u011bkem, sna\u017e\u00ed se pomoci v p\u0159\u00edpad\u011b nutnosti.<\/p>\n<p><strong>Organizace \u010dinnosti<\/strong><\/p>\n<p><strong>Provoz \u0161koln\u00ed dru\u017einy<\/strong><\/p>\n<p>\u010cinnost \u0160D prob\u00edh\u00e1 v\u00a0jednom odd\u011blen\u00ed.<\/p>\n<p><u>Odpoledn\u00ed provoz<\/u><\/p>\n<p>Provozn\u00ed doba \u0160D je denn\u011b po skon\u010den\u00ed posledn\u00ed vyu\u010duj\u00edc\u00ed hodiny do 15.45 hodin:<\/p>\n<p>pond\u011bl\u00ed od 12:20<\/p>\n<p>\u00fater\u00fd \u00a0\u00a0 \u00a0od 11:25<\/p>\n<p>st\u0159eda \u00a0od 11:25<\/p>\n<p>\u010dtvrtek od 10:30<\/p>\n<p>p\u00e1tek \u00a0 \u00a0od 11:25<\/p>\n<p>Doj\u00ed\u017ed\u011bj\u00edc\u00ed \u017e\u00e1ky pou\u0161t\u00edme z\u00a0odd\u011blen\u00ed \u0160D dle odjezdu autobus\u016f a po\u017eadavk\u016f rodi\u010d\u016f.<\/p>\n<p>O hlavn\u00edch a vedlej\u0161\u00edch pr\u00e1zdnin\u00e1ch je \u0160D mimo provoz.<\/p>\n<p>Pokud \u017e\u00e1ci nav\u0161t\u011bvuj\u00ed krou\u017eky po\u0159\u00e1dan\u00e9 \u0161kolou v\u00a0odpoledn\u00edch hodin\u00e1ch, odch\u00e1z\u00ed a vrac\u00ed se zp\u011bt do \u0161koln\u00ed dru\u017einy. Po dobu trv\u00e1n\u00ed krou\u017ek\u016f p\u0159eb\u00edr\u00e1 za \u017e\u00e1ka odpov\u011bdnost vedouc\u00ed krou\u017ek\u016f.<\/p>\n<p>Akce \u0161koln\u00ed dru\u017einy v\u00a0pr\u016fb\u011bhu \u0161koln\u00edho roku budou pro z\u00e1konn\u00e9 z\u00e1stupce zve\u0159ej\u0148ov\u00e1ny v\u00a0\u010dasov\u00e9m p\u0159edstihu(plak\u00e1ty v\u00a0prostor\u00e1ch \u0161koly, informace na l\u00edste\u010dc\u00edch a na webov\u00fdch str\u00e1nk\u00e1ch \u0161koly).<\/p>\n<p><strong>P\u0159ihl\u00e1\u0161en\u00ed<\/strong><\/p>\n<p>Do \u0160D mohou b\u00fdt p\u0159ihl\u00e1\u0161eni \u017e\u00e1ci 1. a\u017e 4. ro\u010dn\u00edku Z\u0160 na z\u00e1klad\u011b vypln\u011bn\u00e9 P\u0158IHL\u00c1\u0160KY s vyzna\u010denou dobou pobytu \u00fa\u010dastn\u00edka ve \u0160D a stanovenou dobou odchodu (S\u00c1M\/DOPROVOD). Vychovatelka p\u0159ed\u00e1v\u00e1 \u00fa\u010dastn\u00edka pouze osob\u00e1m uveden\u00fdm na P\u0158IHL\u00c1\u0160CE. Podm\u00ednkou p\u0159ijet\u00ed \u00fa\u010dastn\u00edka je zaplacen\u00ed poplatku za pobyt ve \u0160D ve stanoven\u00e9m term\u00ednu.<\/p>\n<p><strong>Term\u00edny \u00fahrady<\/strong><\/p>\n<p>M\u011bs\u00ed\u010dn\u00ed v\u00fd\u0161e \u00faplaty je 100 K\u010d.<\/p>\n<p>Je splatn\u00e1 ve 2 term\u00ednech:<\/p>\n<ol>\n<li><strong>term\u00edn (z\u00e1\u0159\u00ed \u2013 prosinec) do 30. 9<\/strong>. \u2013 400 K\u010d<\/li>\n<li><strong> term\u00edn<\/strong><strong> (leden \u2013 \u010derven) do 30.1<\/strong>. &#8211; 600 K\u010d<\/li>\n<\/ol>\n<p>Pokud nebude uhrazena platba do stanoven\u00e9ho data, nebude \u00fa\u010dastn\u00edk od 1. n\u00e1sleduj\u00edc\u00edho m\u011bs\u00edce nav\u0161t\u011bvovat \u0160D a m\u016f\u017ee b\u00fdt ze \u0160D vylou\u010den.\u00a0 Je mo\u017en\u00e9 ji uhradit r\u016fzn\u00fdmi zp\u016fsoby (P\u0158EVODEM Z \u00da\u010cTU, HOTOV\u011a)<\/p>\n<p><strong>Krou\u017eky \u0160D<\/strong><\/p>\n<p>Pond\u011bl\u00ed \u2013 Sportmix \u2013 14.00 (2. a 4. pond\u011bl\u00ed v\u00a0m\u011bs\u00edci \u2013 ve spolupr\u00e1ci se SV\u010c \u0160ipka)<\/p>\n<p>St\u0159eda \u2013 sportovn\u00ed krou\u017eek \u2013 14.00<\/p>\n<p>P\u00e1tek \u2013 po\u010d\u00edta\u010dov\u00fd krou\u017eek \u2013 13.30<\/p>\n<p><strong>Stravov\u00e1n\u00ed<\/strong><\/p>\n<p>\u017d\u00e1ci odch\u00e1z\u00ed na ob\u011bd spole\u010dn\u011b s\u00a0vychovatelkou \u0161koln\u00ed dru\u017einy, kter\u00e1 je p\u0159eb\u00edr\u00e1 od t\u0159\u00eddn\u00ed u\u010ditelky p\u0159ev\u00e1\u017en\u011b po 4. vyu\u010dovac\u00ed hodin\u011b. Db\u00e1 na stravov\u00e1n\u00ed, dodr\u017eov\u00e1n\u00ed pravidel bezpe\u010dnosti p\u0159i stolov\u00e1n\u00ed a vede je k zachov\u00e1n\u00ed spole\u010densk\u00fdch pravidel. Po ob\u011bd\u011b se vrac\u00ed do prostor \u0161koln\u00ed dru\u017einy.<\/p>\n<p>Doporu\u010dujeme z\u00e1konn\u00fdm z\u00e1stupc\u016fm zajistit pro d\u011bti odpoledn\u00ed sva\u010dinu.<\/p>\n<p><strong>Odchody ze \u0160D<\/strong><\/p>\n<p>Rodi\u010de si mohou sv\u00e9 d\u011bti vyzvednout po skon\u010den\u00ed vyu\u010dov\u00e1n\u00ed nejl\u00e9pe do 13.00, potom prob\u00edh\u00e1 hlavn\u00ed z\u00e1jmov\u00e1 \u010dinnost (od 13.00-15.00).<\/p>\n<p>P\u0159i vyzved\u00e1v\u00e1n\u00ed \u017e\u00e1ka z\u00e1konn\u00ed z\u00e1stupci zvon\u00ed na zvonek \u0160D a \u010dekaj\u00ed u vchodu do \u0160D. P\u0159i vyzved\u00e1v\u00e1n\u00ed ze \u0160D nen\u00ed vstup do \u0160D z\u00e1konn\u00fdm z\u00e1stupc\u016fm ani jin\u00fdm osob\u00e1m dovolen.<\/p>\n<p>Pokud bude zm\u011bna odchodu \u017e\u00e1ka z\u00a0\u0160D, z\u00e1konn\u00fd z\u00e1stupce p\u00edsemn\u011b ozn\u00e1m\u00ed do den\u00ed\u010dku zm\u011bnu odchodu, v\u00a0p\u0159\u00edpad\u011b opomenut\u00ed je mo\u017en\u00e9 poslat mobiln\u00ed textovou zpr\u00e1vu \u010di zavolat vychovatelce na slu\u017eebn\u00ed mobil.<\/p>\n<p>Odchody s jinou osobou budou umo\u017en\u011bny na z\u00e1klad\u011b p\u00edsemn\u00e9ho prohl\u00e1\u0161en\u00ed rodi\u010d\u016f. \u00da\u010dastn\u00edk\u016fm je umo\u017en\u011bn odchod do z\u00e1jmov\u00fdch krou\u017ek\u016f mimo \u0160D, odpov\u011bdnost p\u0159eb\u00edraj\u00ed rodi\u010de.<\/p>\n<p>Z\u00e1konn\u00ed z\u00e1stupci \u017e\u00e1ka nebo jimi pov\u011b\u0159en\u00e1 osoba jsou povinni vyzvednout \u017e\u00e1ka nejpozd\u011bji do konce provozn\u00ed doby \u0161koln\u00ed dru\u017einy. V\u00a0p\u0159\u00edpad\u011b, \u017ee tak neu\u010din\u00ed, postupuje vychovatelka takto:<\/p>\n<ul>\n<li>Opakovan\u011b telefonuje z\u00e1konn\u00fdm z\u00e1stupc\u016fm \u017e\u00e1ka<\/li>\n<li>Informuje \u0159editelku \u0161koly<\/li>\n<\/ul>\n<p><strong>Odhl\u00e1\u0161en\u00ed ze \u0160D<\/strong><\/p>\n<p>je mo\u017en\u00e9 b\u011bhem roku p\u00edsemnou formou.<\/p>\n\n\t\t<\/div>\n\t<\/div>\n<\/div><\/div><\/div><div class=\"wpb_column vc_column_container vc_col-sm-4\"><div class=\"vc_column-inner\"><div class=\"wpb_wrapper\"><hr class=\"vertical-space2\">\n\t<div  class=\"wpb_single_image wpb_content_element vc_align_left  wpb_animate_when_almost_visible wpb_right-to-left right-to-left\">\n\t\t\n\t\t<figure class=\"wpb_wrapper vc_figure\">\n\t\t\t<div class=\"vc_single_image-wrapper   vc_box_border_grey\"><img fetchpriority=\"high\" decoding=\"async\" width=\"1024\" height=\"681\" src=\"https:\/\/zszalkovice.cz\/wp-content\/uploads\/2016\/03\/DSC_0865.jpg\" class=\"vc_single_image-img attachment-full\" alt=\"\" srcset=\"https:\/\/zszalkovice.cz\/wp-content\/uploads\/2016\/03\/DSC_0865.jpg 1024w, https:\/\/zszalkovice.cz\/wp-content\/uploads\/2016\/03\/DSC_0865-300x199.jpg 300w, https:\/\/zszalkovice.cz\/wp-content\/uploads\/2016\/03\/DSC_0865-768x511.jpg 768w, https:\/\/zszalkovice.cz\/wp-content\/uploads\/2016\/03\/DSC_0865-420x280.jpg 420w, https:\/\/zszalkovice.cz\/wp-content\/uploads\/2016\/03\/DSC_0865-690x460.jpg 690w, https:\/\/zszalkovice.cz\/wp-content\/uploads\/2016\/03\/DSC_0865-272x182.jpg 272w\" sizes=\"(max-width: 1024px) 100vw, 1024px\" \/><\/div>\n\t\t<\/figure>\n\t<\/div>\n<hr class=\"vertical-space2\">\n\t<div  class=\"wpb_single_image wpb_content_element vc_align_left  wpb_animate_when_almost_visible wpb_right-to-left right-to-left\">\n\t\t\n\t\t<figure class=\"wpb_wrapper vc_figure\">\n\t\t\t<a data-rel=\"prettyPhoto[rel-372-1183194586]\" href=\"https:\/\/zszalkovice.cz\/wp-content\/uploads\/2016\/03\/DSC_0867-1024x681.jpg\" target=\"_self\" class=\"vc_single_image-wrapper   vc_box_border_grey prettyphoto\"><img decoding=\"async\" width=\"1024\" height=\"681\" data-src=\"https:\/\/zszalkovice.cz\/wp-content\/uploads\/2016\/03\/DSC_0867.jpg\" class=\"vc_single_image-img attachment-full lazyload\" alt=\"\" data-srcset=\"https:\/\/zszalkovice.cz\/wp-content\/uploads\/2016\/03\/DSC_0867.jpg 1024w, https:\/\/zszalkovice.cz\/wp-content\/uploads\/2016\/03\/DSC_0867-300x199.jpg 300w, https:\/\/zszalkovice.cz\/wp-content\/uploads\/2016\/03\/DSC_0867-768x511.jpg 768w, https:\/\/zszalkovice.cz\/wp-content\/uploads\/2016\/03\/DSC_0867-420x280.jpg 420w, https:\/\/zszalkovice.cz\/wp-content\/uploads\/2016\/03\/DSC_0867-690x460.jpg 690w, https:\/\/zszalkovice.cz\/wp-content\/uploads\/2016\/03\/DSC_0867-272x182.jpg 272w\" data-sizes=\"(max-width: 1024px) 100vw, 1024px\" src=\"data:image\/svg+xml;base64,PHN2ZyB3aWR0aD0iMSIgaGVpZ2h0PSIxIiB4bWxucz0iaHR0cDovL3d3dy53My5vcmcvMjAwMC9zdmciPjwvc3ZnPg==\" style=\"--smush-placeholder-width: 1024px; --smush-placeholder-aspect-ratio: 1024\/681;\" \/><\/a>\n\t\t<\/figure>\n\t<\/div>\n<hr class=\"vertical-space2\">\n\t<div  class=\"wpb_single_image wpb_content_element vc_align_left  wpb_animate_when_almost_visible wpb_right-to-left right-to-left\">\n\t\t\n\t\t<figure class=\"wpb_wrapper vc_figure\">\n\t\t\t<a data-rel=\"prettyPhoto[rel-372-1060029286]\" href=\"https:\/\/zszalkovice.cz\/wp-content\/uploads\/2016\/03\/DSC_0658-1024x681.jpg\" target=\"_self\" class=\"vc_single_image-wrapper   vc_box_border_grey prettyphoto\"><img decoding=\"async\" width=\"1024\" height=\"681\" data-src=\"https:\/\/zszalkovice.cz\/wp-content\/uploads\/2016\/03\/DSC_0658.jpg\" class=\"vc_single_image-img attachment-full lazyload\" alt=\"\" data-srcset=\"https:\/\/zszalkovice.cz\/wp-content\/uploads\/2016\/03\/DSC_0658.jpg 1024w, https:\/\/zszalkovice.cz\/wp-content\/uploads\/2016\/03\/DSC_0658-300x199.jpg 300w, https:\/\/zszalkovice.cz\/wp-content\/uploads\/2016\/03\/DSC_0658-768x511.jpg 768w, https:\/\/zszalkovice.cz\/wp-content\/uploads\/2016\/03\/DSC_0658-420x280.jpg 420w, https:\/\/zszalkovice.cz\/wp-content\/uploads\/2016\/03\/DSC_0658-690x460.jpg 690w, https:\/\/zszalkovice.cz\/wp-content\/uploads\/2016\/03\/DSC_0658-272x182.jpg 272w\" data-sizes=\"(max-width: 1024px) 100vw, 1024px\" src=\"data:image\/svg+xml;base64,PHN2ZyB3aWR0aD0iMSIgaGVpZ2h0PSIxIiB4bWxucz0iaHR0cDovL3d3dy53My5vcmcvMjAwMC9zdmciPjwvc3ZnPg==\" style=\"--smush-placeholder-width: 1024px; --smush-placeholder-aspect-ratio: 1024\/681;\" \/><\/a>\n\t\t<\/figure>\n\t<\/div>\n<hr class=\"vertical-space2\">\n\t<div  class=\"wpb_single_image wpb_content_element vc_align_left  wpb_animate_when_almost_visible wpb_right-to-left right-to-left\">\n\t\t\n\t\t<figure class=\"wpb_wrapper vc_figure\">\n\t\t\t<a data-rel=\"prettyPhoto[rel-372-1177131043]\" href=\"https:\/\/zszalkovice.cz\/wp-content\/uploads\/2016\/06\/DSC_0149.jpg\" target=\"_self\" class=\"vc_single_image-wrapper   vc_box_border_grey prettyphoto\"><img decoding=\"async\" width=\"602\" height=\"400\" data-src=\"https:\/\/zszalkovice.cz\/wp-content\/uploads\/2016\/06\/DSC_0149.jpg\" class=\"vc_single_image-img attachment-full lazyload\" alt=\"\" data-srcset=\"https:\/\/zszalkovice.cz\/wp-content\/uploads\/2016\/06\/DSC_0149.jpg 602w, https:\/\/zszalkovice.cz\/wp-content\/uploads\/2016\/06\/DSC_0149-300x199.jpg 300w, https:\/\/zszalkovice.cz\/wp-content\/uploads\/2016\/06\/DSC_0149-420x280.jpg 420w\" data-sizes=\"(max-width: 602px) 100vw, 602px\" src=\"data:image\/svg+xml;base64,PHN2ZyB3aWR0aD0iMSIgaGVpZ2h0PSIxIiB4bWxucz0iaHR0cDovL3d3dy53My5vcmcvMjAwMC9zdmciPjwvc3ZnPg==\" style=\"--smush-placeholder-width: 602px; --smush-placeholder-aspect-ratio: 602\/400;\" \/><\/a>\n\t\t<\/figure>\n\t<\/div>\n<hr class=\"vertical-space2\">\n\t<div  class=\"wpb_single_image wpb_content_element vc_align_left  wpb_animate_when_almost_visible wpb_right-to-left right-to-left\">\n\t\t\n\t\t<figure class=\"wpb_wrapper vc_figure\">\n\t\t\t<a data-rel=\"prettyPhoto[rel-372-53219464]\" href=\"https:\/\/zszalkovice.cz\/wp-content\/uploads\/2016\/03\/DSC_0661-1024x681.jpg\" target=\"_self\" class=\"vc_single_image-wrapper   vc_box_border_grey prettyphoto\"><img decoding=\"async\" width=\"1024\" height=\"681\" data-src=\"https:\/\/zszalkovice.cz\/wp-content\/uploads\/2016\/03\/DSC_0661.jpg\" class=\"vc_single_image-img attachment-full lazyload\" alt=\"\" data-srcset=\"https:\/\/zszalkovice.cz\/wp-content\/uploads\/2016\/03\/DSC_0661.jpg 1024w, https:\/\/zszalkovice.cz\/wp-content\/uploads\/2016\/03\/DSC_0661-300x199.jpg 300w, https:\/\/zszalkovice.cz\/wp-content\/uploads\/2016\/03\/DSC_0661-768x511.jpg 768w, https:\/\/zszalkovice.cz\/wp-content\/uploads\/2016\/03\/DSC_0661-420x280.jpg 420w, https:\/\/zszalkovice.cz\/wp-content\/uploads\/2016\/03\/DSC_0661-690x460.jpg 690w, https:\/\/zszalkovice.cz\/wp-content\/uploads\/2016\/03\/DSC_0661-272x182.jpg 272w\" data-sizes=\"(max-width: 1024px) 100vw, 1024px\" src=\"data:image\/svg+xml;base64,PHN2ZyB3aWR0aD0iMSIgaGVpZ2h0PSIxIiB4bWxucz0iaHR0cDovL3d3dy53My5vcmcvMjAwMC9zdmciPjwvc3ZnPg==\" style=\"--smush-placeholder-width: 1024px; --smush-placeholder-aspect-ratio: 1024\/681;\" \/><\/a>\n\t\t<\/figure>\n\t<\/div>\n<\/div><\/div><\/div><\/div>\n\t<div class=\"wpb_text_column wpb_content_element  wpb_animate_when_almost_visible wpb_right-to-left right-to-left vc_custom_1518687891928\" >\n\t\t<div class=\"wpb_wrapper\">\n\t\t\t\n\t\t<\/div>\n\t<\/div>\n<\/div><\/div><\/div><\/section>","protected":false},"excerpt":{"rendered":"\u0160KOLN\u00cd DRU\u017dINAPavu\u010dinka \u0160koln\u00ed dru\u017eina poskytuje d\u011btem z\u00e1jmov\u00e9 vzd\u011bl\u00e1v\u00e1n\u00ed mimo vyu\u010dov\u00e1n\u00ed. V\u00fdchova mimo vyu\u010dov\u00e1n\u00ed navazuje na \u0161koln\u00ed vyu\u010dov\u00e1n\u00ed a na v\u00fdchovn\u00e9 p\u016fsoben\u00ed v rodin\u011b. Vytv\u00e1\u0159\u00ed prostor pro pohybov\u011b rekrea\u010dn\u00ed programy, rozv\u00edj\u00ed d\u011btskou tvo\u0159ivost i fantazii, p\u011bveck\u00e9, poslechov\u00e9 i tane\u010dn\u00ed aktivity. Prost\u0159ednictv\u00edm tohoto p\u016fsoben\u00ed rozv\u00edj\u00ed osobnost d\u00edt\u011bte, jeho v\u00fdtvarn\u00e9 my\u0161len\u00ed, smyslov\u00e9 vn\u00edm\u00e1n\u00ed, roz\u0161i\u0159uje okruh v\u011bdomost\u00ed, dovednost\u00ed, pracovn\u00edch n\u00e1vyk\u016f. Zohled\u0148uje aktivity a individu\u00e1ln\u00ed p\u0159\u00e1n\u00ed d\u011bt\u00ed. Vede d\u011bti k p\u011bkn\u00e9mu spole\u010densk\u00e9mu chov\u00e1n\u00ed, slu\u0161n\u00e9mu vystupov\u00e1n\u00ed, k dopravn\u00ed k\u00e1zni, k rozumn\u00e9mu vyu\u017e\u00edv\u00e1n\u00ed voln\u00e9ho \u010dasu. D\u00edt\u011b se u\u010d\u00ed p\u0159ekon\u00e1vat obt\u00ed\u017ee, dodr\u017eovat pravidla p\u0159i sportu, souc\u00edtit s druh\u00fdm \u010dlov\u011bkem, sna\u017e\u00ed se pomoci v p\u0159\u00edpad\u011b nutnosti. Organizace \u010dinnosti Provoz \u0161koln\u00ed dru\u017einy \u010cinnost \u0160D prob\u00edh\u00e1 v\u00a0jednom odd\u011blen\u00ed. Odpoledn\u00ed provoz Provozn\u00ed doba \u0160D je denn\u011b po skon\u010den\u00ed posledn\u00ed vyu\u010duj\u00edc\u00ed hodiny do 15.45 hodin: pond\u011bl\u00ed od 12:20 \u00fater\u00fd \u00a0\u00a0 \u00a0od 11:25 st\u0159eda \u00a0od 11:25 \u010dtvrtek od 10:30 p\u00e1tek \u00a0 \u00a0od 11:25 Doj\u00ed\u017ed\u011bj\u00edc\u00ed \u017e\u00e1ky pou\u0161t\u00edme z\u00a0odd\u011blen\u00ed \u0160D dle odjezdu autobus\u016f a po\u017eadavk\u016f rodi\u010d\u016f. O hlavn\u00edch a vedlej\u0161\u00edch pr\u00e1zdnin\u00e1ch je \u0160D mimo provoz. Pokud \u017e\u00e1ci nav\u0161t\u011bvuj\u00ed krou\u017eky po\u0159\u00e1dan\u00e9 \u0161kolou v\u00a0odpoledn\u00edch hodin\u00e1ch, odch\u00e1z\u00ed a vrac\u00ed se zp\u011bt do \u0161koln\u00ed dru\u017einy. Po dobu trv\u00e1n\u00ed krou\u017ek\u016f p\u0159eb\u00edr\u00e1 za \u017e\u00e1ka odpov\u011bdnost vedouc\u00ed krou\u017ek\u016f. Akce \u0161koln\u00ed dru\u017einy v\u00a0pr\u016fb\u011bhu \u0161koln\u00edho roku budou pro z\u00e1konn\u00e9 z\u00e1stupce zve\u0159ej\u0148ov\u00e1ny v\u00a0\u010dasov\u00e9m p\u0159edstihu(plak\u00e1ty v\u00a0prostor\u00e1ch \u0161koly, informace na l\u00edste\u010dc\u00edch a na webov\u00fdch str\u00e1nk\u00e1ch \u0161koly). P\u0159ihl\u00e1\u0161en\u00ed Do \u0160D mohou b\u00fdt p\u0159ihl\u00e1\u0161eni \u017e\u00e1ci 1. a\u017e 4. ro\u010dn\u00edku Z\u0160 na z\u00e1klad\u011b vypln\u011bn\u00e9 P\u0158IHL\u00c1\u0160KY s vyzna\u010denou dobou pobytu \u00fa\u010dastn\u00edka ve \u0160D a stanovenou dobou odchodu (S\u00c1M\/DOPROVOD). Vychovatelka p\u0159ed\u00e1v\u00e1 \u00fa\u010dastn\u00edka pouze osob\u00e1m uveden\u00fdm na P\u0158IHL\u00c1\u0160CE. Podm\u00ednkou p\u0159ijet\u00ed \u00fa\u010dastn\u00edka je zaplacen\u00ed poplatku za pobyt ve \u0160D ve stanoven\u00e9m term\u00ednu. Term\u00edny \u00fahrady M\u011bs\u00ed\u010dn\u00ed v\u00fd\u0161e \u00faplaty je 100 K\u010d. Je splatn\u00e1 ve 2 term\u00ednech: term\u00edn (z\u00e1\u0159\u00ed \u2013 prosinec) do 30. 9. \u2013 400 K\u010d term\u00edn (leden \u2013 \u010derven) do 30.1. - 600 K\u010d Pokud nebude uhrazena platba do stanoven\u00e9ho data, nebude \u00fa\u010dastn\u00edk od 1.... <br><br><a class=\"readmore\" href=\"https:\/\/zszalkovice.cz\/en\/informace-o-skolni-druzine\/\">V\u00edce informac\u00ed<\/a>","protected":false},"author":1,"featured_media":0,"parent":0,"menu_order":0,"comment_status":"closed","ping_status":"closed","template":"","meta":{"footnotes":""},"class_list":["post-372","page","type-page","status-publish","hentry"],"yoast_head":"<!-- This site is optimized with the Yoast SEO plugin v25.5 - https:\/\/yoast.com\/wordpress\/plugins\/seo\/ -->\n<title>Informace o \u0161koln\u00ed dru\u017ein\u011b | ZS ZALKOVICE<\/title>\n<meta name=\"robots\" content=\"index, follow, max-snippet:-1, max-image-preview:large, max-video-preview:-1\" \/>\n<link rel=\"canonical\" href=\"https:\/\/zszalkovice.cz\/en\/informace-o-skolni-druzine\/\" \/>\n<meta property=\"og:locale\" content=\"en_US\" \/>\n<meta property=\"og:type\" content=\"article\" \/>\n<meta property=\"og:title\" content=\"Informace o \u0161koln\u00ed dru\u017ein\u011b | ZS ZALKOVICE\" \/>\n<meta property=\"og:url\" content=\"https:\/\/zszalkovice.cz\/en\/informace-o-skolni-druzine\/\" \/>\n<meta property=\"og:site_name\" content=\"ZS ZALKOVICE\" \/>\n<meta property=\"article:modified_time\" content=\"2020-09-17T19:18:29+00:00\" \/>\n<meta name=\"twitter:card\" content=\"summary_large_image\" \/>\n<meta name=\"twitter:label1\" content=\"Est. reading time\" \/>\n\t<meta name=\"twitter:data1\" content=\"5 minutes\" \/>\n<script type=\"application\/ld+json\" class=\"yoast-schema-graph\">{\"@context\":\"https:\/\/schema.org\",\"@graph\":[{\"@type\":\"WebPage\",\"@id\":\"https:\/\/zszalkovice.cz\/informace-o-skolni-druzine\/\",\"url\":\"https:\/\/zszalkovice.cz\/informace-o-skolni-druzine\/\",\"name\":\"Informace o \u0161koln\u00ed dru\u017ein\u011b | ZS ZALKOVICE\",\"isPartOf\":{\"@id\":\"https:\/\/zszalkovice.cz\/en\/#website\"},\"datePublished\":\"2016-03-30T09:00:30+00:00\",\"dateModified\":\"2020-09-17T19:18:29+00:00\",\"breadcrumb\":{\"@id\":\"https:\/\/zszalkovice.cz\/informace-o-skolni-druzine\/#breadcrumb\"},\"inLanguage\":\"en-US\",\"potentialAction\":[{\"@type\":\"ReadAction\",\"target\":[\"https:\/\/zszalkovice.cz\/informace-o-skolni-druzine\/\"]}]},{\"@type\":\"BreadcrumbList\",\"@id\":\"https:\/\/zszalkovice.cz\/informace-o-skolni-druzine\/#breadcrumb\",\"itemListElement\":[{\"@type\":\"ListItem\",\"position\":1,\"name\":\"Home\",\"item\":\"https:\/\/zszalkovice.cz\/\"},{\"@type\":\"ListItem\",\"position\":2,\"name\":\"Informace o \u0161koln\u00ed dru\u017ein\u011b\"}]},{\"@type\":\"WebSite\",\"@id\":\"https:\/\/zszalkovice.cz\/en\/#website\",\"url\":\"https:\/\/zszalkovice.cz\/en\/\",\"name\":\"ZS ZALKOVICE\",\"description\":\"ZS ZALKOVICE\",\"publisher\":{\"@id\":\"https:\/\/zszalkovice.cz\/en\/#organization\"},\"potentialAction\":[{\"@type\":\"SearchAction\",\"target\":{\"@type\":\"EntryPoint\",\"urlTemplate\":\"https:\/\/zszalkovice.cz\/en\/?s={search_term_string}\"},\"query-input\":{\"@type\":\"PropertyValueSpecification\",\"valueRequired\":true,\"valueName\":\"search_term_string\"}}],\"inLanguage\":\"en-US\"},{\"@type\":\"Organization\",\"@id\":\"https:\/\/zszalkovice.cz\/en\/#organization\",\"name\":\"Z\u0160 a M\u0160 \u017dalkovice\",\"url\":\"https:\/\/zszalkovice.cz\/en\/\",\"logo\":{\"@type\":\"ImageObject\",\"inLanguage\":\"en-US\",\"@id\":\"https:\/\/zszalkovice.cz\/en\/#\/schema\/logo\/image\/\",\"url\":\"https:\/\/blanchedalmond-starling-735365.hostingersite.com\/wp-content\/uploads\/2020\/04\/logo-2-e1590092978599.png\",\"contentUrl\":\"https:\/\/blanchedalmond-starling-735365.hostingersite.com\/wp-content\/uploads\/2020\/04\/logo-2-e1590092978599.png\",\"width\":839,\"height\":200,\"caption\":\"Z\u0160 a M\u0160 \u017dalkovice\"},\"image\":{\"@id\":\"https:\/\/zszalkovice.cz\/en\/#\/schema\/logo\/image\/\"}}]}<\/script>\n<!-- \/ Yoast SEO plugin. -->","yoast_head_json":{"title":"Informace o \u0161koln\u00ed dru\u017ein\u011b | ZS ZALKOVICE","robots":{"index":"index","follow":"follow","max-snippet":"max-snippet:-1","max-image-preview":"max-image-preview:large","max-video-preview":"max-video-preview:-1"},"canonical":"https:\/\/zszalkovice.cz\/en\/informace-o-skolni-druzine\/","og_locale":"en_US","og_type":"article","og_title":"Informace o \u0161koln\u00ed dru\u017ein\u011b | ZS ZALKOVICE","og_url":"https:\/\/zszalkovice.cz\/en\/informace-o-skolni-druzine\/","og_site_name":"ZS ZALKOVICE","article_modified_time":"2020-09-17T19:18:29+00:00","twitter_card":"summary_large_image","twitter_misc":{"Est. reading time":"5 minutes"},"schema":{"@context":"https:\/\/schema.org","@graph":[{"@type":"WebPage","@id":"https:\/\/zszalkovice.cz\/informace-o-skolni-druzine\/","url":"https:\/\/zszalkovice.cz\/informace-o-skolni-druzine\/","name":"Informace o \u0161koln\u00ed dru\u017ein\u011b | ZS ZALKOVICE","isPartOf":{"@id":"https:\/\/zszalkovice.cz\/en\/#website"},"datePublished":"2016-03-30T09:00:30+00:00","dateModified":"2020-09-17T19:18:29+00:00","breadcrumb":{"@id":"https:\/\/zszalkovice.cz\/informace-o-skolni-druzine\/#breadcrumb"},"inLanguage":"en-US","potentialAction":[{"@type":"ReadAction","target":["https:\/\/zszalkovice.cz\/informace-o-skolni-druzine\/"]}]},{"@type":"BreadcrumbList","@id":"https:\/\/zszalkovice.cz\/informace-o-skolni-druzine\/#breadcrumb","itemListElement":[{"@type":"ListItem","position":1,"name":"Home","item":"https:\/\/zszalkovice.cz\/"},{"@type":"ListItem","position":2,"name":"Informace o \u0161koln\u00ed dru\u017ein\u011b"}]},{"@type":"WebSite","@id":"https:\/\/zszalkovice.cz\/en\/#website","url":"https:\/\/zszalkovice.cz\/en\/","name":"ZS ZALKOVICE","description":"ZS ZALKOVICE","publisher":{"@id":"https:\/\/zszalkovice.cz\/en\/#organization"},"potentialAction":[{"@type":"SearchAction","target":{"@type":"EntryPoint","urlTemplate":"https:\/\/zszalkovice.cz\/en\/?s={search_term_string}"},"query-input":{"@type":"PropertyValueSpecification","valueRequired":true,"valueName":"search_term_string"}}],"inLanguage":"en-US"},{"@type":"Organization","@id":"https:\/\/zszalkovice.cz\/en\/#organization","name":"Z\u0160 a M\u0160 \u017dalkovice","url":"https:\/\/zszalkovice.cz\/en\/","logo":{"@type":"ImageObject","inLanguage":"en-US","@id":"https:\/\/zszalkovice.cz\/en\/#\/schema\/logo\/image\/","url":"https:\/\/blanchedalmond-starling-735365.hostingersite.com\/wp-content\/uploads\/2020\/04\/logo-2-e1590092978599.png","contentUrl":"https:\/\/blanchedalmond-starling-735365.hostingersite.com\/wp-content\/uploads\/2020\/04\/logo-2-e1590092978599.png","width":839,"height":200,"caption":"Z\u0160 a M\u0160 \u017dalkovice"},"image":{"@id":"https:\/\/zszalkovice.cz\/en\/#\/schema\/logo\/image\/"}}]}},"_links":{"self":[{"href":"https:\/\/zszalkovice.cz\/en\/wp-json\/wp\/v2\/pages\/372","targetHints":{"allow":["GET"]}}],"collection":[{"href":"https:\/\/zszalkovice.cz\/en\/wp-json\/wp\/v2\/pages"}],"about":[{"href":"https:\/\/zszalkovice.cz\/en\/wp-json\/wp\/v2\/types\/page"}],"author":[{"embeddable":true,"href":"https:\/\/zszalkovice.cz\/en\/wp-json\/wp\/v2\/users\/1"}],"replies":[{"embeddable":true,"href":"https:\/\/zszalkovice.cz\/en\/wp-json\/wp\/v2\/comments?post=372"}],"version-history":[{"count":47,"href":"https:\/\/zszalkovice.cz\/en\/wp-json\/wp\/v2\/pages\/372\/revisions"}],"predecessor-version":[{"id":20296,"href":"https:\/\/zszalkovice.cz\/en\/wp-json\/wp\/v2\/pages\/372\/revisions\/20296"}],"wp:attachment":[{"href":"https:\/\/zszalkovice.cz\/en\/wp-json\/wp\/v2\/media?parent=372"}],"curies":[{"name":"wp","href":"https:\/\/api.w.org\/{rel}","templated":true}]}}