{"id":9134,"date":"2016-07-17T06:10:33","date_gmt":"2016-07-17T06:10:33","guid":{"rendered":"http:\/\/webnus.biz\/themes\/michigan\/kids\/?page_id=9134"},"modified":"2020-09-07T08:25:18","modified_gmt":"2020-09-07T08:25:18","slug":"jidelnicek","status":"publish","type":"page","link":"https:\/\/zszalkovice.cz\/en\/jidelnicek\/","title":{"rendered":"J\u00eddeln\u00ed\u010dek"},"content":{"rendered":"<section class=\"wpb_row\"><div class=\"wpb_column vc_column_container vc_col-sm-12\"><div class=\"vc_column-inner vc_custom_1464693044220\"><div class=\"wpb_wrapper\"><div class=\"vc_row wpb_row vc_inner vc_row-fluid\"><div class=\"wpb_column vc_column_container vc_col-sm-6\"><div class=\"vc_column-inner\"><div class=\"wpb_wrapper\"><div class=\"w-divider11\"><h3 class=\"colorf\" style=\"color:\"><span class=\"spl\">INFORMACE <\/span><span class=\"spr\">o stravov\u00e1n\u00ed<\/span><\/h3><\/div>\n\t<div class=\"wpb_text_column wpb_content_element\" >\n\t\t<div class=\"wpb_wrapper\">\n\t\t\t<h1><span style=\"font-size: 14pt;\"><strong>Za\u0159\u00edzen\u00ed \u0161koln\u00edho stravov\u00e1n\u00ed B\u0159est, okres Krom\u011b\u0159\u00ed\u017e, p\u0159\u00edsp.org.<\/strong><\/span><\/h1>\n<ol>\n<li>Strava v Z\u0160S je p\u0159ipravov\u00e1na ve smyslu vyhl\u00e1\u0161ky ministerstva \u0161kolstv\u00ed \u010d. 107\/2005 Sb. o \u0161koln\u00edm stravov\u00e1n\u00ed a z&nbsp;vyhl\u00e1\u0161ek ministerstva zdravotnictv\u00ed \u010d. 137\/2001 Sb. d\u00e1le z&nbsp;vyhl\u00e1\u0161ky \u010d. 14\/2004 o p\u0159ed\u0161koln\u00edm vzd\u011bl\u00e1v\u00e1n\u00ed.<\/li>\n<li>Str\u00e1vn\u00edka p\u0159ihla\u0161uje k&nbsp;odb\u011bru stravy jeho z\u00e1konn\u00fd z\u00e1stupce podpisem n\u00ed\u017ee uveden\u00e9 p\u0159ihl\u00e1\u0161ky ka\u017ed\u00fd rok.<\/li>\n<li>Odhla\u0161ov\u00e1n\u00ed a p\u0159ihla\u0161ov\u00e1n\u00ed str\u00e1vn\u00edk\u016f v&nbsp;M\u0160 a Z\u0160 se prov\u00e1d\u00ed p\u0159\u00edmo v&nbsp;M\u0160 a Z\u0160 \u017dalkovice. Mimo\u0159\u00e1dn\u00e9 p\u0159\u00edpady bude \u0159e\u0161it p\u0159\u00edmo \u0159editelstv\u00ed \u0161koly nebo z\u00e1konn\u00fd z\u00e1stupce s&nbsp;veden\u00edm j\u00eddelny tj. mo\u017enost mimo\u0159\u00e1dn\u00e9ho p\u0159ihl\u00e1\u0161en\u00ed podle skladby j\u00eddeln\u00ed\u010dku v&nbsp;ten den).<\/li>\n<li>Stravov\u00e1n\u00ed \u017e\u00e1k\u016f a d\u011bt\u00ed v&nbsp;M\u0160 v&nbsp;dob\u011b pr\u00e1zdnin \u2013 viz vnit\u0159n\u00ed \u0159\u00e1d Z\u0160S \u2013 v\u00fddejny<\/li>\n<li>V\u00fdb\u011br stravn\u00e9ho prob\u00edh\u00e1 dle pokyn\u016f \u0159editelky Z\u0160S zasl\u00e1n\u00edm e-mailu z\u00e1konn\u00e9mu z\u00e1stupci o v\u00fd\u0161i z\u00e1lohy a term\u00ednu v\u00fdb\u011bru na ka\u017ed\u00fd m\u011bs\u00edc zvl\u00e1\u0161\u0165. Stravn\u00e9 se vyb\u00edr\u00e1 z\u00e1lohov\u011b koncem m\u011bs\u00edce na m\u011bs\u00edc n\u00e1sleduj\u00edc\u00ed bu\u010f v hotovosti nebo bezhotovostn\u011b.<\/li>\n<li>V&nbsp;p\u0159\u00edpad\u011b p\u0159ipom\u00ednek rodi\u010d\u016f ke stravov\u00e1n\u00ed, se rodi\u010d \u010di kdokoli jin\u00fd obr\u00e1t\u00ed na veden\u00ed Z\u0160S nebo \u0159editelstv\u00ed M\u0160 a Z\u0160, spolu pak budou hledat mo\u017enosti \u0159e\u0161en\u00ed.<\/li>\n<li>Str\u00e1vn\u00edci a rodi\u010de maj\u00ed mo\u017enost se sezn\u00e1mit s&nbsp;j\u00eddeln\u00ed\u010dkem v&nbsp;M\u0160 a Z\u0160 \u017dalkovice nebo na webov\u00fdch str\u00e1nk\u00e1ch Z\u0160S B\u0159est.<\/li>\n<li><strong>Pln\u00e9 zn\u011bn\u00ed provozn\u00edho \u0159\u00e1du Z\u0160S je vyv\u011b\u0161eno v Z\u0160S B\u0159est nebo na webov\u00fdch str\u00e1nk\u00e1ch Z\u0160S. S&nbsp;ve\u0161ker\u00fdmi dotazy k&nbsp;provozu se obracejte p\u0159\u00edmo na \u0159editelku j\u00eddelny Annu Koudeln\u00ed\u010dkovou \u2013 telefon 573&nbsp;354&nbsp;051, e-mailov\u00e1 adresa: <\/strong><a href=\"mailto:sjbrest@tiscali.cz\"><strong>sjbrest@tiscali.cz<\/strong><\/a><strong>, <a href=\"http:\/\/www.sjbrest.webnode.cz\">www.sjbrest.webnode.cz<\/a><\/strong><\/li>\n<\/ol>\n\n\t\t<\/div>\n\t<\/div>\n<\/div><\/div><\/div><div class=\"wpb_column vc_column_container vc_col-sm-6\"><div class=\"vc_column-inner\"><div class=\"wpb_wrapper\"><hr class=\"vertical-space1\"><div class=\"w-divider11\"><h3 class=\"colorf\" style=\"color:\"><span class=\"spl\">Aktu\u00e1ln\u00ed <\/span><span class=\"spr\">j\u00eddeln\u00ed\u010dek<\/span><\/h3><\/div>\n\t<div class=\"wpb_text_column wpb_content_element\" >\n\t\t<div class=\"wpb_wrapper\">\n\t\t\t<p><span style=\"font-size: 14pt;\">J\u00eddeln\u00ed\u010dek na aktu\u00e1ln\u00ed t\u00fdden nalezenete na<strong> <a href=\"http:\/\/www.sjbrest.webnode.cz\/jidelnicek\">www.sjbrest.webnode.cz<\/a><\/strong><\/span><\/p>\n\n\t\t<\/div>\n\t<\/div>\n<div class=\"w-divider11\"><h3 class=\"colorf\" style=\"color:\"><span class=\"spl\">CENA STRAVN\u00c9HO<\/span><span class=\"spr\">Z\u0160<\/span><\/h3><\/div>\n\t<div class=\"wpb_text_column wpb_content_element\" >\n\t\t<div class=\"wpb_wrapper\">\n\t\t\t<ul>\n<li>kategorie &nbsp;&nbsp;7 \u2013 10 let 22,- K\u010d<\/li>\n<li>kategorie 11 \u2013 14 let 24,- K\u010d<\/li>\n<\/ul>\n\n\t\t<\/div>\n\t<\/div>\n<div class=\"w-divider11\"><h3 class=\"colorf\" style=\"color:\"><span class=\"spl\">CENA STRAVN\u00c9HO<\/span><span class=\"spr\">M\u0160<\/span><\/h3><\/div>\n\t<div class=\"wpb_text_column wpb_content_element\" >\n\t\t<div class=\"wpb_wrapper\">\n\t\t\t<ul>\n<li>pro kategorii 3 \u2013 &nbsp;6 let &nbsp;&#8211; p\u0159esn\u00edd\u00e1vka 9,- K\u010d, ob\u011bd 18,-&nbsp; K\u010d, sva\u010dina 9,- K\u010d v\u010detn\u011b n\u00e1poj\u016f<\/li>\n<li>pro kategorii 7 &#8211; 10 let &#8211; p\u0159esn\u00edd\u00e1vka 9,- K\u010d, ob\u011bd 22,- K\u010d, sva\u010dina 9,- K\u010d v\u010detn\u011b n\u00e1poj\u016f<\/li>\n<\/ul>\n\n\t\t<\/div>\n\t<\/div>\n<\/div><\/div><\/div><\/div>\n\t<div class=\"wpb_text_column wpb_content_element\" >\n\t\t<div class=\"wpb_wrapper\">\n\t\t\t<p><strong><em>P\u0159i bezhotovostn\u00ed \u00fahrad\u011b je t\u0159eba kontaktovat \u0159editelku Z\u0160S (nutn\u00fd variabiln\u00ed symbol) \u2013\u00a0<\/em><\/strong><strong><em>\u00a0NET\u00ddK\u00c1 SE ST\u00c1VAJ\u00cdC\u00cdCH STR\u00c1VN\u00cdK\u016e, KTE\u0158\u00cd MAJ\u00cd JI\u017d TRVAL\u00dd P\u0158\u00cdKAZ Z\u0158\u00cdZEN\u00dd.\u00a0<\/em><\/strong>\u00a0<strong><em>V\u00dd\u0160E Z\u00c1LOH \u2013 Z\u0160 &#8211;\u00a0 450,- K\u010d, M\u0160 \u2013 pouze rann\u00ed sva\u010dinka 200,- K\u010d, rann\u00ed sva\u010dinka + ob\u011bd 550,- K\u010d, cel\u00fd den 700,- K\u010d.\u00a0<\/em><\/strong><strong><em><u>Vy\u00fa\u010dtov\u00e1n\u00ed se bude prov\u00e1d\u011bt k\u00a031. 12. , nebo na \u017e\u00e1dost z\u00e1konn\u00e9ho z\u00e1stupce.<\/u><\/em><\/strong><\/p>\n<p><strong>Pro za\u0159azen\u00ed d\u00edt\u011bte do p\u0159\u00edslu\u0161n\u00e9 kategorie je rozhoduj\u00edc\u00ed v\u011bk d\u00edt\u011bte, kter\u00e9ho dos\u00e1hne v p\u0159\u00edslu\u0161n\u00e9m \u0161koln\u00edm roce tj. od 1. 9. 2020 do 31. 8. 2021. Proto \u017e\u00e1d\u00e1m i vypln\u011bn\u00ed<\/strong> <strong>data narozen\u00ed<\/strong>. Z\u0160S si vyhrazuje pr\u00e1vo \u00a0pr\u016fb\u011bhu roku na z\u00e1klad\u011b zm\u011bny cen v\u00fdrobn\u00edch n\u00e1klad\u016f upravovat cenu stravn\u00e9ho. V\u00a0p\u0159\u00edpad\u011b nezaplacen\u00ed stravy bude str\u00e1vn\u00edk odhl\u00e1\u0161en do doby uhrazen\u00ed.<\/p>\n\n\t\t<\/div>\n\t<\/div>\n<\/div><\/div><\/div><\/section>","protected":false},"excerpt":{"rendered":"INFORMACE o stravov\u00e1n\u00ed Za\u0159\u00edzen\u00ed \u0161koln\u00edho stravov\u00e1n\u00ed B\u0159est, okres Krom\u011b\u0159\u00ed\u017e, p\u0159\u00edsp.org. Strava v Z\u0160S je p\u0159ipravov\u00e1na ve smyslu vyhl\u00e1\u0161ky ministerstva \u0161kolstv\u00ed \u010d. 107\/2005 Sb. o \u0161koln\u00edm stravov\u00e1n\u00ed a z&nbsp;vyhl\u00e1\u0161ek ministerstva zdravotnictv\u00ed \u010d. 137\/2001 Sb. d\u00e1le z&nbsp;vyhl\u00e1\u0161ky \u010d. 14\/2004 o p\u0159ed\u0161koln\u00edm vzd\u011bl\u00e1v\u00e1n\u00ed. Str\u00e1vn\u00edka p\u0159ihla\u0161uje k&nbsp;odb\u011bru stravy jeho z\u00e1konn\u00fd z\u00e1stupce podpisem n\u00ed\u017ee uveden\u00e9 p\u0159ihl\u00e1\u0161ky ka\u017ed\u00fd rok. Odhla\u0161ov\u00e1n\u00ed a p\u0159ihla\u0161ov\u00e1n\u00ed str\u00e1vn\u00edk\u016f v&nbsp;M\u0160 a Z\u0160 se prov\u00e1d\u00ed p\u0159\u00edmo v&nbsp;M\u0160 a Z\u0160 \u017dalkovice. Mimo\u0159\u00e1dn\u00e9 p\u0159\u00edpady bude \u0159e\u0161it p\u0159\u00edmo \u0159editelstv\u00ed \u0161koly nebo z\u00e1konn\u00fd z\u00e1stupce s&nbsp;veden\u00edm j\u00eddelny tj. mo\u017enost mimo\u0159\u00e1dn\u00e9ho p\u0159ihl\u00e1\u0161en\u00ed podle skladby j\u00eddeln\u00ed\u010dku v&nbsp;ten den). Stravov\u00e1n\u00ed \u017e\u00e1k\u016f a d\u011bt\u00ed v&nbsp;M\u0160 v&nbsp;dob\u011b pr\u00e1zdnin \u2013 viz vnit\u0159n\u00ed \u0159\u00e1d Z\u0160S \u2013 v\u00fddejny V\u00fdb\u011br stravn\u00e9ho prob\u00edh\u00e1 dle pokyn\u016f \u0159editelky Z\u0160S zasl\u00e1n\u00edm e-mailu z\u00e1konn\u00e9mu z\u00e1stupci o v\u00fd\u0161i z\u00e1lohy a term\u00ednu v\u00fdb\u011bru na ka\u017ed\u00fd m\u011bs\u00edc zvl\u00e1\u0161\u0165. Stravn\u00e9 se vyb\u00edr\u00e1 z\u00e1lohov\u011b koncem m\u011bs\u00edce na m\u011bs\u00edc n\u00e1sleduj\u00edc\u00ed bu\u010f v hotovosti nebo bezhotovostn\u011b. V&nbsp;p\u0159\u00edpad\u011b p\u0159ipom\u00ednek rodi\u010d\u016f ke stravov\u00e1n\u00ed, se rodi\u010d \u010di kdokoli jin\u00fd obr\u00e1t\u00ed na veden\u00ed Z\u0160S nebo \u0159editelstv\u00ed M\u0160 a Z\u0160, spolu pak budou hledat mo\u017enosti \u0159e\u0161en\u00ed. Str\u00e1vn\u00edci a rodi\u010de maj\u00ed mo\u017enost se sezn\u00e1mit s&nbsp;j\u00eddeln\u00ed\u010dkem v&nbsp;M\u0160 a Z\u0160 \u017dalkovice nebo na webov\u00fdch str\u00e1nk\u00e1ch Z\u0160S B\u0159est. Pln\u00e9 zn\u011bn\u00ed provozn\u00edho \u0159\u00e1du Z\u0160S je vyv\u011b\u0161eno v Z\u0160S B\u0159est nebo na webov\u00fdch str\u00e1nk\u00e1ch Z\u0160S. S&nbsp;ve\u0161ker\u00fdmi dotazy k&nbsp;provozu se obracejte p\u0159\u00edmo na \u0159editelku j\u00eddelny Annu Koudeln\u00ed\u010dkovou \u2013 telefon 573&nbsp;354&nbsp;051, e-mailov\u00e1 adresa: sjbrest@tiscali.cz, www.sjbrest.webnode.cz Aktu\u00e1ln\u00ed j\u00eddeln\u00ed\u010dek J\u00eddeln\u00ed\u010dek na aktu\u00e1ln\u00ed t\u00fdden nalezenete na www.sjbrest.webnode.cz CENA STRAVN\u00c9HOZ\u0160 kategorie &nbsp;&nbsp;7 \u2013 10 let 22,- K\u010d kategorie 11 \u2013 14 let 24,- K\u010d CENA STRAVN\u00c9HOM\u0160 pro kategorii 3 \u2013 &nbsp;6 let &nbsp;- p\u0159esn\u00edd\u00e1vka 9,- K\u010d, ob\u011bd 18,-&nbsp; K\u010d, sva\u010dina 9,- K\u010d v\u010detn\u011b n\u00e1poj\u016f pro kategorii 7 - 10 let - p\u0159esn\u00edd\u00e1vka 9,- K\u010d, ob\u011bd 22,- K\u010d, sva\u010dina 9,- K\u010d v\u010detn\u011b n\u00e1poj\u016f P\u0159i bezhotovostn\u00ed \u00fahrad\u011b je t\u0159eba kontaktovat \u0159editelku Z\u0160S (nutn\u00fd variabiln\u00ed symbol) \u2013\u00a0\u00a0NET\u00ddK\u00c1 SE ST\u00c1VAJ\u00cdC\u00cdCH STR\u00c1VN\u00cdK\u016e, KTE\u0158\u00cd MAJ\u00cd JI\u017d TRVAL\u00dd P\u0158\u00cdKAZ Z\u0158\u00cdZEN\u00dd.\u00a0\u00a0V\u00dd\u0160E Z\u00c1LOH \u2013 Z\u0160... <br><br><a class=\"readmore\" href=\"https:\/\/zszalkovice.cz\/en\/jidelnicek\/\">V\u00edce informac\u00ed<\/a>","protected":false},"author":1,"featured_media":0,"parent":0,"menu_order":0,"comment_status":"closed","ping_status":"closed","template":"","meta":{"footnotes":""},"class_list":["post-9134","page","type-page","status-publish","hentry"],"yoast_head":"<!-- This site is optimized with the Yoast SEO plugin v25.5 - https:\/\/yoast.com\/wordpress\/plugins\/seo\/ -->\n<title>J\u00eddeln\u00ed\u010dek | ZS ZALKOVICE<\/title>\n<meta name=\"robots\" content=\"index, follow, max-snippet:-1, max-image-preview:large, max-video-preview:-1\" \/>\n<link rel=\"canonical\" href=\"https:\/\/zszalkovice.cz\/en\/jidelnicek\/\" \/>\n<meta property=\"og:locale\" content=\"en_US\" \/>\n<meta property=\"og:type\" content=\"article\" \/>\n<meta property=\"og:title\" content=\"J\u00eddeln\u00ed\u010dek | ZS ZALKOVICE\" \/>\n<meta property=\"og:url\" content=\"https:\/\/zszalkovice.cz\/en\/jidelnicek\/\" \/>\n<meta property=\"og:site_name\" content=\"ZS ZALKOVICE\" \/>\n<meta property=\"article:modified_time\" content=\"2020-09-07T08:25:18+00:00\" \/>\n<meta name=\"twitter:card\" content=\"summary_large_image\" \/>\n<meta name=\"twitter:label1\" content=\"Est. reading time\" \/>\n\t<meta name=\"twitter:data1\" content=\"3 minutes\" \/>\n<script type=\"application\/ld+json\" class=\"yoast-schema-graph\">{\"@context\":\"https:\/\/schema.org\",\"@graph\":[{\"@type\":\"WebPage\",\"@id\":\"https:\/\/zszalkovice.cz\/jidelnicek\/\",\"url\":\"https:\/\/zszalkovice.cz\/jidelnicek\/\",\"name\":\"J\u00eddeln\u00ed\u010dek | ZS ZALKOVICE\",\"isPartOf\":{\"@id\":\"https:\/\/zszalkovice.cz\/en\/#website\"},\"datePublished\":\"2016-07-17T06:10:33+00:00\",\"dateModified\":\"2020-09-07T08:25:18+00:00\",\"breadcrumb\":{\"@id\":\"https:\/\/zszalkovice.cz\/jidelnicek\/#breadcrumb\"},\"inLanguage\":\"en-US\",\"potentialAction\":[{\"@type\":\"ReadAction\",\"target\":[\"https:\/\/zszalkovice.cz\/jidelnicek\/\"]}]},{\"@type\":\"BreadcrumbList\",\"@id\":\"https:\/\/zszalkovice.cz\/jidelnicek\/#breadcrumb\",\"itemListElement\":[{\"@type\":\"ListItem\",\"position\":1,\"name\":\"Home\",\"item\":\"https:\/\/zszalkovice.cz\/\"},{\"@type\":\"ListItem\",\"position\":2,\"name\":\"J\u00eddeln\u00ed\u010dek\"}]},{\"@type\":\"WebSite\",\"@id\":\"https:\/\/zszalkovice.cz\/en\/#website\",\"url\":\"https:\/\/zszalkovice.cz\/en\/\",\"name\":\"ZS ZALKOVICE\",\"description\":\"ZS ZALKOVICE\",\"publisher\":{\"@id\":\"https:\/\/zszalkovice.cz\/en\/#organization\"},\"potentialAction\":[{\"@type\":\"SearchAction\",\"target\":{\"@type\":\"EntryPoint\",\"urlTemplate\":\"https:\/\/zszalkovice.cz\/en\/?s={search_term_string}\"},\"query-input\":{\"@type\":\"PropertyValueSpecification\",\"valueRequired\":true,\"valueName\":\"search_term_string\"}}],\"inLanguage\":\"en-US\"},{\"@type\":\"Organization\",\"@id\":\"https:\/\/zszalkovice.cz\/en\/#organization\",\"name\":\"Z\u0160 a M\u0160 \u017dalkovice\",\"url\":\"https:\/\/zszalkovice.cz\/en\/\",\"logo\":{\"@type\":\"ImageObject\",\"inLanguage\":\"en-US\",\"@id\":\"https:\/\/zszalkovice.cz\/en\/#\/schema\/logo\/image\/\",\"url\":\"https:\/\/blanchedalmond-starling-735365.hostingersite.com\/wp-content\/uploads\/2020\/04\/logo-2-e1590092978599.png\",\"contentUrl\":\"https:\/\/blanchedalmond-starling-735365.hostingersite.com\/wp-content\/uploads\/2020\/04\/logo-2-e1590092978599.png\",\"width\":839,\"height\":200,\"caption\":\"Z\u0160 a M\u0160 \u017dalkovice\"},\"image\":{\"@id\":\"https:\/\/zszalkovice.cz\/en\/#\/schema\/logo\/image\/\"}}]}<\/script>\n<!-- \/ Yoast SEO plugin. -->","yoast_head_json":{"title":"J\u00eddeln\u00ed\u010dek | ZS ZALKOVICE","robots":{"index":"index","follow":"follow","max-snippet":"max-snippet:-1","max-image-preview":"max-image-preview:large","max-video-preview":"max-video-preview:-1"},"canonical":"https:\/\/zszalkovice.cz\/en\/jidelnicek\/","og_locale":"en_US","og_type":"article","og_title":"J\u00eddeln\u00ed\u010dek | ZS ZALKOVICE","og_url":"https:\/\/zszalkovice.cz\/en\/jidelnicek\/","og_site_name":"ZS ZALKOVICE","article_modified_time":"2020-09-07T08:25:18+00:00","twitter_card":"summary_large_image","twitter_misc":{"Est. reading time":"3 minutes"},"schema":{"@context":"https:\/\/schema.org","@graph":[{"@type":"WebPage","@id":"https:\/\/zszalkovice.cz\/jidelnicek\/","url":"https:\/\/zszalkovice.cz\/jidelnicek\/","name":"J\u00eddeln\u00ed\u010dek | ZS ZALKOVICE","isPartOf":{"@id":"https:\/\/zszalkovice.cz\/en\/#website"},"datePublished":"2016-07-17T06:10:33+00:00","dateModified":"2020-09-07T08:25:18+00:00","breadcrumb":{"@id":"https:\/\/zszalkovice.cz\/jidelnicek\/#breadcrumb"},"inLanguage":"en-US","potentialAction":[{"@type":"ReadAction","target":["https:\/\/zszalkovice.cz\/jidelnicek\/"]}]},{"@type":"BreadcrumbList","@id":"https:\/\/zszalkovice.cz\/jidelnicek\/#breadcrumb","itemListElement":[{"@type":"ListItem","position":1,"name":"Home","item":"https:\/\/zszalkovice.cz\/"},{"@type":"ListItem","position":2,"name":"J\u00eddeln\u00ed\u010dek"}]},{"@type":"WebSite","@id":"https:\/\/zszalkovice.cz\/en\/#website","url":"https:\/\/zszalkovice.cz\/en\/","name":"ZS ZALKOVICE","description":"ZS ZALKOVICE","publisher":{"@id":"https:\/\/zszalkovice.cz\/en\/#organization"},"potentialAction":[{"@type":"SearchAction","target":{"@type":"EntryPoint","urlTemplate":"https:\/\/zszalkovice.cz\/en\/?s={search_term_string}"},"query-input":{"@type":"PropertyValueSpecification","valueRequired":true,"valueName":"search_term_string"}}],"inLanguage":"en-US"},{"@type":"Organization","@id":"https:\/\/zszalkovice.cz\/en\/#organization","name":"Z\u0160 a M\u0160 \u017dalkovice","url":"https:\/\/zszalkovice.cz\/en\/","logo":{"@type":"ImageObject","inLanguage":"en-US","@id":"https:\/\/zszalkovice.cz\/en\/#\/schema\/logo\/image\/","url":"https:\/\/blanchedalmond-starling-735365.hostingersite.com\/wp-content\/uploads\/2020\/04\/logo-2-e1590092978599.png","contentUrl":"https:\/\/blanchedalmond-starling-735365.hostingersite.com\/wp-content\/uploads\/2020\/04\/logo-2-e1590092978599.png","width":839,"height":200,"caption":"Z\u0160 a M\u0160 \u017dalkovice"},"image":{"@id":"https:\/\/zszalkovice.cz\/en\/#\/schema\/logo\/image\/"}}]}},"_links":{"self":[{"href":"https:\/\/zszalkovice.cz\/en\/wp-json\/wp\/v2\/pages\/9134","targetHints":{"allow":["GET"]}}],"collection":[{"href":"https:\/\/zszalkovice.cz\/en\/wp-json\/wp\/v2\/pages"}],"about":[{"href":"https:\/\/zszalkovice.cz\/en\/wp-json\/wp\/v2\/types\/page"}],"author":[{"embeddable":true,"href":"https:\/\/zszalkovice.cz\/en\/wp-json\/wp\/v2\/users\/1"}],"replies":[{"embeddable":true,"href":"https:\/\/zszalkovice.cz\/en\/wp-json\/wp\/v2\/comments?post=9134"}],"version-history":[{"count":80,"href":"https:\/\/zszalkovice.cz\/en\/wp-json\/wp\/v2\/pages\/9134\/revisions"}],"predecessor-version":[{"id":20272,"href":"https:\/\/zszalkovice.cz\/en\/wp-json\/wp\/v2\/pages\/9134\/revisions\/20272"}],"wp:attachment":[{"href":"https:\/\/zszalkovice.cz\/en\/wp-json\/wp\/v2\/media?parent=9134"}],"curies":[{"name":"wp","href":"https:\/\/api.w.org\/{rel}","templated":true}]}}