{"id":9387,"date":"2017-11-08T20:13:09","date_gmt":"2017-11-08T20:13:09","guid":{"rendered":"https:\/\/zszalkovice.cz\/?page_id=9387"},"modified":"2026-02-10T22:39:17","modified_gmt":"2026-02-10T20:39:17","slug":"zamestnanci","status":"publish","type":"page","link":"https:\/\/zszalkovice.cz\/en\/zamestnanci\/","title":{"rendered":"Zam\u011bstnanci \u0161koly"},"content":{"rendered":"<section class=\"wpb_row   wpb_animate_when_almost_visible wpb_right-to-left right-to-left\"><div class=\"wpb_column vc_column_container vc_col-sm-12\"><div class=\"vc_column-inner\"><div class=\"wpb_wrapper\"><div class=\"w-divider11\"><h3 class=\"colorf\" style=\"color:\"><span class=\"spl\">Z\u00c1KLADN\u00cd <\/span><span class=\"spr\">\u0161kola<\/span><\/h3><\/div>\n\t<div class=\"wpb_text_column wpb_content_element\" >\n\t\t<div class=\"wpb_wrapper\">\n\t\t\t<table style=\"width: 99.9321%;\">\n<tbody>\n<tr>\n<td style=\"width: 55.7263%;\"><strong>Mgr. Petra P\u0159ikrylov\u00e1,<\/strong> diplomovan\u00fd soci\u00e1ln\u00ed pedagog<\/td>\n<td style=\"width: 81.0056%;\">\u0159editelka \u0161koly, t\u0159\u00eddn\u00ed u\u010ditelka 3.-4. ro\u010dn\u00edku<\/td>\n<\/tr>\n<tr>\n<td style=\"width: 55.7263%;\"><strong>Mgr. Veronika Lejskov\u00e1<\/strong><\/td>\n<td style=\"width: 81.0056%;\">t\u0159\u00eddn\u00ed u\u010ditelka 1.-2. ro\u010dn\u00edku<\/td>\n<\/tr>\n<tr>\n<td style=\"width: 55.7263%;\"><strong>Lucie Jemelkov\u00e1<\/strong><\/td>\n<td style=\"width: 81.0056%;\">u\u010ditelka AJ, PRV, VL, P\u0158<\/td>\n<\/tr>\n<tr>\n<td style=\"width: 55.7263%;\"><strong>Bc. Leona Kr\u010dmov\u00e1<\/strong><\/td>\n<td style=\"width: 81.0056%;\">vychovatelka, u\u010ditelka VV, TV, SP<\/td>\n<\/tr>\n<tr>\n<td style=\"width: 55.7263%;\"><strong>Mgr. Marie Dohnalov\u00e1<\/strong><\/td>\n<td style=\"width: 81.0056%;\">u\u010ditelka INF<\/td>\n<\/tr>\n<tr>\n<td style=\"width: 55.7263%;\"><strong>Jana Jur\u00e1\u0148ov\u00e1<\/strong><\/td>\n<td style=\"width: 81.0056%;\">asistentka pedagoga<\/td>\n<\/tr>\n<\/tbody>\n<\/table>\n\n\t\t<\/div>\n\t<\/div>\n<div class=\"w-divider11\"><h3 class=\"colorf\" style=\"color:\"><span class=\"spl\">MATE\u0158SK\u00c1 <\/span><span class=\"spr\">\u0161kola<\/span><\/h3><\/div>\n\t<div class=\"wpb_text_column wpb_content_element\" >\n\t\t<div class=\"wpb_wrapper\">\n\t\t\t<table style=\"width: 99.9321%;\">\n<tbody>\n<tr>\n<td style=\"width: 55.7263%;\"><strong>Bc. Simona R\u00e1blov\u00e1<\/strong><\/td>\n<td style=\"width: 81.0056%;\">u\u010ditelka mate\u0159sk\u00e9 \u0161koly<\/td>\n<\/tr>\n<tr>\n<td style=\"width: 55.7263%;\"><strong>Petra Jan\u010d\u00edkov\u00e1<\/strong><\/td>\n<td style=\"width: 81.0056%;\">u\u010ditelka mate\u0159sk\u00e9 \u0161koly<\/td>\n<\/tr>\n<\/tbody>\n<\/table>\n\n\t\t<\/div>\n\t<\/div>\n<div class=\"w-divider11\"><h3 class=\"colorf\" style=\"color:\"><span class=\"spl\">PROVOZN\u00cd<\/span><span class=\"spr\">zam\u011bstnanci<\/span><\/h3><\/div>\n\t<div class=\"wpb_text_column wpb_content_element\" >\n\t\t<div class=\"wpb_wrapper\">\n\t\t\t<table style=\"width: 99.9321%;\">\n<tbody>\n<tr>\n<td style=\"width: 55.7263%;\"><strong>Pavl\u00edna Kroupov\u00e1<\/strong><\/td>\n<td style=\"width: 81.0056%;\">ukl\u00edze\u010dka, v\u00fddejnice stravy, \u0161kolnice<\/td>\n<\/tr>\n<tr>\n<td style=\"width: 55.7263%;\"><strong>Hana Pobialov\u00e1<\/strong><\/td>\n<td style=\"width: 81.0056%;\">ukl\u00edze\u010dka Z\u0160<\/td>\n<\/tr>\n<tr>\n<td style=\"width: 55.7263%;\"><strong>Ing. Lucie Krupicov\u00e1<\/strong><\/td>\n<td style=\"width: 81.0056%;\">\u00fa\u010detn\u00ed<\/td>\n<\/tr>\n<\/tbody>\n<\/table>\n\n\t\t<\/div>\n\t<\/div>\n<\/div><\/div><\/div><\/section>","protected":false},"excerpt":{"rendered":"Z\u00c1KLADN\u00cd \u0161kola Mgr. Petra P\u0159ikrylov\u00e1, diplomovan\u00fd soci\u00e1ln\u00ed pedagog \u0159editelka \u0161koly, t\u0159\u00eddn\u00ed u\u010ditelka 3.-4. ro\u010dn\u00edku Mgr. Veronika Lejskov\u00e1 t\u0159\u00eddn\u00ed u\u010ditelka 1.-2. ro\u010dn\u00edku Lucie Jemelkov\u00e1 u\u010ditelka AJ, PRV, VL, P\u0158 Bc. Leona Kr\u010dmov\u00e1 vychovatelka, u\u010ditelka VV, TV, SP Mgr. Marie Dohnalov\u00e1 u\u010ditelka INF Jana Jur\u00e1\u0148ov\u00e1 asistentka pedagoga MATE\u0158SK\u00c1 \u0161kola Bc. Simona R\u00e1blov\u00e1 u\u010ditelka mate\u0159sk\u00e9 \u0161koly Petra Jan\u010d\u00edkov\u00e1 u\u010ditelka mate\u0159sk\u00e9 \u0161koly PROVOZN\u00cdzam\u011bstnanci Pavl\u00edna Kroupov\u00e1 ukl\u00edze\u010dka, v\u00fddejnice stravy, \u0161kolnice Hana Pobialov\u00e1 ukl\u00edze\u010dka Z\u0160 Ing. Lucie Krupicov\u00e1 \u00fa\u010detn\u00ed","protected":false},"author":1,"featured_media":0,"parent":0,"menu_order":2,"comment_status":"closed","ping_status":"closed","template":"","meta":{"footnotes":""},"class_list":["post-9387","page","type-page","status-publish","hentry"],"yoast_head":"<!-- This site is optimized with the Yoast SEO plugin v25.5 - https:\/\/yoast.com\/wordpress\/plugins\/seo\/ -->\n<title>Zam\u011bstnanci \u0161koly | ZS ZALKOVICE<\/title>\n<meta name=\"robots\" content=\"index, follow, max-snippet:-1, max-image-preview:large, max-video-preview:-1\" \/>\n<link rel=\"canonical\" href=\"https:\/\/zszalkovice.cz\/en\/zamestnanci\/\" \/>\n<meta property=\"og:locale\" content=\"en_US\" \/>\n<meta property=\"og:type\" content=\"article\" \/>\n<meta property=\"og:title\" content=\"Zam\u011bstnanci \u0161koly | ZS ZALKOVICE\" \/>\n<meta property=\"og:url\" content=\"https:\/\/zszalkovice.cz\/en\/zamestnanci\/\" \/>\n<meta property=\"og:site_name\" content=\"ZS ZALKOVICE\" \/>\n<meta property=\"article:modified_time\" content=\"2026-02-10T20:39:17+00:00\" \/>\n<meta name=\"twitter:card\" content=\"summary_large_image\" \/>\n<meta name=\"twitter:label1\" content=\"Est. reading time\" \/>\n\t<meta name=\"twitter:data1\" content=\"1 minute\" \/>\n<script type=\"application\/ld+json\" class=\"yoast-schema-graph\">{\"@context\":\"https:\/\/schema.org\",\"@graph\":[{\"@type\":\"WebPage\",\"@id\":\"https:\/\/zszalkovice.cz\/zamestnanci\/\",\"url\":\"https:\/\/zszalkovice.cz\/zamestnanci\/\",\"name\":\"Zam\u011bstnanci \u0161koly | ZS ZALKOVICE\",\"isPartOf\":{\"@id\":\"https:\/\/zszalkovice.cz\/en\/#website\"},\"datePublished\":\"2017-11-08T20:13:09+00:00\",\"dateModified\":\"2026-02-10T20:39:17+00:00\",\"breadcrumb\":{\"@id\":\"https:\/\/zszalkovice.cz\/zamestnanci\/#breadcrumb\"},\"inLanguage\":\"en-US\",\"potentialAction\":[{\"@type\":\"ReadAction\",\"target\":[\"https:\/\/zszalkovice.cz\/zamestnanci\/\"]}]},{\"@type\":\"BreadcrumbList\",\"@id\":\"https:\/\/zszalkovice.cz\/zamestnanci\/#breadcrumb\",\"itemListElement\":[{\"@type\":\"ListItem\",\"position\":1,\"name\":\"Home\",\"item\":\"https:\/\/zszalkovice.cz\/\"},{\"@type\":\"ListItem\",\"position\":2,\"name\":\"Zam\u011bstnanci \u0161koly\"}]},{\"@type\":\"WebSite\",\"@id\":\"https:\/\/zszalkovice.cz\/en\/#website\",\"url\":\"https:\/\/zszalkovice.cz\/en\/\",\"name\":\"ZS ZALKOVICE\",\"description\":\"ZS ZALKOVICE\",\"publisher\":{\"@id\":\"https:\/\/zszalkovice.cz\/en\/#organization\"},\"potentialAction\":[{\"@type\":\"SearchAction\",\"target\":{\"@type\":\"EntryPoint\",\"urlTemplate\":\"https:\/\/zszalkovice.cz\/en\/?s={search_term_string}\"},\"query-input\":{\"@type\":\"PropertyValueSpecification\",\"valueRequired\":true,\"valueName\":\"search_term_string\"}}],\"inLanguage\":\"en-US\"},{\"@type\":\"Organization\",\"@id\":\"https:\/\/zszalkovice.cz\/en\/#organization\",\"name\":\"Z\u0160 a M\u0160 \u017dalkovice\",\"url\":\"https:\/\/zszalkovice.cz\/en\/\",\"logo\":{\"@type\":\"ImageObject\",\"inLanguage\":\"en-US\",\"@id\":\"https:\/\/zszalkovice.cz\/en\/#\/schema\/logo\/image\/\",\"url\":\"https:\/\/blanchedalmond-starling-735365.hostingersite.com\/wp-content\/uploads\/2020\/04\/logo-2-e1590092978599.png\",\"contentUrl\":\"https:\/\/blanchedalmond-starling-735365.hostingersite.com\/wp-content\/uploads\/2020\/04\/logo-2-e1590092978599.png\",\"width\":839,\"height\":200,\"caption\":\"Z\u0160 a M\u0160 \u017dalkovice\"},\"image\":{\"@id\":\"https:\/\/zszalkovice.cz\/en\/#\/schema\/logo\/image\/\"}}]}<\/script>\n<!-- \/ Yoast SEO plugin. -->","yoast_head_json":{"title":"Zam\u011bstnanci \u0161koly | ZS ZALKOVICE","robots":{"index":"index","follow":"follow","max-snippet":"max-snippet:-1","max-image-preview":"max-image-preview:large","max-video-preview":"max-video-preview:-1"},"canonical":"https:\/\/zszalkovice.cz\/en\/zamestnanci\/","og_locale":"en_US","og_type":"article","og_title":"Zam\u011bstnanci \u0161koly | ZS ZALKOVICE","og_url":"https:\/\/zszalkovice.cz\/en\/zamestnanci\/","og_site_name":"ZS ZALKOVICE","article_modified_time":"2026-02-10T20:39:17+00:00","twitter_card":"summary_large_image","twitter_misc":{"Est. reading time":"1 minute"},"schema":{"@context":"https:\/\/schema.org","@graph":[{"@type":"WebPage","@id":"https:\/\/zszalkovice.cz\/zamestnanci\/","url":"https:\/\/zszalkovice.cz\/zamestnanci\/","name":"Zam\u011bstnanci \u0161koly | ZS ZALKOVICE","isPartOf":{"@id":"https:\/\/zszalkovice.cz\/en\/#website"},"datePublished":"2017-11-08T20:13:09+00:00","dateModified":"2026-02-10T20:39:17+00:00","breadcrumb":{"@id":"https:\/\/zszalkovice.cz\/zamestnanci\/#breadcrumb"},"inLanguage":"en-US","potentialAction":[{"@type":"ReadAction","target":["https:\/\/zszalkovice.cz\/zamestnanci\/"]}]},{"@type":"BreadcrumbList","@id":"https:\/\/zszalkovice.cz\/zamestnanci\/#breadcrumb","itemListElement":[{"@type":"ListItem","position":1,"name":"Home","item":"https:\/\/zszalkovice.cz\/"},{"@type":"ListItem","position":2,"name":"Zam\u011bstnanci \u0161koly"}]},{"@type":"WebSite","@id":"https:\/\/zszalkovice.cz\/en\/#website","url":"https:\/\/zszalkovice.cz\/en\/","name":"ZS ZALKOVICE","description":"ZS ZALKOVICE","publisher":{"@id":"https:\/\/zszalkovice.cz\/en\/#organization"},"potentialAction":[{"@type":"SearchAction","target":{"@type":"EntryPoint","urlTemplate":"https:\/\/zszalkovice.cz\/en\/?s={search_term_string}"},"query-input":{"@type":"PropertyValueSpecification","valueRequired":true,"valueName":"search_term_string"}}],"inLanguage":"en-US"},{"@type":"Organization","@id":"https:\/\/zszalkovice.cz\/en\/#organization","name":"Z\u0160 a M\u0160 \u017dalkovice","url":"https:\/\/zszalkovice.cz\/en\/","logo":{"@type":"ImageObject","inLanguage":"en-US","@id":"https:\/\/zszalkovice.cz\/en\/#\/schema\/logo\/image\/","url":"https:\/\/blanchedalmond-starling-735365.hostingersite.com\/wp-content\/uploads\/2020\/04\/logo-2-e1590092978599.png","contentUrl":"https:\/\/blanchedalmond-starling-735365.hostingersite.com\/wp-content\/uploads\/2020\/04\/logo-2-e1590092978599.png","width":839,"height":200,"caption":"Z\u0160 a M\u0160 \u017dalkovice"},"image":{"@id":"https:\/\/zszalkovice.cz\/en\/#\/schema\/logo\/image\/"}}]}},"_links":{"self":[{"href":"https:\/\/zszalkovice.cz\/en\/wp-json\/wp\/v2\/pages\/9387","targetHints":{"allow":["GET"]}}],"collection":[{"href":"https:\/\/zszalkovice.cz\/en\/wp-json\/wp\/v2\/pages"}],"about":[{"href":"https:\/\/zszalkovice.cz\/en\/wp-json\/wp\/v2\/types\/page"}],"author":[{"embeddable":true,"href":"https:\/\/zszalkovice.cz\/en\/wp-json\/wp\/v2\/users\/1"}],"replies":[{"embeddable":true,"href":"https:\/\/zszalkovice.cz\/en\/wp-json\/wp\/v2\/comments?post=9387"}],"version-history":[{"count":36,"href":"https:\/\/zszalkovice.cz\/en\/wp-json\/wp\/v2\/pages\/9387\/revisions"}],"predecessor-version":[{"id":22687,"href":"https:\/\/zszalkovice.cz\/en\/wp-json\/wp\/v2\/pages\/9387\/revisions\/22687"}],"wp:attachment":[{"href":"https:\/\/zszalkovice.cz\/en\/wp-json\/wp\/v2\/media?parent=9387"}],"curies":[{"name":"wp","href":"https:\/\/api.w.org\/{rel}","templated":true}]}}