{"id":9389,"date":"2017-11-08T20:13:39","date_gmt":"2017-11-08T20:13:39","guid":{"rendered":"https:\/\/zszalkovice.cz\/?page_id=9389"},"modified":"2018-01-18T18:29:34","modified_gmt":"2018-01-18T18:29:34","slug":"historie-skoly","status":"publish","type":"page","link":"https:\/\/zszalkovice.cz\/en\/historie-skoly\/","title":{"rendered":"Historie \u0161koly"},"content":{"rendered":"<section class=\"wpb_row   wpb_animate_when_almost_visible wpb_right-to-left right-to-left\"><div class=\"wpb_column vc_column_container vc_col-sm-6\"><div class=\"vc_column-inner\"><div class=\"wpb_wrapper\"><div class=\"w-divider11\"><h3 class=\"colorf\" style=\"color:\"><span class=\"spl\">VZNIK<\/span><span class=\"spr\">\u0161koly<\/span><\/h3><\/div>\n\t<div class=\"wpb_text_column wpb_content_element\" >\n\t\t<div class=\"wpb_wrapper\">\n\t\t\t<p style=\"text-align: left;\">\u0160kola v \u017dalkovic\u00edch m\u00e1 za sebou p\u0159es 2 stalet\u00ed existence. Tamn\u00ed d\u011bti p\u016fvodn\u011b doch\u00e1zely do \u0161koly v&nbsp;nedalek\u00e9m B\u0159estu. Za jedno d\u00edtko platil ro\u010dn\u011b ka\u017ed\u00fd sedl\u00e1k u\u010diteli 8 krejcar\u016f \u0161koln\u00edho platu a natur\u00e1lie: achtel ka\u0161e a dva pecny chleba. V&nbsp;p\u0159\u00edpad\u011b, \u017ee sedl\u00e1k pos\u00edlal do \u0161koly v\u00edce d\u011bt\u00ed, platil za ka\u017ed\u00e9 20 krejcar\u016f, achtel ka\u0161e a za v\u0161echny dva pecny chleba. Podsedn\u00edk d\u00e1val t\u00e9\u017e 20 krejcar\u016f, achtel ka\u0161e a pecen chleba, hofer jen 20 krejcar\u016f. \u0160kola byla pln\u011b pod\u0159\u00edzena brestsk\u00e9 fa\u0159e a tamn\u00ed far\u00e1\u0159 nap\u0159. rozhodoval, kdy se ve \u0161kole za\u010dne topit a kdy p\u0159estane.<\/p>\n<p style=\"text-align: left;\">Z&nbsp;n\u011bjak\u00fdch z&nbsp;n\u00e1m bl\u00ed\u017ee nezn\u00e1m\u00fdch d\u016fvod\u016f usilovali \u017ealkov\u0161t\u00ed o osamostatn\u011bn\u00ed. Dobov\u00e1 zpr\u00e1va \u0159\u00edk\u00e1, \u017ee kolem roku 1780 na spole\u010dnou \u017e\u00e1dost \u017dalkovic a \u0158\u00edkovic byla v&nbsp;\u017dalkovic\u00edch z\u0159\u00edzena nejprve p\u0159espoln\u00ed \u0161kola, pod\u0159\u00edzen\u00e1 je\u0161t\u011b farn\u00ed \u0161kole v&nbsp;B\u0159estu. D\u011bti ve sv\u00e9m domu \u010d\u00eds. 70 vyu\u010doval krej\u010d\u00ed Franti\u0161ek Pobijal. V&nbsp;roce 1789, kdy byla \u0161kola visitov\u00e1na, se vyu\u010dovalo v&nbsp;domu \u010d. 82, stoj\u00edc\u00edmu snad v&nbsp;m\u00edst\u011b nyn\u011bj\u0161\u00ed \u0161koly.<\/p>\n<p style=\"text-align: left;\">Do n\u00ed doch\u00e1zelo 69 d\u011bt\u00ed, z&nbsp;nich\u017e 59 platilo po 20 krejcarech a zb\u00fdvaj\u00edc\u00edch 10 po 24 krejcarech \u0161koln\u00edho platu ro\u010dn\u011b. U\u010ditel d\u00e1le od 18 sedl\u00e1k\u016f dost\u00e1val po dvou pecnech a od 20 podsedl\u00e1k\u016f po pecnu chleba. Za 41 d\u011bt\u00ed bral po m\u00edrce prosn\u00e9 ka\u0161e. Celkov\u00e9 p\u0159\u00edjmy u\u010ditele, z&nbsp;nich\u017e hradil n\u00e1klady za \u017eivot sv\u016fj i sv\u00e9 rodiny, \u010dinily 41 zlat\u00fdch 23 krejcar\u016f. Jist\u011b to bylo \u017eivobyt\u00ed zna\u010dn\u011b skrovn\u00e9.<\/p>\n<p style=\"text-align: left;\">Podle na\u0159\u00edzen\u00ed moravsk\u00e9ho gubernia se \u0161kola v&nbsp;roce 1815 stala samostatnou. Obec se zav\u00e1zala, \u017ee ji bude udr\u017eovat v&nbsp;dobr\u00e9m po\u0159\u00e1dku; zaru\u010dila u\u010diteli ro\u010dn\u00ed plat ve v\u00fd\u0161i 53 zlat\u00fdch 20 krejcar\u016f a n\u011bjak\u00e9 natur\u00e1lie.<\/p>\n<p style=\"text-align: left;\">Prvn\u00edm u\u010ditelem byl jmenov\u00e1n Rochus Sn\u00e1\u0161el. Dal\u0161\u00ed u\u010ditel\u00e9 jsou uv\u00e1d\u011bni v&nbsp;obecn\u00ed kronice. Na \u0161kole v&nbsp;\u017dalkovic\u00edch p\u016fsobili Ludv\u00edk T\u00e1borsk\u00fd, Jan Hal\u010d\u00edk, Franti\u0161ek Kudla, Alois Segeth, Karel Hrozek, Don\u00e1t Grones. Roku 1815 nav\u0161t\u011bvovalo \u0161kolu 88 d\u011bt\u00ed ze \u017dalkovic a 51 z&nbsp;\u0158\u00edkovic, od roku 1850 byla \u0161kola roz\u0161\u00ed\u0159ena na dvojt\u0159\u00eddn\u00ed. Oprava \u0161koln\u00ed budovy byla provedena v&nbsp;roce 1888. Byl z\u0159\u00edzen zimn\u00ed hospod\u00e1\u0159sk\u00fd b\u011bh pro chlapce \u0161kole odrostl\u00e9 a jejich u\u010ditelem se stal Alois Segeth. Tento kantor byl prvn\u00edm autorem \u0161koln\u00ed kroniky, zaslou\u017eil se rovn\u011b\u017e o vyd\u00e1n\u00ed mapy okresn\u00edho hejtmanstv\u00ed. Nejstar\u0161\u00ed dochovan\u00e1 \u0161koln\u00ed kronika za\u010d\u00edn\u00e1 kolem 1925. Jej\u00edm zakl\u00e1daj\u00edc\u00edm autorem byl spr\u00e1vce \u0161koly Don\u00e1t Grones. Za jeho veden\u00ed nastoupil v&nbsp;roce 1928 na zdej\u0161\u00ed \u0161kolu \u0159\u00edd\u00edc\u00ed u\u010ditel Josef Hrabal a p\u016fsobil zde spole\u010dn\u011b s&nbsp;u\u010ditelem Jaroslavem \u00dalehlou. V&nbsp;u\u010ditelsk\u00e9m sboru se objevuj\u00ed rovn\u011b\u017e \u017eeny \u2013 u\u010ditelky Emilie Dost\u00e1lov\u00e1 Fackov\u00e1 a Marie Fentlerov\u00e1.<\/p>\n\n\t\t<\/div>\n\t<\/div>\n\n\t<div  class=\"wpb_single_image wpb_content_element vc_align_right\">\n\t\t\n\t\t<figure class=\"wpb_wrapper vc_figure\">\n\t\t\t<div class=\"vc_single_image-wrapper   vc_box_border_grey\"><img fetchpriority=\"high\" decoding=\"async\" width=\"1024\" height=\"681\" src=\"https:\/\/zszalkovice.cz\/wp-content\/uploads\/2016\/06\/DSC_5300.jpg\" class=\"vc_single_image-img attachment-full\" alt=\"\" srcset=\"https:\/\/zszalkovice.cz\/wp-content\/uploads\/2016\/06\/DSC_5300.jpg 1024w, https:\/\/zszalkovice.cz\/wp-content\/uploads\/2016\/06\/DSC_5300-300x199.jpg 300w, https:\/\/zszalkovice.cz\/wp-content\/uploads\/2016\/06\/DSC_5300-768x511.jpg 768w, https:\/\/zszalkovice.cz\/wp-content\/uploads\/2016\/06\/DSC_5300-420x280.jpg 420w, https:\/\/zszalkovice.cz\/wp-content\/uploads\/2016\/06\/DSC_5300-690x460.jpg 690w\" sizes=\"(max-width: 1024px) 100vw, 1024px\" \/><\/div>\n\t\t<\/figure>\n\t<\/div>\n<hr class=\"vertical-space1\">\n\t<div  class=\"wpb_single_image wpb_content_element vc_align_right\">\n\t\t\n\t\t<figure class=\"wpb_wrapper vc_figure\">\n\t\t\t<div class=\"vc_single_image-wrapper   vc_box_border_grey\"><img fetchpriority=\"high\" decoding=\"async\" width=\"1024\" height=\"681\" src=\"https:\/\/zszalkovice.cz\/wp-content\/uploads\/2016\/06\/DSC_5300.jpg\" class=\"vc_single_image-img attachment-full\" alt=\"\" srcset=\"https:\/\/zszalkovice.cz\/wp-content\/uploads\/2016\/06\/DSC_5300.jpg 1024w, https:\/\/zszalkovice.cz\/wp-content\/uploads\/2016\/06\/DSC_5300-300x199.jpg 300w, https:\/\/zszalkovice.cz\/wp-content\/uploads\/2016\/06\/DSC_5300-768x511.jpg 768w, https:\/\/zszalkovice.cz\/wp-content\/uploads\/2016\/06\/DSC_5300-420x280.jpg 420w, https:\/\/zszalkovice.cz\/wp-content\/uploads\/2016\/06\/DSC_5300-690x460.jpg 690w\" sizes=\"(max-width: 1024px) 100vw, 1024px\" \/><\/div>\n\t\t<\/figure>\n\t<\/div>\n<hr class=\"vertical-space2\"><div class=\"w-divider11\"><h3 class=\"colorf\" style=\"color:\"><span class=\"spl\">\u0160KOLA PO ROCE<\/span><span class=\"spr\">1950<\/span><\/h3><\/div>\n\t<div class=\"wpb_text_column wpb_content_element\" >\n\t\t<div class=\"wpb_wrapper\">\n\t\t\t<p>V&nbsp;pades\u00e1t\u00fdch letech do\u0161lo ke zm\u011bn\u011b v&nbsp;\u0159\u00edzen\u00ed \u0161koly. \u0158editelem se stal Josef P\u0159idal, dosavadn\u00ed \u0159editel Jaroslav \u00dalehla se stal u\u010ditelem. Po odchodu u\u010ditele \u00dalehly do d\u016fchodu v&nbsp;roce 1958 vyu\u010dovala na \u0161kole u\u010ditelka Alena R\u00e1szkov\u00e1, d\u00e1le zde p\u016fsobily u\u010ditelky Eva Hrubanov\u00e1, Marta \u010cern\u00ednov\u00e1 a Libu\u0161e Zbrankov\u00e1. \u0158editel Josef P\u0159idal ode\u0161el do d\u016fchodu v&nbsp;roce 1967 a nov\u00fdm \u0159editelem se stal Zden\u011bk Jedli\u010dka, kter\u00fd zde p\u016fsobil a\u017e do roku 1973. Posledn\u00edm \u0159editelem p\u0159ed celost\u00e1tn\u00edm zru\u0161en\u00edm malot\u0159\u00eddek byl Ji\u0159\u00ed \u0160im\u00edk. D\u011bti ze \u017dalkovic byly od oku 1975 nuceny doj\u00ed\u017ed\u011bt do \u0161koly v&nbsp;B\u0159est\u011b. Po p\u00e1du komunistick\u00e9ho re\u017eimu se stalo jedn\u00edm z&nbsp;prvn\u00edch krok\u016f obecn\u00ed samospr\u00e1vy v&nbsp;\u010dele se starostou Radom\u00edrem Palou znovuotev\u0159en\u00ed \u0161koly v&nbsp;\u017dalkovic\u00edch. Po 16 letech se dne 1. z\u00e1\u0159\u00ed 1991 poda\u0159ilo zah\u00e1jit v\u00fduku 1. a 2. postupn\u00e9ho ro\u010dn\u00edku se 14 \u017e\u00e1ky s&nbsp;u\u010ditelkou a pozd\u011bj\u0161\u00ed \u0159editelkou \u0161koly Mari\u00ed Brabcovou. V&nbsp;dal\u0161\u00edm \u0161koln\u00edm roce byla otev\u0159ena druh\u00e1 t\u0159\u00edda, u\u010ditelkou se stala Petra Proch\u00e1zkov\u00e1 Ove\u010dkov\u00e1.&nbsp; roce 1995 byla o pr\u00e1zdnin\u00e1ch budova \u0161koly zrekonstruov\u00e1na. V&nbsp;sou\u010dasn\u00e9 dob\u011b nav\u0161t\u011bvuje \u0161kolu v&nbsp;\u017dalkovic\u00edch 28 \u017e\u00e1k\u016f v&nbsp;1. a\u017e 4. postupn\u00e9m ro\u010dn\u00edku. Za v\u00fdukou vy\u0161\u0161\u00edch postupn\u00fdch ro\u010dn\u00edk\u016f doj\u00ed\u017ed\u011bj\u00ed d\u011bti do nedalek\u00e9ho B\u0159estu.<\/p>\n<p>&nbsp;<\/p>\n\n\t\t<\/div>\n\t<\/div>\n<\/div><\/div><\/div><div class=\"wpb_column vc_column_container vc_col-sm-6\"><div class=\"vc_column-inner\"><div class=\"wpb_wrapper\"><hr class=\"vertical-space5\"><hr class=\"vertical-space1\">\n\t<div  class=\"wpb_single_image wpb_content_element vc_align_right\">\n\t\t\n\t\t<figure class=\"wpb_wrapper vc_figure\">\n\t\t\t<div class=\"vc_single_image-wrapper   vc_box_border_grey\"><img fetchpriority=\"high\" decoding=\"async\" width=\"1024\" height=\"681\" src=\"https:\/\/zszalkovice.cz\/wp-content\/uploads\/2016\/06\/DSC_5300.jpg\" class=\"vc_single_image-img attachment-full\" alt=\"\" srcset=\"https:\/\/zszalkovice.cz\/wp-content\/uploads\/2016\/06\/DSC_5300.jpg 1024w, https:\/\/zszalkovice.cz\/wp-content\/uploads\/2016\/06\/DSC_5300-300x199.jpg 300w, https:\/\/zszalkovice.cz\/wp-content\/uploads\/2016\/06\/DSC_5300-768x511.jpg 768w, https:\/\/zszalkovice.cz\/wp-content\/uploads\/2016\/06\/DSC_5300-420x280.jpg 420w, https:\/\/zszalkovice.cz\/wp-content\/uploads\/2016\/06\/DSC_5300-690x460.jpg 690w\" sizes=\"(max-width: 1024px) 100vw, 1024px\" \/><\/div>\n\t\t<\/figure>\n\t<\/div>\n<hr class=\"vertical-space1\">\n\t<div  class=\"wpb_single_image wpb_content_element vc_align_right\">\n\t\t\n\t\t<figure class=\"wpb_wrapper vc_figure\">\n\t\t\t<div class=\"vc_single_image-wrapper   vc_box_border_grey\"><img fetchpriority=\"high\" decoding=\"async\" width=\"1024\" height=\"681\" src=\"https:\/\/zszalkovice.cz\/wp-content\/uploads\/2016\/06\/DSC_5300.jpg\" class=\"vc_single_image-img attachment-full\" alt=\"\" srcset=\"https:\/\/zszalkovice.cz\/wp-content\/uploads\/2016\/06\/DSC_5300.jpg 1024w, https:\/\/zszalkovice.cz\/wp-content\/uploads\/2016\/06\/DSC_5300-300x199.jpg 300w, https:\/\/zszalkovice.cz\/wp-content\/uploads\/2016\/06\/DSC_5300-768x511.jpg 768w, https:\/\/zszalkovice.cz\/wp-content\/uploads\/2016\/06\/DSC_5300-420x280.jpg 420w, https:\/\/zszalkovice.cz\/wp-content\/uploads\/2016\/06\/DSC_5300-690x460.jpg 690w\" sizes=\"(max-width: 1024px) 100vw, 1024px\" \/><\/div>\n\t\t<\/figure>\n\t<\/div>\n<hr class=\"vertical-space2\">\n\t<div class=\"wpb_text_column wpb_content_element\" >\n\t\t<div class=\"wpb_wrapper\">\n\t\t\t<p>V&nbsp;m\u011bs\u00edci kv\u011btnu roku 1937 bylo zapo\u010dato s&nbsp;v\u00fdstavbou nov\u00e9 \u0161koln\u00ed budovy. Star\u00e1, nevyhovuj\u00edc\u00ed budova z&nbsp;roku 1880 byla zbo\u0159ena a v\u00fduka prob\u00edhala do konce \u0161koln\u00edho roku v&nbsp;obecn\u00ed radnici. Nouzov\u011b se vyu\u010dovalo na dopoledn\u00ed a odpoledn\u00ed sm\u011bnu podle t\u0159\u00edd. V\u00fdstavba \u0161koln\u00ed budovy byla sv\u011b\u0159ena staviteli Jand\u00e1skovi z&nbsp;P\u0159erova a za pomoci \u017ealkovsk\u00fdch ob\u010dan\u016f byla stavba dokon\u010dena koncem pr\u00e1zdnin. Nov\u00fd \u0161koln\u00ed rok 1937-38 zah\u00e1jil jako nov\u00fd \u0159\u00edd\u00edc\u00ed u\u010ditel Jaroslav \u00dalehla. Dnem 1. prosince 1937 byla zah\u00e1jena v\u00fduka nov\u00e9 \u0161koln\u00ed budov\u011b, a to za pouh\u00fdch sedm m\u011bs\u00edc\u016f od zapo\u010det\u00ed stavby. \u017d\u00e1ci, rodi\u010de a ob\u010dan\u00e9 se shrom\u00e1\u017edili po bohoslu\u017eb\u00e1ch u \u0161koln\u00ed budovy. \u00davodn\u00ed slovo pronesl starosta obce Josef Brad\u00edk, jeden z&nbsp;\u017e\u00e1k\u016f pod\u011bkoval ob\u010dan\u016fm za vz\u00e1cn\u00fd dar \u2013 novou \u0161kolu s&nbsp;modern\u00edm za\u0159\u00edzen\u00edm a hygienick\u00fdmi vymo\u017eenostmi. Slavnostn\u00ed otev\u0159en\u00ed nov\u00e9 \u0161koly pak prob\u011bhlo 26.6.1938. &nbsp;&nbsp;<\/p>\n<p>Ve \u0161koln\u00edm roce 1938-39 je p\u0159id\u011blen na \u0161kolu do \u017dalkovic u\u010ditel Josef P\u0159idal. L\u00e9ta druh\u00e9 sv\u011btov\u00e9 v\u00e1lky byla poznamen\u00e1na snahou st\u00e1tn\u00edch \u00fa\u0159ad\u016f o trval\u00e9 ovliv\u0148ov\u00e1n\u00ed ml\u00e1de\u017ee ve prosp\u011bch velkon\u011bmeck\u00e9 \u0159\u00ed\u0161e. Stejn\u011b vytrval\u00e1 byla v\u0161ak i nechu\u0165 ke vnucovan\u00e9mu n\u011bmeck\u00e9mu jazyku. Konec v\u00e1lky byl poznamen\u00e1n \u010dast\u00fdmi leteck\u00fdmi poplachy, kdy byli \u017e\u00e1ci pos\u00edl\u00e1ni dom\u016f. Dne 27. dubna 1945 bylo bombardov\u00e1no leti\u0161t\u011b v&nbsp;nedalek\u00e9m Bocho\u0159i a vyu\u010dov\u00e1n\u00ed bylo p\u0159eru\u0161eno. S&nbsp;v\u00fdukou se za\u010dalo a\u017e po skon\u010den\u00ed v\u00e1lky, dne 14. kv\u011btna t\u00e9ho\u017e roku.<\/p>\n<p>V&nbsp;pades\u00e1t\u00fdch letech do\u0161lo ke zm\u011bn\u011b v&nbsp;\u0159\u00edzen\u00ed \u0161koly. \u0158editelem se stal Josef P\u0159idal, dosavadn\u00ed \u0159editel Jaroslav \u00dalehla se stal u\u010ditelem. Po odchodu u\u010ditele \u00dalehly do d\u016fchodu v&nbsp;roce 1958 vyu\u010dovala na \u0161kole u\u010ditelka Alena R\u00e1szkov\u00e1, d\u00e1le zde p\u016fsobily u\u010ditelky Eva Hrubanov\u00e1, Marta \u010cern\u00ednov\u00e1 a Libu\u0161e Zbrankov\u00e1. \u0158editel Josef P\u0159idal ode\u0161el do d\u016fchodu v&nbsp;roce 1967 a nov\u00fdm \u0159editelem se stal Zden\u011bk Jedli\u010dka, kter\u00fd zde p\u016fsobil a\u017e do roku 1973. Posledn\u00edm \u0159editelem p\u0159ed celost\u00e1tn\u00edm zru\u0161en\u00edm malot\u0159\u00eddek byl Ji\u0159\u00ed \u0160im\u00edk. D\u011bti ze \u017dalkovic byly od oku 1975 nuceny doj\u00ed\u017ed\u011bt do \u0161koly v&nbsp;B\u0159est\u011b. Po p\u00e1du komunistick\u00e9ho re\u017eimu se stalo jedn\u00edm z&nbsp;prvn\u00edch krok\u016f obecn\u00ed samospr\u00e1vy v&nbsp;\u010dele se starostou Radom\u00edrem Palou znovuotev\u0159en\u00ed \u0161koly v&nbsp;\u017dalkovic\u00edch. Po 16 letech se dne 1. z\u00e1\u0159\u00ed 1991 poda\u0159ilo zah\u00e1jit v\u00fduku 1. a 2. postupn\u00e9ho ro\u010dn\u00edku se 14 \u017e\u00e1ky s&nbsp;u\u010ditelkou a pozd\u011bj\u0161\u00ed \u0159editelkou \u0161koly Mari\u00ed Brabcovou. V&nbsp;dal\u0161\u00edm \u0161koln\u00edm roce byla otev\u0159ena druh\u00e1 t\u0159\u00edda, u\u010ditelkou se stala Petra Proch\u00e1zkov\u00e1 Ove\u010dkov\u00e1.&nbsp; roce 1995 byla o pr\u00e1zdnin\u00e1ch budova \u0161koly zrekonstruov\u00e1na. V&nbsp;sou\u010dasn\u00e9 dob\u011b nav\u0161t\u011bvuje \u0161kolu v&nbsp;\u017dalkovic\u00edch 28 \u017e\u00e1k\u016f v&nbsp;1. a\u017e 4. postupn\u00e9m ro\u010dn\u00edku. Za v\u00fdukou vy\u0161\u0161\u00edch postupn\u00fdch ro\u010dn\u00edk\u016f doj\u00ed\u017ed\u011bj\u00ed d\u011bti do nedalek\u00e9ho B\u0159estu.<\/p>\n<p>&nbsp;<\/p>\n\n\t\t<\/div>\n\t<\/div>\n<hr class=\"vertical-space4\">\n\t<div  class=\"wpb_single_image wpb_content_element vc_align_right\">\n\t\t\n\t\t<figure class=\"wpb_wrapper vc_figure\">\n\t\t\t<div class=\"vc_single_image-wrapper   vc_box_border_grey\"><img fetchpriority=\"high\" decoding=\"async\" width=\"1024\" height=\"681\" src=\"https:\/\/zszalkovice.cz\/wp-content\/uploads\/2016\/06\/DSC_5300.jpg\" class=\"vc_single_image-img attachment-full\" alt=\"\" srcset=\"https:\/\/zszalkovice.cz\/wp-content\/uploads\/2016\/06\/DSC_5300.jpg 1024w, https:\/\/zszalkovice.cz\/wp-content\/uploads\/2016\/06\/DSC_5300-300x199.jpg 300w, https:\/\/zszalkovice.cz\/wp-content\/uploads\/2016\/06\/DSC_5300-768x511.jpg 768w, https:\/\/zszalkovice.cz\/wp-content\/uploads\/2016\/06\/DSC_5300-420x280.jpg 420w, https:\/\/zszalkovice.cz\/wp-content\/uploads\/2016\/06\/DSC_5300-690x460.jpg 690w\" sizes=\"(max-width: 1024px) 100vw, 1024px\" \/><\/div>\n\t\t<\/figure>\n\t<\/div>\n<\/div><\/div><\/div><\/section>","protected":false},"excerpt":{"rendered":"VZNIK\u0161koly \u0160kola v \u017dalkovic\u00edch m\u00e1 za sebou p\u0159es 2 stalet\u00ed existence. Tamn\u00ed d\u011bti p\u016fvodn\u011b doch\u00e1zely do \u0161koly v&nbsp;nedalek\u00e9m B\u0159estu. Za jedno d\u00edtko platil ro\u010dn\u011b ka\u017ed\u00fd sedl\u00e1k u\u010diteli 8 krejcar\u016f \u0161koln\u00edho platu a natur\u00e1lie: achtel ka\u0161e a dva pecny chleba. V&nbsp;p\u0159\u00edpad\u011b, \u017ee sedl\u00e1k pos\u00edlal do \u0161koly v\u00edce d\u011bt\u00ed, platil za ka\u017ed\u00e9 20 krejcar\u016f, achtel ka\u0161e a za v\u0161echny dva pecny chleba. Podsedn\u00edk d\u00e1val t\u00e9\u017e 20 krejcar\u016f, achtel ka\u0161e a pecen chleba, hofer jen 20 krejcar\u016f. \u0160kola byla pln\u011b pod\u0159\u00edzena brestsk\u00e9 fa\u0159e a tamn\u00ed far\u00e1\u0159 nap\u0159. rozhodoval, kdy se ve \u0161kole za\u010dne topit a kdy p\u0159estane. Z&nbsp;n\u011bjak\u00fdch z&nbsp;n\u00e1m bl\u00ed\u017ee nezn\u00e1m\u00fdch d\u016fvod\u016f usilovali \u017ealkov\u0161t\u00ed o osamostatn\u011bn\u00ed. Dobov\u00e1 zpr\u00e1va \u0159\u00edk\u00e1, \u017ee kolem roku 1780 na spole\u010dnou \u017e\u00e1dost \u017dalkovic a \u0158\u00edkovic byla v&nbsp;\u017dalkovic\u00edch z\u0159\u00edzena nejprve p\u0159espoln\u00ed \u0161kola, pod\u0159\u00edzen\u00e1 je\u0161t\u011b farn\u00ed \u0161kole v&nbsp;B\u0159estu. D\u011bti ve sv\u00e9m domu \u010d\u00eds. 70 vyu\u010doval krej\u010d\u00ed Franti\u0161ek Pobijal. V&nbsp;roce 1789, kdy byla \u0161kola visitov\u00e1na, se vyu\u010dovalo v&nbsp;domu \u010d. 82, stoj\u00edc\u00edmu snad v&nbsp;m\u00edst\u011b nyn\u011bj\u0161\u00ed \u0161koly. Do n\u00ed doch\u00e1zelo 69 d\u011bt\u00ed, z&nbsp;nich\u017e 59 platilo po 20 krejcarech a zb\u00fdvaj\u00edc\u00edch 10 po 24 krejcarech \u0161koln\u00edho platu ro\u010dn\u011b. U\u010ditel d\u00e1le od 18 sedl\u00e1k\u016f dost\u00e1val po dvou pecnech a od 20 podsedl\u00e1k\u016f po pecnu chleba. Za 41 d\u011bt\u00ed bral po m\u00edrce prosn\u00e9 ka\u0161e. Celkov\u00e9 p\u0159\u00edjmy u\u010ditele, z&nbsp;nich\u017e hradil n\u00e1klady za \u017eivot sv\u016fj i sv\u00e9 rodiny, \u010dinily 41 zlat\u00fdch 23 krejcar\u016f. Jist\u011b to bylo \u017eivobyt\u00ed zna\u010dn\u011b skrovn\u00e9. Podle na\u0159\u00edzen\u00ed moravsk\u00e9ho gubernia se \u0161kola v&nbsp;roce 1815 stala samostatnou. Obec se zav\u00e1zala, \u017ee ji bude udr\u017eovat v&nbsp;dobr\u00e9m po\u0159\u00e1dku; zaru\u010dila u\u010diteli ro\u010dn\u00ed plat ve v\u00fd\u0161i 53 zlat\u00fdch 20 krejcar\u016f a n\u011bjak\u00e9 natur\u00e1lie. Prvn\u00edm u\u010ditelem byl jmenov\u00e1n Rochus Sn\u00e1\u0161el. Dal\u0161\u00ed u\u010ditel\u00e9 jsou uv\u00e1d\u011bni v&nbsp;obecn\u00ed kronice. Na \u0161kole v&nbsp;\u017dalkovic\u00edch p\u016fsobili Ludv\u00edk T\u00e1borsk\u00fd, Jan Hal\u010d\u00edk, Franti\u0161ek Kudla, Alois Segeth, Karel Hrozek, Don\u00e1t Grones. Roku 1815 nav\u0161t\u011bvovalo \u0161kolu 88 d\u011bt\u00ed ze \u017dalkovic a 51 z&nbsp;\u0158\u00edkovic, od roku 1850 byla \u0161kola roz\u0161\u00ed\u0159ena na dvojt\u0159\u00eddn\u00ed. Oprava... <br><br><a class=\"readmore\" href=\"https:\/\/zszalkovice.cz\/en\/historie-skoly\/\">V\u00edce informac\u00ed<\/a>","protected":false},"author":1,"featured_media":0,"parent":0,"menu_order":3,"comment_status":"closed","ping_status":"closed","template":"","meta":{"footnotes":""},"class_list":["post-9389","page","type-page","status-publish","hentry"],"yoast_head":"<!-- This site is optimized with the Yoast SEO plugin v25.5 - https:\/\/yoast.com\/wordpress\/plugins\/seo\/ -->\n<title>Historie \u0161koly | ZS ZALKOVICE<\/title>\n<meta name=\"robots\" content=\"index, follow, max-snippet:-1, max-image-preview:large, max-video-preview:-1\" \/>\n<link rel=\"canonical\" href=\"https:\/\/zszalkovice.cz\/en\/historie-skoly\/\" \/>\n<meta property=\"og:locale\" content=\"en_US\" \/>\n<meta property=\"og:type\" content=\"article\" \/>\n<meta property=\"og:title\" content=\"Historie \u0161koly | ZS ZALKOVICE\" \/>\n<meta property=\"og:url\" content=\"https:\/\/zszalkovice.cz\/en\/historie-skoly\/\" \/>\n<meta property=\"og:site_name\" content=\"ZS ZALKOVICE\" \/>\n<meta property=\"article:modified_time\" content=\"2018-01-18T18:29:34+00:00\" \/>\n<meta name=\"twitter:card\" content=\"summary_large_image\" \/>\n<meta name=\"twitter:label1\" content=\"Est. reading time\" \/>\n\t<meta name=\"twitter:data1\" content=\"7 minutes\" \/>\n<script type=\"application\/ld+json\" class=\"yoast-schema-graph\">{\"@context\":\"https:\/\/schema.org\",\"@graph\":[{\"@type\":\"WebPage\",\"@id\":\"https:\/\/zszalkovice.cz\/en\/historie-skoly\/\",\"url\":\"https:\/\/zszalkovice.cz\/en\/historie-skoly\/\",\"name\":\"Historie \u0161koly | ZS ZALKOVICE\",\"isPartOf\":{\"@id\":\"https:\/\/zszalkovice.cz\/en\/#website\"},\"datePublished\":\"2017-11-08T20:13:39+00:00\",\"dateModified\":\"2018-01-18T18:29:34+00:00\",\"breadcrumb\":{\"@id\":\"https:\/\/zszalkovice.cz\/en\/historie-skoly\/#breadcrumb\"},\"inLanguage\":\"en-US\",\"potentialAction\":[{\"@type\":\"ReadAction\",\"target\":[\"https:\/\/zszalkovice.cz\/en\/historie-skoly\/\"]}]},{\"@type\":\"BreadcrumbList\",\"@id\":\"https:\/\/zszalkovice.cz\/en\/historie-skoly\/#breadcrumb\",\"itemListElement\":[{\"@type\":\"ListItem\",\"position\":1,\"name\":\"Home\",\"item\":\"https:\/\/zszalkovice.cz\/\"},{\"@type\":\"ListItem\",\"position\":2,\"name\":\"Historie \u0161koly\"}]},{\"@type\":\"WebSite\",\"@id\":\"https:\/\/zszalkovice.cz\/en\/#website\",\"url\":\"https:\/\/zszalkovice.cz\/en\/\",\"name\":\"ZS ZALKOVICE\",\"description\":\"ZS ZALKOVICE\",\"publisher\":{\"@id\":\"https:\/\/zszalkovice.cz\/en\/#organization\"},\"potentialAction\":[{\"@type\":\"SearchAction\",\"target\":{\"@type\":\"EntryPoint\",\"urlTemplate\":\"https:\/\/zszalkovice.cz\/en\/?s={search_term_string}\"},\"query-input\":{\"@type\":\"PropertyValueSpecification\",\"valueRequired\":true,\"valueName\":\"search_term_string\"}}],\"inLanguage\":\"en-US\"},{\"@type\":\"Organization\",\"@id\":\"https:\/\/zszalkovice.cz\/en\/#organization\",\"name\":\"Z\u0160 a M\u0160 \u017dalkovice\",\"url\":\"https:\/\/zszalkovice.cz\/en\/\",\"logo\":{\"@type\":\"ImageObject\",\"inLanguage\":\"en-US\",\"@id\":\"https:\/\/zszalkovice.cz\/en\/#\/schema\/logo\/image\/\",\"url\":\"https:\/\/blanchedalmond-starling-735365.hostingersite.com\/wp-content\/uploads\/2020\/04\/logo-2-e1590092978599.png\",\"contentUrl\":\"https:\/\/blanchedalmond-starling-735365.hostingersite.com\/wp-content\/uploads\/2020\/04\/logo-2-e1590092978599.png\",\"width\":839,\"height\":200,\"caption\":\"Z\u0160 a M\u0160 \u017dalkovice\"},\"image\":{\"@id\":\"https:\/\/zszalkovice.cz\/en\/#\/schema\/logo\/image\/\"}}]}<\/script>\n<!-- \/ Yoast SEO plugin. -->","yoast_head_json":{"title":"Historie \u0161koly | ZS ZALKOVICE","robots":{"index":"index","follow":"follow","max-snippet":"max-snippet:-1","max-image-preview":"max-image-preview:large","max-video-preview":"max-video-preview:-1"},"canonical":"https:\/\/zszalkovice.cz\/en\/historie-skoly\/","og_locale":"en_US","og_type":"article","og_title":"Historie \u0161koly | ZS ZALKOVICE","og_url":"https:\/\/zszalkovice.cz\/en\/historie-skoly\/","og_site_name":"ZS ZALKOVICE","article_modified_time":"2018-01-18T18:29:34+00:00","twitter_card":"summary_large_image","twitter_misc":{"Est. reading time":"7 minutes"},"schema":{"@context":"https:\/\/schema.org","@graph":[{"@type":"WebPage","@id":"https:\/\/zszalkovice.cz\/en\/historie-skoly\/","url":"https:\/\/zszalkovice.cz\/en\/historie-skoly\/","name":"Historie \u0161koly | ZS ZALKOVICE","isPartOf":{"@id":"https:\/\/zszalkovice.cz\/en\/#website"},"datePublished":"2017-11-08T20:13:39+00:00","dateModified":"2018-01-18T18:29:34+00:00","breadcrumb":{"@id":"https:\/\/zszalkovice.cz\/en\/historie-skoly\/#breadcrumb"},"inLanguage":"en-US","potentialAction":[{"@type":"ReadAction","target":["https:\/\/zszalkovice.cz\/en\/historie-skoly\/"]}]},{"@type":"BreadcrumbList","@id":"https:\/\/zszalkovice.cz\/en\/historie-skoly\/#breadcrumb","itemListElement":[{"@type":"ListItem","position":1,"name":"Home","item":"https:\/\/zszalkovice.cz\/"},{"@type":"ListItem","position":2,"name":"Historie \u0161koly"}]},{"@type":"WebSite","@id":"https:\/\/zszalkovice.cz\/en\/#website","url":"https:\/\/zszalkovice.cz\/en\/","name":"ZS ZALKOVICE","description":"ZS ZALKOVICE","publisher":{"@id":"https:\/\/zszalkovice.cz\/en\/#organization"},"potentialAction":[{"@type":"SearchAction","target":{"@type":"EntryPoint","urlTemplate":"https:\/\/zszalkovice.cz\/en\/?s={search_term_string}"},"query-input":{"@type":"PropertyValueSpecification","valueRequired":true,"valueName":"search_term_string"}}],"inLanguage":"en-US"},{"@type":"Organization","@id":"https:\/\/zszalkovice.cz\/en\/#organization","name":"Z\u0160 a M\u0160 \u017dalkovice","url":"https:\/\/zszalkovice.cz\/en\/","logo":{"@type":"ImageObject","inLanguage":"en-US","@id":"https:\/\/zszalkovice.cz\/en\/#\/schema\/logo\/image\/","url":"https:\/\/blanchedalmond-starling-735365.hostingersite.com\/wp-content\/uploads\/2020\/04\/logo-2-e1590092978599.png","contentUrl":"https:\/\/blanchedalmond-starling-735365.hostingersite.com\/wp-content\/uploads\/2020\/04\/logo-2-e1590092978599.png","width":839,"height":200,"caption":"Z\u0160 a M\u0160 \u017dalkovice"},"image":{"@id":"https:\/\/zszalkovice.cz\/en\/#\/schema\/logo\/image\/"}}]}},"_links":{"self":[{"href":"https:\/\/zszalkovice.cz\/en\/wp-json\/wp\/v2\/pages\/9389","targetHints":{"allow":["GET"]}}],"collection":[{"href":"https:\/\/zszalkovice.cz\/en\/wp-json\/wp\/v2\/pages"}],"about":[{"href":"https:\/\/zszalkovice.cz\/en\/wp-json\/wp\/v2\/types\/page"}],"author":[{"embeddable":true,"href":"https:\/\/zszalkovice.cz\/en\/wp-json\/wp\/v2\/users\/1"}],"replies":[{"embeddable":true,"href":"https:\/\/zszalkovice.cz\/en\/wp-json\/wp\/v2\/comments?post=9389"}],"version-history":[{"count":50,"href":"https:\/\/zszalkovice.cz\/en\/wp-json\/wp\/v2\/pages\/9389\/revisions"}],"predecessor-version":[{"id":12159,"href":"https:\/\/zszalkovice.cz\/en\/wp-json\/wp\/v2\/pages\/9389\/revisions\/12159"}],"wp:attachment":[{"href":"https:\/\/zszalkovice.cz\/en\/wp-json\/wp\/v2\/media?parent=9389"}],"curies":[{"name":"wp","href":"https:\/\/api.w.org\/{rel}","templated":true}]}}