{"id":9392,"date":"2017-11-08T20:15:11","date_gmt":"2017-11-08T20:15:11","guid":{"rendered":"https:\/\/zszalkovice.cz\/?page_id=9392"},"modified":"2025-07-28T08:49:48","modified_gmt":"2025-07-28T06:49:48","slug":"charakteristika-skoly","status":"publish","type":"page","link":"https:\/\/zszalkovice.cz\/en\/charakteristika-skoly\/","title":{"rendered":"Charakteristika \u0161koly"},"content":{"rendered":"<section class=\"wpb_row   wpb_animate_when_almost_visible wpb_right-to-left right-to-left\"><div class=\"wpb_column vc_column_container vc_col-sm-12\"><div class=\"vc_column-inner\"><div class=\"wpb_wrapper\"><div class=\"vc_row wpb_row vc_inner vc_row-fluid\"><div class=\"wpb_column vc_column_container vc_col-sm-6\"><div class=\"vc_column-inner\"><div class=\"wpb_wrapper\"><div class=\"w-divider11\"><h3 class=\"colorf\" style=\"color:\"><span class=\"spl\">Z\u00c1KLADN\u00cd \u0160KOLA A MATE\u0158SK\u00c1 \u0160KOLA<\/span><span class=\"spr\">\u017dALKOVICE<\/span><\/h3><p>Na\u0161e Z\u00e1kladn\u00ed \u0161kola a Mate\u0159sk\u00e1 \u0161kola \u017dalkovice je ne\u00faplnou malot\u0159\u00eddn\u00ed \u0161kolou rodinn\u00e9ho typu, kter\u00e1 poskytuje z\u00e1kladn\u00ed vzd\u011bl\u00e1v\u00e1n\u00ed \u017e\u00e1k\u016fm v 1. \u2013 4. ro\u010dn\u00edku. V\u00fduka prob\u00edh\u00e1 ve dvou t\u0159\u00edd\u00e1ch se spojen\u00fdmi dv\u011bma ro\u010dn\u00edky - I. t\u0159\u00edda: 1. - 2. ro\u010dn\u00edk, II. t\u0159\u00edda: 3. - 4. ro\u010dn\u00edk.<\/p>\n<p>Budova \u0161koly m\u00e1 dv\u011b podla\u017e\u00ed. V p\u0159\u00edzem\u00ed se nach\u00e1z\u00ed zrekonstruovan\u00e9 prostory mate\u0159sk\u00e9 \u0161koly, \u0161koln\u00ed v\u00fddejny s j\u00eddelnou a \u017e\u00e1kovsk\u00e9 \u0161atny.<\/p>\n<p>V pat\u0159e jsou dv\u011b modern\u011b vybaven\u00e9 u\u010debny z\u00e1kladn\u00ed \u0161koly, ob\u011b maj\u00ed interaktivn\u00ed tabule s dataprojektorem, po\u010d\u00edta\u010de s p\u0159ipojen\u00edm k internetu, jsou vybaveny v\u00fd\u0161kov\u011b nastaviteln\u00fdm n\u00e1bytkem a men\u0161\u00edm kobercem v hrac\u00edm kout\u011b.<\/p>\n<p>Materi\u00e1ln\u00ed vybaven\u00ed \u0161koly je dostate\u010dn\u00e9 - \u0161kola je vybavena modern\u00edmi u\u010debnicemi, u\u010debn\u00edmi pom\u016fckami do v\u0161ech p\u0159edm\u011bt\u016f, didaktickou technikou, je roz\u0161i\u0159ov\u00e1n v\u00fdukov\u00fd software, jsou dopl\u0148ov\u00e1ny tituly ve sb\u00edrk\u00e1ch \u017e\u00e1kovsk\u00e9 i u\u010ditelsk\u00e9 knihovny. Prostory obou t\u0159\u00edd jsou pro v\u00fduku dvou spojen\u00fdch ro\u010dn\u00edk\u016f dostate\u010dn\u00e9. Kapacita \u0161koly je 60 \u017e\u00e1k\u016f. \u0160kole chyb\u00ed vlastn\u00ed t\u011blocvi\u010dna a h\u0159i\u0161t\u011b. K realizaci v\u00fduky \u0161koln\u00ed TV a sportovn\u00edch krou\u017ek\u016f je vyu\u017e\u00edv\u00e1na m\u00edstn\u00ed sokolovna a h\u0159i\u0161t\u011b.<\/p>\n<p>Sou\u010d\u00e1st\u00ed \u0161koly je tak\u00e9 jedno odd\u011blen\u00ed \u0161koln\u00ed dru\u017einy. \u0160D organizuje odpo\u010dinkov\u00e9 \u010dinnosti, projekty, n\u00e1v\u0161t\u011bvu krou\u017ek\u016f a r\u016fzn\u00e9 akce. Svou \u010dinnost\u00ed \u0161koln\u00ed dru\u017eina dopl\u0148uje a podporuje priority \u0161koly. \u0160koln\u00ed dru\u017ein\u011b mimo kmenov\u00e9 t\u0159\u00eddy slou\u017e\u00ed prostory \u0161koln\u00edho bytu.<\/p>\n<p>V budoucnosti je pl\u00e1novan\u00e1 jeho nezbytn\u00e1 rekonstrukce. Kapacita \u0161koln\u00ed dru\u017einy je 30 \u017e\u00e1k\u016f. Pro stravov\u00e1n\u00ed \u017e\u00e1k\u016f a d\u011bt\u00ed je k dispozici nov\u00e1 \u0161koln\u00ed j\u00eddelna v budov\u011b \u0161koly. \u0160kola m\u00e1 \u010dist\u00e9 a esteticky vyzdoben\u00e9 prostory v obou t\u0159\u00edd\u00e1ch, na chodb\u011b a schodi\u0161ti. V\u00fdzdobu \u0161koly \u010d\u00e1ste\u010dn\u011b tvo\u0159\u00ed v\u00fdtvarn\u00e9 a projektov\u00e9 pr\u00e1ce \u017e\u00e1k\u016f, fotogalerie z \u010dinnosti \u0161koly. \u0160kola m\u00e1 dobrou dopravn\u00ed dostupnost i pro \u017e\u00e1ky z nejbli\u017e\u0161\u00edch obc\u00ed.<\/p>\n<p>V sou\u010dasn\u00e9 dob\u011b do n\u00ed doj\u00ed\u017ed\u011bj\u00ed hlavn\u011b \u017e\u00e1ci z Kyselovic.<\/p><\/div><\/div><\/div><\/div><div class=\"wpb_column vc_column_container vc_col-sm-6\"><div class=\"vc_column-inner\"><div class=\"wpb_wrapper\"><div class=\"vc_empty_space\"   style=\"height: 32px\" ><span class=\"vc_empty_space_inner\"><\/span><\/div>\n\n\t<div  class=\"wpb_single_image wpb_content_element vc_align_left\">\n\t\t\n\t\t<figure class=\"wpb_wrapper vc_figure\">\n\t\t\t<div class=\"vc_single_image-wrapper   vc_box_border_grey\"><img fetchpriority=\"high\" decoding=\"async\" width=\"1024\" height=\"681\" src=\"https:\/\/zszalkovice.cz\/wp-content\/uploads\/2016\/06\/DSC_5300.jpg\" class=\"vc_single_image-img attachment-full\" alt=\"\" srcset=\"https:\/\/zszalkovice.cz\/wp-content\/uploads\/2016\/06\/DSC_5300.jpg 1024w, https:\/\/zszalkovice.cz\/wp-content\/uploads\/2016\/06\/DSC_5300-300x199.jpg 300w, https:\/\/zszalkovice.cz\/wp-content\/uploads\/2016\/06\/DSC_5300-768x511.jpg 768w, https:\/\/zszalkovice.cz\/wp-content\/uploads\/2016\/06\/DSC_5300-420x280.jpg 420w, https:\/\/zszalkovice.cz\/wp-content\/uploads\/2016\/06\/DSC_5300-690x460.jpg 690w\" sizes=\"(max-width: 1024px) 100vw, 1024px\" \/><\/div>\n\t\t<\/figure>\n\t<\/div>\n<div class=\"vc_empty_space\"   style=\"height: 42px\" ><span class=\"vc_empty_space_inner\"><\/span><\/div>\n\n\t<div  class=\"wpb_single_image wpb_content_element vc_align_left\">\n\t\t\n\t\t<figure class=\"wpb_wrapper vc_figure\">\n\t\t\t<div class=\"vc_single_image-wrapper   vc_box_border_grey\"><img decoding=\"async\" width=\"1024\" height=\"681\" data-src=\"https:\/\/zszalkovice.cz\/wp-content\/uploads\/2016\/04\/I.1.2.-2.jpg\" class=\"vc_single_image-img attachment-full lazyload\" alt=\"\" data-srcset=\"https:\/\/zszalkovice.cz\/wp-content\/uploads\/2016\/04\/I.1.2.-2.jpg 1024w, https:\/\/zszalkovice.cz\/wp-content\/uploads\/2016\/04\/I.1.2.-2-300x199.jpg 300w, https:\/\/zszalkovice.cz\/wp-content\/uploads\/2016\/04\/I.1.2.-2-768x511.jpg 768w, https:\/\/zszalkovice.cz\/wp-content\/uploads\/2016\/04\/I.1.2.-2-420x280.jpg 420w, https:\/\/zszalkovice.cz\/wp-content\/uploads\/2016\/04\/I.1.2.-2-690x460.jpg 690w\" data-sizes=\"(max-width: 1024px) 100vw, 1024px\" src=\"data:image\/svg+xml;base64,PHN2ZyB3aWR0aD0iMSIgaGVpZ2h0PSIxIiB4bWxucz0iaHR0cDovL3d3dy53My5vcmcvMjAwMC9zdmciPjwvc3ZnPg==\" style=\"--smush-placeholder-width: 1024px; --smush-placeholder-aspect-ratio: 1024\/681;\" \/><\/div>\n\t\t<\/figure>\n\t<\/div>\n<\/div><\/div><\/div><\/div><\/div><\/div><\/div><\/section><section class=\"wpb_row   wpb_animate_when_almost_visible wpb_right-to-left right-to-left\"><div class=\"wpb_column vc_column_container vc_col-sm-6\"><div class=\"vc_column-inner\"><div class=\"wpb_wrapper\"><div class=\"vc_empty_space\"   style=\"height: 32px\" ><span class=\"vc_empty_space_inner\"><\/span><\/div>\n\n\t<div  class=\"wpb_single_image wpb_content_element vc_align_left\">\n\t\t\n\t\t<figure class=\"wpb_wrapper vc_figure\">\n\t\t\t<div class=\"vc_single_image-wrapper   vc_box_border_grey\"><img decoding=\"async\" width=\"602\" height=\"400\" data-src=\"https:\/\/zszalkovice.cz\/wp-content\/uploads\/2016\/06\/II.3.4.-4.jpg\" class=\"vc_single_image-img attachment-full lazyload\" alt=\"\" data-srcset=\"https:\/\/zszalkovice.cz\/wp-content\/uploads\/2016\/06\/II.3.4.-4.jpg 602w, https:\/\/zszalkovice.cz\/wp-content\/uploads\/2016\/06\/II.3.4.-4-300x199.jpg 300w, https:\/\/zszalkovice.cz\/wp-content\/uploads\/2016\/06\/II.3.4.-4-420x280.jpg 420w\" data-sizes=\"(max-width: 602px) 100vw, 602px\" src=\"data:image\/svg+xml;base64,PHN2ZyB3aWR0aD0iMSIgaGVpZ2h0PSIxIiB4bWxucz0iaHR0cDovL3d3dy53My5vcmcvMjAwMC9zdmciPjwvc3ZnPg==\" style=\"--smush-placeholder-width: 602px; --smush-placeholder-aspect-ratio: 602\/400;\" \/><\/div>\n\t\t<\/figure>\n\t<\/div>\n<\/div><\/div><\/div><div class=\"wpb_column vc_column_container vc_col-sm-6\"><div class=\"vc_column-inner\"><div class=\"wpb_wrapper\"><div class=\"w-divider11\"><h3 class=\"colorf\" style=\"color:\"><span class=\"spl\">CHARAKTERISTIKA PEDAGOGICK\u00c9HO<\/span><span class=\"spr\">SBORU<\/span><\/h3><p>Pedagogick\u00fd sbor je dlouhodob\u011b stabilizov\u00e1n a je pln\u011b kvalifikovan\u00fd.<\/p>\n<p>V\u00fduka na 1. stupni je zaji\u0161t\u011bna dv\u011bma u\u010ditelkami spl\u0148uj\u00edc\u00ed odbornou kvalifikaci dle po\u017eadavk\u016f z\u00e1kona \u010d. 563\/2004 Sb., o pedagogick\u00fdch pracovn\u00edc\u00edch a jsou schopn\u00e9 odborn\u011b realizovat konkr\u00e9tn\u00ed vyu\u010dovac\u00ed p\u0159edm\u011bty i jin\u00e9 v\u00fdchovn\u00e9 a vzd\u011bl\u00e1vac\u00ed \u010dinnosti.<\/p>\n<p>Ve \u0161koln\u00ed dru\u017ein\u011b se uskute\u010d\u0148uje z\u00e1jmov\u00e9 vzd\u011bl\u00e1v\u00e1n\u00ed, kter\u00e9 person\u00e1ln\u011b zaji\u0161\u0165uje jedna vychovatelka rovn\u011b\u017e spl\u0148uj\u00edc\u00ed kvalifika\u010dn\u00ed p\u0159edpoklady dle v\u00fd\u0161e uveden\u00e9ho z\u00e1kona. Ve \u0161kole pracuj\u00ed dva spr\u00e1vn\u00ed zam\u011bstnanci na \u010d\u00e1ste\u010dn\u00fd \u00favazek.<\/p><\/div><\/div><\/div><\/div><\/section>","protected":false},"excerpt":{"rendered":"Z\u00c1KLADN\u00cd \u0160KOLA A MATE\u0158SK\u00c1 \u0160KOLA\u017dALKOVICENa\u0161e Z\u00e1kladn\u00ed \u0161kola a Mate\u0159sk\u00e1 \u0161kola \u017dalkovice je ne\u00faplnou malot\u0159\u00eddn\u00ed \u0161kolou rodinn\u00e9ho typu, kter\u00e1 poskytuje z\u00e1kladn\u00ed vzd\u011bl\u00e1v\u00e1n\u00ed \u017e\u00e1k\u016fm v 1. \u2013 4. ro\u010dn\u00edku. V\u00fduka prob\u00edh\u00e1 ve dvou t\u0159\u00edd\u00e1ch se spojen\u00fdmi dv\u011bma ro\u010dn\u00edky - I. t\u0159\u00edda: 1. - 2. ro\u010dn\u00edk, II. t\u0159\u00edda: 3. - 4. ro\u010dn\u00edk. Budova \u0161koly m\u00e1 dv\u011b podla\u017e\u00ed. V p\u0159\u00edzem\u00ed se nach\u00e1z\u00ed zrekonstruovan\u00e9 prostory mate\u0159sk\u00e9 \u0161koly, \u0161koln\u00ed v\u00fddejny s j\u00eddelnou a \u017e\u00e1kovsk\u00e9 \u0161atny. V pat\u0159e jsou dv\u011b modern\u011b vybaven\u00e9 u\u010debny z\u00e1kladn\u00ed \u0161koly, ob\u011b maj\u00ed interaktivn\u00ed tabule s dataprojektorem, po\u010d\u00edta\u010de s p\u0159ipojen\u00edm k internetu, jsou vybaveny v\u00fd\u0161kov\u011b nastaviteln\u00fdm n\u00e1bytkem a men\u0161\u00edm kobercem v hrac\u00edm kout\u011b. Materi\u00e1ln\u00ed vybaven\u00ed \u0161koly je dostate\u010dn\u00e9 - \u0161kola je vybavena modern\u00edmi u\u010debnicemi, u\u010debn\u00edmi pom\u016fckami do v\u0161ech p\u0159edm\u011bt\u016f, didaktickou technikou, je roz\u0161i\u0159ov\u00e1n v\u00fdukov\u00fd software, jsou dopl\u0148ov\u00e1ny tituly ve sb\u00edrk\u00e1ch \u017e\u00e1kovsk\u00e9 i u\u010ditelsk\u00e9 knihovny. Prostory obou t\u0159\u00edd jsou pro v\u00fduku dvou spojen\u00fdch ro\u010dn\u00edk\u016f dostate\u010dn\u00e9. Kapacita \u0161koly je 60 \u017e\u00e1k\u016f. \u0160kole chyb\u00ed vlastn\u00ed t\u011blocvi\u010dna a h\u0159i\u0161t\u011b. K realizaci v\u00fduky \u0161koln\u00ed TV a sportovn\u00edch krou\u017ek\u016f je vyu\u017e\u00edv\u00e1na m\u00edstn\u00ed sokolovna a h\u0159i\u0161t\u011b. Sou\u010d\u00e1st\u00ed \u0161koly je tak\u00e9 jedno odd\u011blen\u00ed \u0161koln\u00ed dru\u017einy. \u0160D organizuje odpo\u010dinkov\u00e9 \u010dinnosti, projekty, n\u00e1v\u0161t\u011bvu krou\u017ek\u016f a r\u016fzn\u00e9 akce. Svou \u010dinnost\u00ed \u0161koln\u00ed dru\u017eina dopl\u0148uje a podporuje priority \u0161koly. \u0160koln\u00ed dru\u017ein\u011b mimo kmenov\u00e9 t\u0159\u00eddy slou\u017e\u00ed prostory \u0161koln\u00edho bytu. V budoucnosti je pl\u00e1novan\u00e1 jeho nezbytn\u00e1 rekonstrukce. Kapacita \u0161koln\u00ed dru\u017einy je 30 \u017e\u00e1k\u016f. Pro stravov\u00e1n\u00ed \u017e\u00e1k\u016f a d\u011bt\u00ed je k dispozici nov\u00e1 \u0161koln\u00ed j\u00eddelna v budov\u011b \u0161koly. \u0160kola m\u00e1 \u010dist\u00e9 a esteticky vyzdoben\u00e9 prostory v obou t\u0159\u00edd\u00e1ch, na chodb\u011b a schodi\u0161ti. V\u00fdzdobu \u0161koly \u010d\u00e1ste\u010dn\u011b tvo\u0159\u00ed v\u00fdtvarn\u00e9 a projektov\u00e9 pr\u00e1ce \u017e\u00e1k\u016f, fotogalerie z \u010dinnosti \u0161koly. \u0160kola m\u00e1 dobrou dopravn\u00ed dostupnost i pro \u017e\u00e1ky z nejbli\u017e\u0161\u00edch obc\u00ed. V sou\u010dasn\u00e9 dob\u011b do n\u00ed doj\u00ed\u017ed\u011bj\u00ed hlavn\u011b \u017e\u00e1ci z Kyselovic. CHARAKTERISTIKA PEDAGOGICK\u00c9HOSBORUPedagogick\u00fd sbor je dlouhodob\u011b stabilizov\u00e1n a je pln\u011b kvalifikovan\u00fd. V\u00fduka na 1. stupni je zaji\u0161t\u011bna dv\u011bma u\u010ditelkami spl\u0148uj\u00edc\u00ed odbornou kvalifikaci dle po\u017eadavk\u016f... <br><br><a class=\"readmore\" href=\"https:\/\/zszalkovice.cz\/en\/charakteristika-skoly\/\">V\u00edce informac\u00ed<\/a>","protected":false},"author":1,"featured_media":0,"parent":0,"menu_order":4,"comment_status":"closed","ping_status":"closed","template":"","meta":{"footnotes":""},"class_list":["post-9392","page","type-page","status-publish","hentry"],"yoast_head":"<!-- This site is optimized with the Yoast SEO plugin v25.5 - https:\/\/yoast.com\/wordpress\/plugins\/seo\/ -->\n<title>Charakteristika \u0161koly | ZS ZALKOVICE<\/title>\n<meta name=\"robots\" content=\"index, follow, max-snippet:-1, max-image-preview:large, max-video-preview:-1\" \/>\n<link rel=\"canonical\" href=\"https:\/\/zszalkovice.cz\/en\/charakteristika-skoly\/\" \/>\n<meta property=\"og:locale\" content=\"en_US\" \/>\n<meta property=\"og:type\" content=\"article\" \/>\n<meta property=\"og:title\" content=\"Charakteristika \u0161koly | ZS ZALKOVICE\" \/>\n<meta property=\"og:url\" content=\"https:\/\/zszalkovice.cz\/en\/charakteristika-skoly\/\" \/>\n<meta property=\"og:site_name\" content=\"ZS ZALKOVICE\" \/>\n<meta property=\"article:modified_time\" content=\"2025-07-28T06:49:48+00:00\" \/>\n<meta name=\"twitter:card\" content=\"summary_large_image\" \/>\n<meta name=\"twitter:label1\" content=\"Est. reading time\" \/>\n\t<meta name=\"twitter:data1\" content=\"2 minutes\" \/>\n<script type=\"application\/ld+json\" class=\"yoast-schema-graph\">{\"@context\":\"https:\/\/schema.org\",\"@graph\":[{\"@type\":\"WebPage\",\"@id\":\"https:\/\/zszalkovice.cz\/charakteristika-skoly\/\",\"url\":\"https:\/\/zszalkovice.cz\/charakteristika-skoly\/\",\"name\":\"Charakteristika \u0161koly | ZS ZALKOVICE\",\"isPartOf\":{\"@id\":\"https:\/\/zszalkovice.cz\/en\/#website\"},\"datePublished\":\"2017-11-08T20:15:11+00:00\",\"dateModified\":\"2025-07-28T06:49:48+00:00\",\"breadcrumb\":{\"@id\":\"https:\/\/zszalkovice.cz\/charakteristika-skoly\/#breadcrumb\"},\"inLanguage\":\"en-US\",\"potentialAction\":[{\"@type\":\"ReadAction\",\"target\":[\"https:\/\/zszalkovice.cz\/charakteristika-skoly\/\"]}]},{\"@type\":\"BreadcrumbList\",\"@id\":\"https:\/\/zszalkovice.cz\/charakteristika-skoly\/#breadcrumb\",\"itemListElement\":[{\"@type\":\"ListItem\",\"position\":1,\"name\":\"Home\",\"item\":\"https:\/\/zszalkovice.cz\/\"},{\"@type\":\"ListItem\",\"position\":2,\"name\":\"Charakteristika \u0161koly\"}]},{\"@type\":\"WebSite\",\"@id\":\"https:\/\/zszalkovice.cz\/en\/#website\",\"url\":\"https:\/\/zszalkovice.cz\/en\/\",\"name\":\"ZS ZALKOVICE\",\"description\":\"ZS ZALKOVICE\",\"publisher\":{\"@id\":\"https:\/\/zszalkovice.cz\/en\/#organization\"},\"potentialAction\":[{\"@type\":\"SearchAction\",\"target\":{\"@type\":\"EntryPoint\",\"urlTemplate\":\"https:\/\/zszalkovice.cz\/en\/?s={search_term_string}\"},\"query-input\":{\"@type\":\"PropertyValueSpecification\",\"valueRequired\":true,\"valueName\":\"search_term_string\"}}],\"inLanguage\":\"en-US\"},{\"@type\":\"Organization\",\"@id\":\"https:\/\/zszalkovice.cz\/en\/#organization\",\"name\":\"Z\u0160 a M\u0160 \u017dalkovice\",\"url\":\"https:\/\/zszalkovice.cz\/en\/\",\"logo\":{\"@type\":\"ImageObject\",\"inLanguage\":\"en-US\",\"@id\":\"https:\/\/zszalkovice.cz\/en\/#\/schema\/logo\/image\/\",\"url\":\"https:\/\/blanchedalmond-starling-735365.hostingersite.com\/wp-content\/uploads\/2020\/04\/logo-2-e1590092978599.png\",\"contentUrl\":\"https:\/\/blanchedalmond-starling-735365.hostingersite.com\/wp-content\/uploads\/2020\/04\/logo-2-e1590092978599.png\",\"width\":839,\"height\":200,\"caption\":\"Z\u0160 a M\u0160 \u017dalkovice\"},\"image\":{\"@id\":\"https:\/\/zszalkovice.cz\/en\/#\/schema\/logo\/image\/\"}}]}<\/script>\n<!-- \/ Yoast SEO plugin. -->","yoast_head_json":{"title":"Charakteristika \u0161koly | ZS ZALKOVICE","robots":{"index":"index","follow":"follow","max-snippet":"max-snippet:-1","max-image-preview":"max-image-preview:large","max-video-preview":"max-video-preview:-1"},"canonical":"https:\/\/zszalkovice.cz\/en\/charakteristika-skoly\/","og_locale":"en_US","og_type":"article","og_title":"Charakteristika \u0161koly | ZS ZALKOVICE","og_url":"https:\/\/zszalkovice.cz\/en\/charakteristika-skoly\/","og_site_name":"ZS ZALKOVICE","article_modified_time":"2025-07-28T06:49:48+00:00","twitter_card":"summary_large_image","twitter_misc":{"Est. reading time":"2 minutes"},"schema":{"@context":"https:\/\/schema.org","@graph":[{"@type":"WebPage","@id":"https:\/\/zszalkovice.cz\/charakteristika-skoly\/","url":"https:\/\/zszalkovice.cz\/charakteristika-skoly\/","name":"Charakteristika \u0161koly | ZS ZALKOVICE","isPartOf":{"@id":"https:\/\/zszalkovice.cz\/en\/#website"},"datePublished":"2017-11-08T20:15:11+00:00","dateModified":"2025-07-28T06:49:48+00:00","breadcrumb":{"@id":"https:\/\/zszalkovice.cz\/charakteristika-skoly\/#breadcrumb"},"inLanguage":"en-US","potentialAction":[{"@type":"ReadAction","target":["https:\/\/zszalkovice.cz\/charakteristika-skoly\/"]}]},{"@type":"BreadcrumbList","@id":"https:\/\/zszalkovice.cz\/charakteristika-skoly\/#breadcrumb","itemListElement":[{"@type":"ListItem","position":1,"name":"Home","item":"https:\/\/zszalkovice.cz\/"},{"@type":"ListItem","position":2,"name":"Charakteristika \u0161koly"}]},{"@type":"WebSite","@id":"https:\/\/zszalkovice.cz\/en\/#website","url":"https:\/\/zszalkovice.cz\/en\/","name":"ZS ZALKOVICE","description":"ZS ZALKOVICE","publisher":{"@id":"https:\/\/zszalkovice.cz\/en\/#organization"},"potentialAction":[{"@type":"SearchAction","target":{"@type":"EntryPoint","urlTemplate":"https:\/\/zszalkovice.cz\/en\/?s={search_term_string}"},"query-input":{"@type":"PropertyValueSpecification","valueRequired":true,"valueName":"search_term_string"}}],"inLanguage":"en-US"},{"@type":"Organization","@id":"https:\/\/zszalkovice.cz\/en\/#organization","name":"Z\u0160 a M\u0160 \u017dalkovice","url":"https:\/\/zszalkovice.cz\/en\/","logo":{"@type":"ImageObject","inLanguage":"en-US","@id":"https:\/\/zszalkovice.cz\/en\/#\/schema\/logo\/image\/","url":"https:\/\/blanchedalmond-starling-735365.hostingersite.com\/wp-content\/uploads\/2020\/04\/logo-2-e1590092978599.png","contentUrl":"https:\/\/blanchedalmond-starling-735365.hostingersite.com\/wp-content\/uploads\/2020\/04\/logo-2-e1590092978599.png","width":839,"height":200,"caption":"Z\u0160 a M\u0160 \u017dalkovice"},"image":{"@id":"https:\/\/zszalkovice.cz\/en\/#\/schema\/logo\/image\/"}}]}},"_links":{"self":[{"href":"https:\/\/zszalkovice.cz\/en\/wp-json\/wp\/v2\/pages\/9392","targetHints":{"allow":["GET"]}}],"collection":[{"href":"https:\/\/zszalkovice.cz\/en\/wp-json\/wp\/v2\/pages"}],"about":[{"href":"https:\/\/zszalkovice.cz\/en\/wp-json\/wp\/v2\/types\/page"}],"author":[{"embeddable":true,"href":"https:\/\/zszalkovice.cz\/en\/wp-json\/wp\/v2\/users\/1"}],"replies":[{"embeddable":true,"href":"https:\/\/zszalkovice.cz\/en\/wp-json\/wp\/v2\/comments?post=9392"}],"version-history":[{"count":26,"href":"https:\/\/zszalkovice.cz\/en\/wp-json\/wp\/v2\/pages\/9392\/revisions"}],"predecessor-version":[{"id":21460,"href":"https:\/\/zszalkovice.cz\/en\/wp-json\/wp\/v2\/pages\/9392\/revisions\/21460"}],"wp:attachment":[{"href":"https:\/\/zszalkovice.cz\/en\/wp-json\/wp\/v2\/media?parent=9392"}],"curies":[{"name":"wp","href":"https:\/\/api.w.org\/{rel}","templated":true}]}}