{"id":9427,"date":"2017-11-08T20:27:30","date_gmt":"2017-11-08T20:27:30","guid":{"rendered":"https:\/\/zszalkovice.cz\/?page_id=9427"},"modified":"2025-04-30T10:47:53","modified_gmt":"2025-04-30T08:47:53","slug":"skolska-rada","status":"publish","type":"page","link":"https:\/\/zszalkovice.cz\/en\/skolska-rada\/","title":{"rendered":"\u0160kolsk\u00e1 rada"},"content":{"rendered":"<section class=\"wpb_row   wpb_animate_when_almost_visible wpb_right-to-left right-to-left\"><div class=\"wpb_column vc_column_container vc_col-sm-12\"><div class=\"vc_column-inner\"><div class=\"wpb_wrapper\"><div class=\"w-divider11\"><h3 class=\"colorf\" style=\"color:\"><span class=\"spl\">\u0160KOLSK\u00c1 RADA<\/span><span class=\"spr\">Z\u0160 a M\u0160 \u017dalkovice<\/span><\/h3><\/div>\n\t<div class=\"wpb_text_column wpb_content_element\" >\n\t\t<div class=\"wpb_wrapper\">\n\t\t\t<p>\u0160kolsk\u00e1 rada je z\u0159\u00edzena a pracuje v souladu s \u00a7 167 a \u00a7 168 z\u00e1kona \u010d. 561\/2004 Sb. o p\u0159ed\u0161koln\u00edm, z\u00e1kladn\u00edm, st\u0159edn\u00edm, vy\u0161\u0161\u00edm odborn\u00e9m a jin\u00e9m vzd\u011bl\u00e1v\u00e1n\u00ed (\u0161kolsk\u00fd z\u00e1kon) v platn\u00e9m zn\u011bn\u00ed a m\u00e1 t\u0159i \u010dleny:<\/p>\n<ul>\n<li><strong>Bc. Hor\u00e1kov\u00e1 Bronislava<\/strong>, zvolena za z\u00e1konn\u00e9 z\u00e1stupce \u017e\u00e1k\u016f<\/li>\n<li><strong>Ing. Navr\u00e1tilov\u00e1 Denisa<\/strong>, jmenov\u00e1na z\u0159izovatelem<\/li>\n<li><strong>Mgr. \u017d\u016frkov\u00e1 Tereza, <\/strong>zvolena za pedagogick\u00e9 pracovn\u00edky<\/li>\n<\/ul>\n<p>Kontakty na \u010dleny \u0161kolsk\u00e9 rady jsou k\u00a0dispozici v\u00a0kancel\u00e1\u0159i \u0161koly.<\/p>\n\n\t\t<\/div>\n\t<\/div>\n<\/div><\/div><\/div><\/section>","protected":false},"excerpt":{"rendered":"\u0160KOLSK\u00c1 RADAZ\u0160 a M\u0160 \u017dalkovice \u0160kolsk\u00e1 rada je z\u0159\u00edzena a pracuje v souladu s \u00a7 167 a \u00a7 168 z\u00e1kona \u010d. 561\/2004 Sb. o p\u0159ed\u0161koln\u00edm, z\u00e1kladn\u00edm, st\u0159edn\u00edm, vy\u0161\u0161\u00edm odborn\u00e9m a jin\u00e9m vzd\u011bl\u00e1v\u00e1n\u00ed (\u0161kolsk\u00fd z\u00e1kon) v platn\u00e9m zn\u011bn\u00ed a m\u00e1 t\u0159i \u010dleny: Bc. Hor\u00e1kov\u00e1 Bronislava, zvolena za z\u00e1konn\u00e9 z\u00e1stupce \u017e\u00e1k\u016f Ing. Navr\u00e1tilov\u00e1 Denisa, jmenov\u00e1na z\u0159izovatelem Mgr. \u017d\u016frkov\u00e1 Tereza, zvolena za pedagogick\u00e9 pracovn\u00edky Kontakty na \u010dleny \u0161kolsk\u00e9 rady jsou k\u00a0dispozici v\u00a0kancel\u00e1\u0159i \u0161koly.","protected":false},"author":1,"featured_media":0,"parent":0,"menu_order":5,"comment_status":"closed","ping_status":"closed","template":"","meta":{"footnotes":""},"class_list":["post-9427","page","type-page","status-publish","hentry"],"yoast_head":"<!-- This site is optimized with the Yoast SEO plugin v25.5 - https:\/\/yoast.com\/wordpress\/plugins\/seo\/ -->\n<title>\u0160kolsk\u00e1 rada | ZS ZALKOVICE<\/title>\n<meta name=\"robots\" content=\"index, follow, max-snippet:-1, max-image-preview:large, max-video-preview:-1\" \/>\n<link rel=\"canonical\" href=\"https:\/\/zszalkovice.cz\/en\/skolska-rada\/\" \/>\n<meta property=\"og:locale\" content=\"en_US\" \/>\n<meta property=\"og:type\" content=\"article\" \/>\n<meta property=\"og:title\" content=\"\u0160kolsk\u00e1 rada | ZS ZALKOVICE\" \/>\n<meta property=\"og:url\" content=\"https:\/\/zszalkovice.cz\/en\/skolska-rada\/\" \/>\n<meta property=\"og:site_name\" content=\"ZS ZALKOVICE\" \/>\n<meta property=\"article:modified_time\" content=\"2025-04-30T08:47:53+00:00\" \/>\n<meta name=\"twitter:card\" content=\"summary_large_image\" \/>\n<meta name=\"twitter:label1\" content=\"Est. reading time\" \/>\n\t<meta name=\"twitter:data1\" content=\"1 minute\" \/>\n<script type=\"application\/ld+json\" class=\"yoast-schema-graph\">{\"@context\":\"https:\/\/schema.org\",\"@graph\":[{\"@type\":\"WebPage\",\"@id\":\"https:\/\/zszalkovice.cz\/en\/skolska-rada\/\",\"url\":\"https:\/\/zszalkovice.cz\/en\/skolska-rada\/\",\"name\":\"\u0160kolsk\u00e1 rada | ZS ZALKOVICE\",\"isPartOf\":{\"@id\":\"https:\/\/zszalkovice.cz\/en\/#website\"},\"datePublished\":\"2017-11-08T20:27:30+00:00\",\"dateModified\":\"2025-04-30T08:47:53+00:00\",\"breadcrumb\":{\"@id\":\"https:\/\/zszalkovice.cz\/en\/skolska-rada\/#breadcrumb\"},\"inLanguage\":\"en-US\",\"potentialAction\":[{\"@type\":\"ReadAction\",\"target\":[\"https:\/\/zszalkovice.cz\/en\/skolska-rada\/\"]}]},{\"@type\":\"BreadcrumbList\",\"@id\":\"https:\/\/zszalkovice.cz\/en\/skolska-rada\/#breadcrumb\",\"itemListElement\":[{\"@type\":\"ListItem\",\"position\":1,\"name\":\"Home\",\"item\":\"https:\/\/zszalkovice.cz\/\"},{\"@type\":\"ListItem\",\"position\":2,\"name\":\"\u0160kolsk\u00e1 rada\"}]},{\"@type\":\"WebSite\",\"@id\":\"https:\/\/zszalkovice.cz\/en\/#website\",\"url\":\"https:\/\/zszalkovice.cz\/en\/\",\"name\":\"ZS ZALKOVICE\",\"description\":\"ZS ZALKOVICE\",\"publisher\":{\"@id\":\"https:\/\/zszalkovice.cz\/en\/#organization\"},\"potentialAction\":[{\"@type\":\"SearchAction\",\"target\":{\"@type\":\"EntryPoint\",\"urlTemplate\":\"https:\/\/zszalkovice.cz\/en\/?s={search_term_string}\"},\"query-input\":{\"@type\":\"PropertyValueSpecification\",\"valueRequired\":true,\"valueName\":\"search_term_string\"}}],\"inLanguage\":\"en-US\"},{\"@type\":\"Organization\",\"@id\":\"https:\/\/zszalkovice.cz\/en\/#organization\",\"name\":\"Z\u0160 a M\u0160 \u017dalkovice\",\"url\":\"https:\/\/zszalkovice.cz\/en\/\",\"logo\":{\"@type\":\"ImageObject\",\"inLanguage\":\"en-US\",\"@id\":\"https:\/\/zszalkovice.cz\/en\/#\/schema\/logo\/image\/\",\"url\":\"https:\/\/blanchedalmond-starling-735365.hostingersite.com\/wp-content\/uploads\/2020\/04\/logo-2-e1590092978599.png\",\"contentUrl\":\"https:\/\/blanchedalmond-starling-735365.hostingersite.com\/wp-content\/uploads\/2020\/04\/logo-2-e1590092978599.png\",\"width\":839,\"height\":200,\"caption\":\"Z\u0160 a M\u0160 \u017dalkovice\"},\"image\":{\"@id\":\"https:\/\/zszalkovice.cz\/en\/#\/schema\/logo\/image\/\"}}]}<\/script>\n<!-- \/ Yoast SEO plugin. -->","yoast_head_json":{"title":"\u0160kolsk\u00e1 rada | ZS ZALKOVICE","robots":{"index":"index","follow":"follow","max-snippet":"max-snippet:-1","max-image-preview":"max-image-preview:large","max-video-preview":"max-video-preview:-1"},"canonical":"https:\/\/zszalkovice.cz\/en\/skolska-rada\/","og_locale":"en_US","og_type":"article","og_title":"\u0160kolsk\u00e1 rada | ZS ZALKOVICE","og_url":"https:\/\/zszalkovice.cz\/en\/skolska-rada\/","og_site_name":"ZS ZALKOVICE","article_modified_time":"2025-04-30T08:47:53+00:00","twitter_card":"summary_large_image","twitter_misc":{"Est. reading time":"1 minute"},"schema":{"@context":"https:\/\/schema.org","@graph":[{"@type":"WebPage","@id":"https:\/\/zszalkovice.cz\/en\/skolska-rada\/","url":"https:\/\/zszalkovice.cz\/en\/skolska-rada\/","name":"\u0160kolsk\u00e1 rada | ZS ZALKOVICE","isPartOf":{"@id":"https:\/\/zszalkovice.cz\/en\/#website"},"datePublished":"2017-11-08T20:27:30+00:00","dateModified":"2025-04-30T08:47:53+00:00","breadcrumb":{"@id":"https:\/\/zszalkovice.cz\/en\/skolska-rada\/#breadcrumb"},"inLanguage":"en-US","potentialAction":[{"@type":"ReadAction","target":["https:\/\/zszalkovice.cz\/en\/skolska-rada\/"]}]},{"@type":"BreadcrumbList","@id":"https:\/\/zszalkovice.cz\/en\/skolska-rada\/#breadcrumb","itemListElement":[{"@type":"ListItem","position":1,"name":"Home","item":"https:\/\/zszalkovice.cz\/"},{"@type":"ListItem","position":2,"name":"\u0160kolsk\u00e1 rada"}]},{"@type":"WebSite","@id":"https:\/\/zszalkovice.cz\/en\/#website","url":"https:\/\/zszalkovice.cz\/en\/","name":"ZS ZALKOVICE","description":"ZS ZALKOVICE","publisher":{"@id":"https:\/\/zszalkovice.cz\/en\/#organization"},"potentialAction":[{"@type":"SearchAction","target":{"@type":"EntryPoint","urlTemplate":"https:\/\/zszalkovice.cz\/en\/?s={search_term_string}"},"query-input":{"@type":"PropertyValueSpecification","valueRequired":true,"valueName":"search_term_string"}}],"inLanguage":"en-US"},{"@type":"Organization","@id":"https:\/\/zszalkovice.cz\/en\/#organization","name":"Z\u0160 a M\u0160 \u017dalkovice","url":"https:\/\/zszalkovice.cz\/en\/","logo":{"@type":"ImageObject","inLanguage":"en-US","@id":"https:\/\/zszalkovice.cz\/en\/#\/schema\/logo\/image\/","url":"https:\/\/blanchedalmond-starling-735365.hostingersite.com\/wp-content\/uploads\/2020\/04\/logo-2-e1590092978599.png","contentUrl":"https:\/\/blanchedalmond-starling-735365.hostingersite.com\/wp-content\/uploads\/2020\/04\/logo-2-e1590092978599.png","width":839,"height":200,"caption":"Z\u0160 a M\u0160 \u017dalkovice"},"image":{"@id":"https:\/\/zszalkovice.cz\/en\/#\/schema\/logo\/image\/"}}]}},"_links":{"self":[{"href":"https:\/\/zszalkovice.cz\/en\/wp-json\/wp\/v2\/pages\/9427","targetHints":{"allow":["GET"]}}],"collection":[{"href":"https:\/\/zszalkovice.cz\/en\/wp-json\/wp\/v2\/pages"}],"about":[{"href":"https:\/\/zszalkovice.cz\/en\/wp-json\/wp\/v2\/types\/page"}],"author":[{"embeddable":true,"href":"https:\/\/zszalkovice.cz\/en\/wp-json\/wp\/v2\/users\/1"}],"replies":[{"embeddable":true,"href":"https:\/\/zszalkovice.cz\/en\/wp-json\/wp\/v2\/comments?post=9427"}],"version-history":[{"count":21,"href":"https:\/\/zszalkovice.cz\/en\/wp-json\/wp\/v2\/pages\/9427\/revisions"}],"predecessor-version":[{"id":21432,"href":"https:\/\/zszalkovice.cz\/en\/wp-json\/wp\/v2\/pages\/9427\/revisions\/21432"}],"wp:attachment":[{"href":"https:\/\/zszalkovice.cz\/en\/wp-json\/wp\/v2\/media?parent=9427"}],"curies":[{"name":"wp","href":"https:\/\/api.w.org\/{rel}","templated":true}]}}