{"id":9451,"date":"2017-11-08T20:46:18","date_gmt":"2017-11-08T20:46:18","guid":{"rendered":"https:\/\/zszalkovice.cz\/?page_id=9451"},"modified":"2018-01-15T17:10:49","modified_gmt":"2018-01-15T17:10:49","slug":"organizace-vyuky","status":"publish","type":"page","link":"https:\/\/zszalkovice.cz\/en\/organizace-vyuky\/","title":{"rendered":"Organizace v\u00fduky"},"content":{"rendered":"<section class=\"wpb_row\"><div class=\"wpb_column vc_column_container vc_col-sm-8\"><div class=\"vc_column-inner\"><div class=\"wpb_wrapper\"><div class=\"w-divider11\"><h3 class=\"colorf\" style=\"color:\"><span class=\"spl\">ORGANIZACE <\/span><span class=\"spr\">\u0161koln\u00edho roku 2017\/18<\/span><\/h3><\/div>\n\t<div class=\"wpb_text_column wpb_content_element\" >\n\t\t<div class=\"wpb_wrapper\">\n\t\t\t<p>Obdob\u00ed \u0161koln\u00edho vyu\u010dov\u00e1n\u00ed ve \u0161koln\u00edm roce 2017\/2018 za\u010dalo v&nbsp;<strong>pond\u011bl\u00ed 4. 9. 2017<\/strong>.<\/p>\n<p>Vyu\u010dov\u00e1n\u00ed bude v&nbsp;prvn\u00edm pololet\u00ed ukon\u010deno ve <strong>st\u0159edu 31. ledna 2018<\/strong>.<\/p>\n<p>Obdob\u00ed \u0161koln\u00edho vyu\u010dov\u00e1n\u00ed ve druh\u00e9m pololet\u00ed bude ukon\u010deno v&nbsp;<strong>p\u00e1tek 29. \u010dervna 2018<\/strong>.<\/p>\n<p>Podzimn\u00ed pr\u00e1zdniny p\u0159ipadnou na <strong>\u010dtvrtek 26. \u0159\u00edjna<\/strong> a <strong>p\u00e1tek 27. \u0159\u00edjna 2017.<\/strong><\/p>\n<p>V\u00e1no\u010dn\u00ed pr\u00e1zdniny budou zah\u00e1jeny v&nbsp;<strong>sobotu 23. prosince 2017<\/strong> a skon\u010d\u00ed v&nbsp;<strong>\u00fater\u00fd 2. ledna 2018<\/strong>.<\/p>\n<p>Vyu\u010dov\u00e1n\u00ed za\u010dne ve st\u0159edu <strong>3. ledna 2018.<\/strong><\/p>\n<p>Jednodenn\u00ed pololetn\u00ed pr\u00e1zdniny p\u0159ipadnou na<strong> p\u00e1tek 2. \u00fanora 2018.<\/strong><\/p>\n<p>Jarn\u00ed pr\u00e1zdniny v&nbsp;d\u00e9lce jednoho t\u00fddne jsou pro okres Krom\u011b\u0159\u00ed\u017e stanoveny v&nbsp;term\u00ednu <strong>19. 2. \u2013 25. 2. 2018.<\/strong><\/p>\n<p>Velikono\u010dn\u00ed pr\u00e1zdniny p\u0159ipadnou na <strong>\u010dtvrtek 29. b\u0159ezna a p\u00e1tek 30. b\u0159ezna 2018<\/strong>.(pozn\u00e1mka \u2013 p\u00e1tek 30. b\u0159ezna je z\u00e1rove\u0148 tzv. ostatn\u00edm sv\u00e1tkem podle z\u00e1kona \u010d. 245\/2000 Sb., o st\u00e1tn\u00edch sv\u00e1tc\u00edch, o ostatn\u00edch sv\u00e1tc\u00edch, o v\u00fdznamn\u00fdch dnech a o dnech pracovn\u00edho klidu, ve zn\u011bn\u00ed pozd\u011bj\u0161\u00edch p\u0159edpis\u016f).<\/p>\n<p>Hlavn\u00ed pr\u00e1zdniny budou trvat od <strong>pond\u011bl\u00ed 2. \u010dervence 2018 do p\u00e1tku 31. srpna 2018.<\/strong><\/p>\n<p>Obdob\u00ed \u0161koln\u00edho vyu\u010dov\u00e1n\u00ed ve \u0161koln\u00edm roce 2018\/2019 za\u010dne v&nbsp;pond\u011bl\u00ed <strong>3. z\u00e1\u0159\u00ed 2018<\/strong>.<\/p>\n\n\t\t<\/div>\n\t<\/div>\n<\/div><\/div><\/div><div class=\"wpb_column vc_column_container vc_col-sm-4\"><div class=\"vc_column-inner\"><div class=\"wpb_wrapper\"><div class=\"w-divider11\"><h3 class=\"colorf\" style=\"color:\"><span class=\"spl\">ROZVRH<\/span><span class=\"spr\">zvon\u011bn\u00ed<\/span><\/h3><\/div>\n\t<div  class=\"wpb_single_image wpb_content_element vc_align_left\">\n\t\t\n\t\t<figure class=\"wpb_wrapper vc_figure\">\n\t\t\t<div class=\"vc_single_image-wrapper   vc_box_border_grey\"><img fetchpriority=\"high\" decoding=\"async\" class=\"vc_single_image-img\" src=\"https:\/\/zszalkovice.cz\/wp-content\/uploads\/2017\/11\/rozvrh_zvoneni-550x850.jpg\" width=\"550\" height=\"850\" alt=\"rozvrh_zvoneni\" title=\"rozvrh_zvoneni\" \/><\/div>\n\t\t<\/figure>\n\t<\/div>\n<\/div><\/div><\/div><\/section><section class=\"wpb_row\"><div class=\"wpb_column vc_column_container vc_col-sm-6\"><div class=\"vc_column-inner\"><div class=\"wpb_wrapper\"><div class=\"w-divider11\"><h3 class=\"colorf\" style=\"color:\"><span class=\"spl\">ROZVRH HODIN <\/span><span class=\"spr\">- I. (1., 2.)<\/span><\/h3><\/div>\n\t<div  class=\"wpb_single_image wpb_content_element vc_align_left\">\n\t\t\n\t\t<figure class=\"wpb_wrapper vc_figure\">\n\t\t\t<div class=\"vc_single_image-wrapper   vc_box_border_grey\"><img decoding=\"async\" width=\"1024\" height=\"632\" data-src=\"https:\/\/zszalkovice.cz\/wp-content\/uploads\/2017\/11\/I-1.jpg\" class=\"vc_single_image-img attachment-full lazyload\" alt=\"\" data-srcset=\"https:\/\/zszalkovice.cz\/wp-content\/uploads\/2017\/11\/I-1.jpg 1024w, https:\/\/zszalkovice.cz\/wp-content\/uploads\/2017\/11\/I-1-300x185.jpg 300w, https:\/\/zszalkovice.cz\/wp-content\/uploads\/2017\/11\/I-1-768x474.jpg 768w\" data-sizes=\"(max-width: 1024px) 100vw, 1024px\" src=\"data:image\/svg+xml;base64,PHN2ZyB3aWR0aD0iMSIgaGVpZ2h0PSIxIiB4bWxucz0iaHR0cDovL3d3dy53My5vcmcvMjAwMC9zdmciPjwvc3ZnPg==\" style=\"--smush-placeholder-width: 1024px; --smush-placeholder-aspect-ratio: 1024\/632;\" \/><\/div>\n\t\t<\/figure>\n\t<\/div>\n<\/div><\/div><\/div><div class=\"wpb_column vc_column_container vc_col-sm-6\"><div class=\"vc_column-inner\"><div class=\"wpb_wrapper\"><div class=\"w-divider11\"><h3 class=\"colorf\" style=\"color:\"><span class=\"spl\">ROZVRH HODIN <\/span><span class=\"spr\">- II. (3., 4.)<\/span><\/h3><\/div>\n\t<div  class=\"wpb_single_image wpb_content_element vc_align_left\">\n\t\t\n\t\t<figure class=\"wpb_wrapper vc_figure\">\n\t\t\t<div class=\"vc_single_image-wrapper   vc_box_border_grey\"><img decoding=\"async\" width=\"1024\" height=\"636\" data-src=\"https:\/\/zszalkovice.cz\/wp-content\/uploads\/2017\/11\/2.jpg\" class=\"vc_single_image-img attachment-full lazyload\" alt=\"\" data-srcset=\"https:\/\/zszalkovice.cz\/wp-content\/uploads\/2017\/11\/2.jpg 1024w, https:\/\/zszalkovice.cz\/wp-content\/uploads\/2017\/11\/2-300x186.jpg 300w, https:\/\/zszalkovice.cz\/wp-content\/uploads\/2017\/11\/2-768x477.jpg 768w\" data-sizes=\"(max-width: 1024px) 100vw, 1024px\" src=\"data:image\/svg+xml;base64,PHN2ZyB3aWR0aD0iMSIgaGVpZ2h0PSIxIiB4bWxucz0iaHR0cDovL3d3dy53My5vcmcvMjAwMC9zdmciPjwvc3ZnPg==\" style=\"--smush-placeholder-width: 1024px; --smush-placeholder-aspect-ratio: 1024\/636;\" \/><\/div>\n\t\t<\/figure>\n\t<\/div>\n<\/div><\/div><\/div><\/section>","protected":false},"excerpt":{"rendered":"ORGANIZACE \u0161koln\u00edho roku 2017\/18 Obdob\u00ed \u0161koln\u00edho vyu\u010dov\u00e1n\u00ed ve \u0161koln\u00edm roce 2017\/2018 za\u010dalo v&nbsp;pond\u011bl\u00ed 4. 9. 2017. Vyu\u010dov\u00e1n\u00ed bude v&nbsp;prvn\u00edm pololet\u00ed ukon\u010deno ve st\u0159edu 31. ledna 2018. Obdob\u00ed \u0161koln\u00edho vyu\u010dov\u00e1n\u00ed ve druh\u00e9m pololet\u00ed bude ukon\u010deno v&nbsp;p\u00e1tek 29. \u010dervna 2018. Podzimn\u00ed pr\u00e1zdniny p\u0159ipadnou na \u010dtvrtek 26. \u0159\u00edjna a p\u00e1tek 27. \u0159\u00edjna 2017. V\u00e1no\u010dn\u00ed pr\u00e1zdniny budou zah\u00e1jeny v&nbsp;sobotu 23. prosince 2017 a skon\u010d\u00ed v&nbsp;\u00fater\u00fd 2. ledna 2018. Vyu\u010dov\u00e1n\u00ed za\u010dne ve st\u0159edu 3. ledna 2018. Jednodenn\u00ed pololetn\u00ed pr\u00e1zdniny p\u0159ipadnou na p\u00e1tek 2. \u00fanora 2018. Jarn\u00ed pr\u00e1zdniny v&nbsp;d\u00e9lce jednoho t\u00fddne jsou pro okres Krom\u011b\u0159\u00ed\u017e stanoveny v&nbsp;term\u00ednu 19. 2. \u2013 25. 2. 2018. Velikono\u010dn\u00ed pr\u00e1zdniny p\u0159ipadnou na \u010dtvrtek 29. b\u0159ezna a p\u00e1tek 30. b\u0159ezna 2018.(pozn\u00e1mka \u2013 p\u00e1tek 30. b\u0159ezna je z\u00e1rove\u0148 tzv. ostatn\u00edm sv\u00e1tkem podle z\u00e1kona \u010d. 245\/2000 Sb., o st\u00e1tn\u00edch sv\u00e1tc\u00edch, o ostatn\u00edch sv\u00e1tc\u00edch, o v\u00fdznamn\u00fdch dnech a o dnech pracovn\u00edho klidu, ve zn\u011bn\u00ed pozd\u011bj\u0161\u00edch p\u0159edpis\u016f). Hlavn\u00ed pr\u00e1zdniny budou trvat od pond\u011bl\u00ed 2. \u010dervence 2018 do p\u00e1tku 31. srpna 2018. Obdob\u00ed \u0161koln\u00edho vyu\u010dov\u00e1n\u00ed ve \u0161koln\u00edm roce 2018\/2019 za\u010dne v&nbsp;pond\u011bl\u00ed 3. z\u00e1\u0159\u00ed 2018. ROZVRHzvon\u011bn\u00ed ROZVRH HODIN - I. (1., 2.) ROZVRH HODIN - II. (3., 4.)","protected":false},"author":1,"featured_media":0,"parent":0,"menu_order":0,"comment_status":"closed","ping_status":"closed","template":"","meta":{"footnotes":""},"class_list":["post-9451","page","type-page","status-publish","hentry"],"yoast_head":"<!-- This site is optimized with the Yoast SEO plugin v25.5 - https:\/\/yoast.com\/wordpress\/plugins\/seo\/ -->\n<title>Organizace v\u00fduky | ZS ZALKOVICE<\/title>\n<meta name=\"robots\" content=\"index, follow, max-snippet:-1, max-image-preview:large, max-video-preview:-1\" \/>\n<link rel=\"canonical\" href=\"https:\/\/zszalkovice.cz\/en\/organizace-vyuky\/\" \/>\n<meta property=\"og:locale\" content=\"en_US\" \/>\n<meta property=\"og:type\" content=\"article\" \/>\n<meta property=\"og:title\" content=\"Organizace v\u00fduky | ZS ZALKOVICE\" \/>\n<meta property=\"og:url\" content=\"https:\/\/zszalkovice.cz\/en\/organizace-vyuky\/\" \/>\n<meta property=\"og:site_name\" content=\"ZS ZALKOVICE\" \/>\n<meta property=\"article:modified_time\" content=\"2018-01-15T17:10:49+00:00\" \/>\n<meta name=\"twitter:card\" content=\"summary_large_image\" \/>\n<meta name=\"twitter:label1\" content=\"Est. reading time\" \/>\n\t<meta name=\"twitter:data1\" content=\"1 minute\" \/>\n<script type=\"application\/ld+json\" class=\"yoast-schema-graph\">{\"@context\":\"https:\/\/schema.org\",\"@graph\":[{\"@type\":\"WebPage\",\"@id\":\"https:\/\/zszalkovice.cz\/organizace-vyuky\/\",\"url\":\"https:\/\/zszalkovice.cz\/organizace-vyuky\/\",\"name\":\"Organizace v\u00fduky | ZS ZALKOVICE\",\"isPartOf\":{\"@id\":\"https:\/\/zszalkovice.cz\/en\/#website\"},\"datePublished\":\"2017-11-08T20:46:18+00:00\",\"dateModified\":\"2018-01-15T17:10:49+00:00\",\"breadcrumb\":{\"@id\":\"https:\/\/zszalkovice.cz\/organizace-vyuky\/#breadcrumb\"},\"inLanguage\":\"en-US\",\"potentialAction\":[{\"@type\":\"ReadAction\",\"target\":[\"https:\/\/zszalkovice.cz\/organizace-vyuky\/\"]}]},{\"@type\":\"BreadcrumbList\",\"@id\":\"https:\/\/zszalkovice.cz\/organizace-vyuky\/#breadcrumb\",\"itemListElement\":[{\"@type\":\"ListItem\",\"position\":1,\"name\":\"Home\",\"item\":\"https:\/\/zszalkovice.cz\/\"},{\"@type\":\"ListItem\",\"position\":2,\"name\":\"Organizace v\u00fduky\"}]},{\"@type\":\"WebSite\",\"@id\":\"https:\/\/zszalkovice.cz\/en\/#website\",\"url\":\"https:\/\/zszalkovice.cz\/en\/\",\"name\":\"ZS ZALKOVICE\",\"description\":\"ZS ZALKOVICE\",\"publisher\":{\"@id\":\"https:\/\/zszalkovice.cz\/en\/#organization\"},\"potentialAction\":[{\"@type\":\"SearchAction\",\"target\":{\"@type\":\"EntryPoint\",\"urlTemplate\":\"https:\/\/zszalkovice.cz\/en\/?s={search_term_string}\"},\"query-input\":{\"@type\":\"PropertyValueSpecification\",\"valueRequired\":true,\"valueName\":\"search_term_string\"}}],\"inLanguage\":\"en-US\"},{\"@type\":\"Organization\",\"@id\":\"https:\/\/zszalkovice.cz\/en\/#organization\",\"name\":\"Z\u0160 a M\u0160 \u017dalkovice\",\"url\":\"https:\/\/zszalkovice.cz\/en\/\",\"logo\":{\"@type\":\"ImageObject\",\"inLanguage\":\"en-US\",\"@id\":\"https:\/\/zszalkovice.cz\/en\/#\/schema\/logo\/image\/\",\"url\":\"https:\/\/blanchedalmond-starling-735365.hostingersite.com\/wp-content\/uploads\/2020\/04\/logo-2-e1590092978599.png\",\"contentUrl\":\"https:\/\/blanchedalmond-starling-735365.hostingersite.com\/wp-content\/uploads\/2020\/04\/logo-2-e1590092978599.png\",\"width\":839,\"height\":200,\"caption\":\"Z\u0160 a M\u0160 \u017dalkovice\"},\"image\":{\"@id\":\"https:\/\/zszalkovice.cz\/en\/#\/schema\/logo\/image\/\"}}]}<\/script>\n<!-- \/ Yoast SEO plugin. -->","yoast_head_json":{"title":"Organizace v\u00fduky | ZS ZALKOVICE","robots":{"index":"index","follow":"follow","max-snippet":"max-snippet:-1","max-image-preview":"max-image-preview:large","max-video-preview":"max-video-preview:-1"},"canonical":"https:\/\/zszalkovice.cz\/en\/organizace-vyuky\/","og_locale":"en_US","og_type":"article","og_title":"Organizace v\u00fduky | ZS ZALKOVICE","og_url":"https:\/\/zszalkovice.cz\/en\/organizace-vyuky\/","og_site_name":"ZS ZALKOVICE","article_modified_time":"2018-01-15T17:10:49+00:00","twitter_card":"summary_large_image","twitter_misc":{"Est. reading time":"1 minute"},"schema":{"@context":"https:\/\/schema.org","@graph":[{"@type":"WebPage","@id":"https:\/\/zszalkovice.cz\/organizace-vyuky\/","url":"https:\/\/zszalkovice.cz\/organizace-vyuky\/","name":"Organizace v\u00fduky | ZS ZALKOVICE","isPartOf":{"@id":"https:\/\/zszalkovice.cz\/en\/#website"},"datePublished":"2017-11-08T20:46:18+00:00","dateModified":"2018-01-15T17:10:49+00:00","breadcrumb":{"@id":"https:\/\/zszalkovice.cz\/organizace-vyuky\/#breadcrumb"},"inLanguage":"en-US","potentialAction":[{"@type":"ReadAction","target":["https:\/\/zszalkovice.cz\/organizace-vyuky\/"]}]},{"@type":"BreadcrumbList","@id":"https:\/\/zszalkovice.cz\/organizace-vyuky\/#breadcrumb","itemListElement":[{"@type":"ListItem","position":1,"name":"Home","item":"https:\/\/zszalkovice.cz\/"},{"@type":"ListItem","position":2,"name":"Organizace v\u00fduky"}]},{"@type":"WebSite","@id":"https:\/\/zszalkovice.cz\/en\/#website","url":"https:\/\/zszalkovice.cz\/en\/","name":"ZS ZALKOVICE","description":"ZS ZALKOVICE","publisher":{"@id":"https:\/\/zszalkovice.cz\/en\/#organization"},"potentialAction":[{"@type":"SearchAction","target":{"@type":"EntryPoint","urlTemplate":"https:\/\/zszalkovice.cz\/en\/?s={search_term_string}"},"query-input":{"@type":"PropertyValueSpecification","valueRequired":true,"valueName":"search_term_string"}}],"inLanguage":"en-US"},{"@type":"Organization","@id":"https:\/\/zszalkovice.cz\/en\/#organization","name":"Z\u0160 a M\u0160 \u017dalkovice","url":"https:\/\/zszalkovice.cz\/en\/","logo":{"@type":"ImageObject","inLanguage":"en-US","@id":"https:\/\/zszalkovice.cz\/en\/#\/schema\/logo\/image\/","url":"https:\/\/blanchedalmond-starling-735365.hostingersite.com\/wp-content\/uploads\/2020\/04\/logo-2-e1590092978599.png","contentUrl":"https:\/\/blanchedalmond-starling-735365.hostingersite.com\/wp-content\/uploads\/2020\/04\/logo-2-e1590092978599.png","width":839,"height":200,"caption":"Z\u0160 a M\u0160 \u017dalkovice"},"image":{"@id":"https:\/\/zszalkovice.cz\/en\/#\/schema\/logo\/image\/"}}]}},"_links":{"self":[{"href":"https:\/\/zszalkovice.cz\/en\/wp-json\/wp\/v2\/pages\/9451","targetHints":{"allow":["GET"]}}],"collection":[{"href":"https:\/\/zszalkovice.cz\/en\/wp-json\/wp\/v2\/pages"}],"about":[{"href":"https:\/\/zszalkovice.cz\/en\/wp-json\/wp\/v2\/types\/page"}],"author":[{"embeddable":true,"href":"https:\/\/zszalkovice.cz\/en\/wp-json\/wp\/v2\/users\/1"}],"replies":[{"embeddable":true,"href":"https:\/\/zszalkovice.cz\/en\/wp-json\/wp\/v2\/comments?post=9451"}],"version-history":[{"count":57,"href":"https:\/\/zszalkovice.cz\/en\/wp-json\/wp\/v2\/pages\/9451\/revisions"}],"predecessor-version":[{"id":12006,"href":"https:\/\/zszalkovice.cz\/en\/wp-json\/wp\/v2\/pages\/9451\/revisions\/12006"}],"wp:attachment":[{"href":"https:\/\/zszalkovice.cz\/en\/wp-json\/wp\/v2\/media?parent=9451"}],"curies":[{"name":"wp","href":"https:\/\/api.w.org\/{rel}","templated":true}]}}