{"id":9495,"date":"2017-11-08T21:12:05","date_gmt":"2017-11-08T21:12:05","guid":{"rendered":"https:\/\/zszalkovice.cz\/?page_id=9495"},"modified":"2018-02-15T09:35:53","modified_gmt":"2018-02-15T09:35:53","slug":"informace-zs","status":"publish","type":"page","link":"https:\/\/zszalkovice.cz\/en\/informace-zs\/","title":{"rendered":"Informace o Z\u0160"},"content":{"rendered":"<section class=\"wpb_row\"><div class=\"wpb_column vc_column_container vc_col-sm-12\"><div class=\"vc_column-inner vc_custom_1464693044220\"><div class=\"wpb_wrapper\"><div class=\"vc_row wpb_row vc_inner vc_row-fluid\"><div class=\"wpb_column vc_column_container vc_col-sm-8\"><div class=\"vc_column-inner\"><div class=\"wpb_wrapper\"><div class=\"w-divider11\"><h3 class=\"colorf\" style=\"color:\"><span class=\"spl\">ZAM\u011a\u0158EN\u00cd<\/span><span class=\"spr\">\u0161koly<\/span><\/h3><\/div>\n\t<div class=\"wpb_text_column wpb_content_element  wpb_animate_when_almost_visible wpb_right-to-left right-to-left vc_custom_1518687348332\" >\n\t\t<div class=\"wpb_wrapper\">\n\t\t\t<p>V\u00fduka na na\u0161\u00ed z\u00e1kladn\u00ed \u0161kole prob\u00edh\u00e1 podle vlastn\u00edho <strong>\u0160koln\u00edho vzd\u011bl\u00e1vac\u00edho programu pro z\u00e1kladn\u00ed vzd\u011bl\u00e1v\u00e1n\u00ed (\u0160VP ZV),<\/strong> kter\u00fd vych\u00e1z\u00ed z&nbsp;dlouhodob\u00e9 koncepce a vize \u0161koly a jeho&nbsp;motiva\u010dn\u00ed n\u00e1zev <strong>\u201eU\u010d\u00edme se pro&nbsp;\u017eivot aneb \u010demukoliv se&nbsp;u\u010d\u00ed\u0161, u\u010d\u00ed\u0161 se pro sebe\u201c<a name=\"_Toc304829665\"><\/a> <\/strong>vystihuje jeho hlavn\u00ed c\u00edl \u2013 p\u0159isp\u011bt k postupn\u00e9mu&nbsp;rozvoji kl\u00ed\u010dov\u00fdch kompetenc\u00ed \u017e\u00e1k\u016f, kter\u00e9 jim daj\u00ed z\u00e1klad <strong>pro vstup do \u017eivota<\/strong>, umo\u017en\u00ed samostatn\u011b&nbsp; a tvo\u0159iv\u011b pracovat, nespol\u00e9hat se jen na veden\u00ed u\u010ditele, oprostit se od \u201ebiflov\u00e1n\u00ed\u201c pou\u010dek, vyu\u017e\u00edvat v\u0161ech dostupn\u00fdch informac\u00ed. Jde n\u00e1m p\u0159edev\u0161\u00edm o co nejv\u011bt\u0161\u00ed p\u0159ibl\u00ed\u017een\u00ed \u017e\u00e1k\u016f k&nbsp;praktick\u00e9mu \u017eivotu, a to na z\u00e1klad\u011b diferencovan\u00e9ho p\u0159\u00edstupu ke ka\u017ed\u00e9mu \u017e\u00e1kovi dle jeho schopnost\u00ed \u010di mo\u017enost\u00ed a o poskytnut\u00ed spolehliv\u00e9ho z\u00e1kladu v\u0161eobecn\u00e9ho vzd\u011bl\u00e1n\u00ed, kter\u00e9 je orientov\u00e1no na praktick\u00e9 jedn\u00e1n\u00ed a situace bl\u00edzk\u00e9 \u017eivotu. Sna\u017e\u00edme se co nejv\u00edce o <strong>propojen\u00ed u\u010diva se \u017eivotem.<\/strong><\/p>\n<p>V\u00fduka dle \u0160VP ZV je zalo\u017eena mimo jin\u00e9 i na jin\u00e9m p\u0159\u00edstupu k&nbsp;vyu\u010dov\u00e1n\u00ed a \u00fazce souvis\u00ed se&nbsp;zav\u00e1d\u011bn\u00edm a uplat\u0148ov\u00e1n\u00edm <strong>nov\u011bj\u0161\u00edch a r\u016fznorod\u00fdch metod a forem pr\u00e1ce<\/strong>, pravidel a aktivit,&nbsp;kter\u00e9 vedou \u017e\u00e1ky k&nbsp;<em>samostatnosti,&nbsp;zodpov\u011bdnosti, spolupr\u00e1ci, otev\u0159en\u00e9 komunikaci, tvo\u0159ivosti,&nbsp;<\/em><em>toleranci, k&nbsp;\u0159e\u0161en\u00ed probl\u00e9m\u016f, k rozv\u00edjen\u00ed jejich sebehodnocen\u00ed <\/em>a \u010din\u00ed <em>vyu\u010dov\u00e1n\u00ed tv\u016fr\u010d\u00ed a zaj\u00edmav\u00e9<\/em>.<\/p>\n<p>V&nbsp;na\u0161\u00ed pedagogick\u00e9 pr\u00e1ci se n\u00e1m osv\u011bd\u010dily a st\u00e1le uplat\u0148ujeme prvky d\u011btmi obl\u00edben\u00e9ho \u201e<strong><a href=\"https:\/\/blanchedalmond-starling-735365.hostingersite.com\/wp-content\/uploads\/2017\/11\/Daltonsk\u00fd-pl\u00e1n.pdf\">Daltonsk\u00e9ho vyu\u010dov\u00e1n\u00ed<\/a>\u201c, komunitn\u00ed kruhy, \u010dinnostn\u00ed u\u010den\u00ed, skupinovou pr\u00e1ci nebo pr\u00e1ci dvojic<\/strong>, u star\u0161\u00edch \u017e\u00e1k\u016f metodu <strong>\u201ekritick\u00e9ho my\u0161len\u00ed\u201c<\/strong>, <strong>projektov\u00e9 dny<\/strong>.<\/p>\n<p>Mezi nov\u011bj\u0161\u00ed formy pr\u00e1ce ji\u017e n\u011bkolik\u00e1t\u00fdm rokem pat\u0159\u00ed i v\u00fduka na <strong>interaktivn\u00edch tabul\u00edch<\/strong>, jejich\u017e prost\u0159ednictv\u00edm je opakov\u00e1n\u00ed a vyvozov\u00e1n\u00ed nov\u00e9ho u\u010diva pro \u017e\u00e1ky z\u00e1bavn\u011bj\u0161\u00ed, p\u0159ita\u017eliv\u011bj\u0161\u00ed a t\u00edm efektivn\u011bj\u0161\u00ed.<\/p>\n<p>V souladu s nejnov\u011bj\u0161\u00edmi v\u00fdzkumy a utv\u00e1\u0159en\u00edm kl\u00ed\u010dov\u00fdch kompetenc\u00ed za\u0159azujeme i <strong>projektov\u00e9 vyu\u010dov\u00e1n\u00ed<\/strong>. Je to forma v\u00fduky, kter\u00e1 nut\u00ed \u017e\u00e1ka p\u0159em\u00fd\u0161let, shroma\u017e\u010fovat a t\u0159\u00eddit informace, zpracovat je, rozv\u00edj\u00ed jeho tvo\u0159ivost, smysl pro spolupr\u00e1ci, u\u010d\u00ed se hodnotit a prezentovat v\u00fdsledky sv\u00e9 nebo skupinov\u00e9 pr\u00e1ce p\u0159ed ostatn\u00edmi spolu\u017e\u00e1ky.<\/p>\n<p>U \u017e\u00e1k\u016f 1. &#8211; 4. r. uplat\u0148ujeme v\u00fduku formou projektu hlavn\u011b v&nbsp;r\u00e1mci jednotliv\u00fdch p\u0159edm\u011bt\u016f, ale i mezip\u0159edm\u011btov\u00e9 projekty a projekty celo\u0161koln\u00ed. Tento zp\u016fsob v\u00fduky p\u0159isp\u00edv\u00e1 k&nbsp;podpo\u0159e p\u0159i budov\u00e1n\u00ed kamar\u00e1dsk\u00fdch vztah\u016f a slou\u017e\u00ed tak\u00e9 jako prevence \u0161ikany.<\/p>\n<p>K&nbsp;utv\u00e1\u0159en\u00ed a rozv\u00edjen\u00ed kl\u00ed\u010dov\u00fdch kompetenc\u00ed \u017e\u00e1k\u016f p\u0159isp\u00edv\u00e1 ve\u0161ker\u00fd vzd\u011bl\u00e1vac\u00ed obsah, aktivity a \u010dinnosti, kter\u00e9 v na\u0161\u00ed \u0161kole prob\u00edhaj\u00ed, a zejm\u00e9na uplat\u0148ov\u00e1n\u00ed <strong>z\u00e1sad Daltonsk\u00e9ho pl\u00e1nu<\/strong> \u2013 <strong>zodpov\u011bdnost, samostatnost, spolupr\u00e1ce<\/strong>, kter\u00e9 se prol\u00ednaj\u00ed cel\u00fdm na\u0161\u00edm v\u00fdchovn\u011b-vzd\u011bl\u00e1vac\u00edm procesem. P\u0159i \u201e<strong>Daltonsk\u00e9 v\u00fduce<\/strong>\u201c maj\u00ed \u017e\u00e1ci <strong>mo\u017enost volby<\/strong>. Vol\u00ed si nejen obsah v\u00fduky, ale i tempo a zp\u016fsob pr\u00e1ce, u\u010d\u00ed se vyhled\u00e1vat informace<\/p>\n<p>Vyu\u010dov\u00e1n\u00ed a na\u0161e v\u00fdchovn\u00e9 p\u016fsoben\u00ed je dopl\u0148ov\u00e1no \u0159adou akc\u00ed. Jejich c\u00edlem je zpest\u0159en\u00ed vyu\u010dovac\u00edch forem a&nbsp;metod, stmelov\u00e1n\u00ed t\u0159\u00eddn\u00edho a \u0161koln\u00edho kolektivu, prohlouben\u00ed znalost\u00ed a dovednost\u00ed i smyslupln\u00e9 vyu\u017eit\u00ed voln\u00e9ho \u010dasu d\u011bt\u00ed. N\u011bkter\u00e9 z&nbsp;t\u011bchto aktivit za\u0159azujeme do pl\u00e1n\u016f sv\u00e9 \u010dinnosti pravideln\u011b, p\u0159i\u010dem\u017e se je sna\u017e\u00edme obm\u011b\u0148ovat tak, aby nezev\u0161edn\u011bly.<\/p>\n<p>Mezi tradi\u010dn\u00ed akce pat\u0159\u00ed nap\u0159. r\u016fzn\u00e9 polodenn\u00ed projekty, Den slabik\u00e1\u0159e, Mikul\u00e1\u0161sk\u00e1 nad\u00edlka, oslava Halloweenu spojen\u00e1 se Sv\u011bt\u00fdlkovou cestou, rozsv\u00edcen\u00ed v\u00e1no\u010dn\u00edho stromu a v\u00e1no\u010dn\u00ed jarmark, sout\u011b\u017e v recitaci \u010di v\u00fdtvarn\u00e9 sout\u011b\u017ee, kreslen\u00ed s&nbsp;kresl\u00ed\u0159em panem Dost\u00e1lem. Obl\u00edben\u00fdm se stal program Nadace Albert Zdrav\u00e1 5, kter\u00fd propaguje zdrav\u00e9 stravov\u00e1n\u00ed a zdrav\u00fd \u017eivotn\u00ed styl<\/p>\n<p>D\u00e1le je na\u0161e \u0161kola zapojena do dvou dlouhodob\u00fdch aktivit s&nbsp;environment\u00e1ln\u00edm zam\u011b\u0159en\u00edm \u2013\u201eRecyklohran\u00ed\u201c a \u201eV\u011bnuj mobil\u201c a do celoro\u010dn\u00edho projektu na podporu \u010dten\u00e1\u0159stv\u00ed \u201eCel\u00e9 \u010cesko \u010dte d\u011btem\u201c.<\/p>\n<p>V&nbsp;p\u0159\u00ed\u0161t\u00edm \u0161koln\u00edm roce pl\u00e1nujeme zapojen\u00ed do programu Ovoce a zelenina do \u0161kol a Ml\u00e9ko do \u0161kol.<\/p>\n<p>D\u011btem na\u0161\u00ed \u0161koly nab\u00edz\u00edme n\u011bkolik <strong>z\u00e1jmov\u00fdch krou\u017ek\u016f<\/strong> \u2013 Dovedn\u00e9 ru\u010dky, Hrav\u00e1 angli\u010dtina. V&nbsp;r\u00e1mci \u0161koln\u00ed dru\u017einy je to Po\u010d\u00edta\u010dov\u00fd krou\u017eek a Sportovn\u00ed hry. Ve spolupr\u00e1ci s&nbsp;\u0160IPKOU mohou nav\u0161t\u011bvovat Sport mix. D\u00e1le se mohou \u00fa\u010dastnit v\u00fdtvarn\u00e9ho krou\u017eku, kter\u00fd vedou maminky.<\/p>\n<p>Na \u0161kole pracuje <strong>\u0160koln\u00ed dru\u017eina Pavu\u010dinka<\/strong>, kter\u00e1 svou \u010dinnost\u00ed dopl\u0148uje vzd\u011bl\u00e1v\u00e1n\u00ed ve \u0161kole a podporuje priority \u0161koly. Poskytuje d\u011btem z\u00e1jmov\u00e9 vzd\u011bl\u00e1v\u00e1n\u00ed mimo vyu\u010dov\u00e1n\u00ed, organizuje odpo\u010dinkov\u00e9 \u010dinnosti, projekty a r\u016fzn\u00e9 akce. Je z\u0159\u00edzena pro \u017e\u00e1ky 1. \u2013 4. ro\u010dn\u00edku.<\/p>\n\n\t\t<\/div>\n\t<\/div>\n<\/div><\/div><\/div><div class=\"wpb_column vc_column_container vc_col-sm-4\"><div class=\"vc_column-inner\"><div class=\"wpb_wrapper\"><hr class=\"vertical-space3\"><hr class=\"vertical-space3\">\n\t<div  class=\"wpb_single_image wpb_content_element vc_align_left  wpb_animate_when_almost_visible wpb_right-to-left right-to-left\">\n\t\t\n\t\t<figure class=\"wpb_wrapper vc_figure\">\n\t\t\t<a data-rel=\"prettyPhoto[rel-9495-1880131473]\" href=\"https:\/\/zszalkovice.cz\/wp-content\/uploads\/2016\/06\/DSC_5300-1024x681.jpg\" target=\"_self\" class=\"vc_single_image-wrapper   vc_box_border_grey prettyphoto\"><img fetchpriority=\"high\" decoding=\"async\" width=\"1024\" height=\"681\" src=\"https:\/\/zszalkovice.cz\/wp-content\/uploads\/2016\/06\/DSC_5300.jpg\" class=\"vc_single_image-img attachment-full\" alt=\"\" srcset=\"https:\/\/zszalkovice.cz\/wp-content\/uploads\/2016\/06\/DSC_5300.jpg 1024w, https:\/\/zszalkovice.cz\/wp-content\/uploads\/2016\/06\/DSC_5300-300x199.jpg 300w, https:\/\/zszalkovice.cz\/wp-content\/uploads\/2016\/06\/DSC_5300-768x511.jpg 768w, https:\/\/zszalkovice.cz\/wp-content\/uploads\/2016\/06\/DSC_5300-420x280.jpg 420w, https:\/\/zszalkovice.cz\/wp-content\/uploads\/2016\/06\/DSC_5300-690x460.jpg 690w\" sizes=\"(max-width: 1024px) 100vw, 1024px\" \/><\/a>\n\t\t<\/figure>\n\t<\/div>\n<hr class=\"vertical-space1\"><hr class=\"vertical-space1\">\n\t<div  class=\"wpb_single_image wpb_content_element vc_align_left  wpb_animate_when_almost_visible wpb_right-to-left right-to-left\">\n\t\t\n\t\t<figure class=\"wpb_wrapper vc_figure\">\n\t\t\t<a data-rel=\"prettyPhoto[rel-9495-1736888082]\" href=\"https:\/\/zszalkovice.cz\/wp-content\/uploads\/2016\/04\/I.1.2.-2-1024x681.jpg\" target=\"_self\" class=\"vc_single_image-wrapper   vc_box_border_grey prettyphoto\"><img decoding=\"async\" width=\"1024\" height=\"681\" data-src=\"https:\/\/zszalkovice.cz\/wp-content\/uploads\/2016\/04\/I.1.2.-2.jpg\" class=\"vc_single_image-img attachment-full lazyload\" alt=\"\" data-srcset=\"https:\/\/zszalkovice.cz\/wp-content\/uploads\/2016\/04\/I.1.2.-2.jpg 1024w, https:\/\/zszalkovice.cz\/wp-content\/uploads\/2016\/04\/I.1.2.-2-300x199.jpg 300w, https:\/\/zszalkovice.cz\/wp-content\/uploads\/2016\/04\/I.1.2.-2-768x511.jpg 768w, https:\/\/zszalkovice.cz\/wp-content\/uploads\/2016\/04\/I.1.2.-2-420x280.jpg 420w, https:\/\/zszalkovice.cz\/wp-content\/uploads\/2016\/04\/I.1.2.-2-690x460.jpg 690w\" data-sizes=\"(max-width: 1024px) 100vw, 1024px\" src=\"data:image\/svg+xml;base64,PHN2ZyB3aWR0aD0iMSIgaGVpZ2h0PSIxIiB4bWxucz0iaHR0cDovL3d3dy53My5vcmcvMjAwMC9zdmciPjwvc3ZnPg==\" style=\"--smush-placeholder-width: 1024px; --smush-placeholder-aspect-ratio: 1024\/681;\" \/><\/a>\n\t\t<\/figure>\n\t<\/div>\n<hr class=\"vertical-space1\"><hr class=\"vertical-space1\">\n\t<div  class=\"wpb_single_image wpb_content_element vc_align_left  wpb_animate_when_almost_visible wpb_right-to-left right-to-left\">\n\t\t\n\t\t<figure class=\"wpb_wrapper vc_figure\">\n\t\t\t<a data-rel=\"prettyPhoto[rel-9495-1828907490]\" href=\"https:\/\/zszalkovice.cz\/wp-content\/uploads\/2016\/06\/II.3.4.-4.jpg\" target=\"_self\" class=\"vc_single_image-wrapper   vc_box_border_grey prettyphoto\"><img decoding=\"async\" width=\"602\" height=\"400\" data-src=\"https:\/\/zszalkovice.cz\/wp-content\/uploads\/2016\/06\/II.3.4.-4.jpg\" class=\"vc_single_image-img attachment-full lazyload\" alt=\"\" data-srcset=\"https:\/\/zszalkovice.cz\/wp-content\/uploads\/2016\/06\/II.3.4.-4.jpg 602w, https:\/\/zszalkovice.cz\/wp-content\/uploads\/2016\/06\/II.3.4.-4-300x199.jpg 300w, https:\/\/zszalkovice.cz\/wp-content\/uploads\/2016\/06\/II.3.4.-4-420x280.jpg 420w\" data-sizes=\"(max-width: 602px) 100vw, 602px\" src=\"data:image\/svg+xml;base64,PHN2ZyB3aWR0aD0iMSIgaGVpZ2h0PSIxIiB4bWxucz0iaHR0cDovL3d3dy53My5vcmcvMjAwMC9zdmciPjwvc3ZnPg==\" style=\"--smush-placeholder-width: 602px; --smush-placeholder-aspect-ratio: 602\/400;\" \/><\/a>\n\t\t<\/figure>\n\t<\/div>\n<hr class=\"vertical-space1\"><hr class=\"vertical-space1\">\n\t<div  class=\"wpb_single_image wpb_content_element vc_align_left  wpb_animate_when_almost_visible wpb_right-to-left right-to-left\">\n\t\t\n\t\t<figure class=\"wpb_wrapper vc_figure\">\n\t\t\t<a data-rel=\"prettyPhoto[rel-9495-1873984564]\" href=\"https:\/\/zszalkovice.cz\/wp-content\/uploads\/2017\/11\/DSC_4738-1024x681.jpg\" target=\"_self\" class=\"vc_single_image-wrapper   vc_box_border_grey prettyphoto\"><img decoding=\"async\" width=\"1024\" height=\"681\" data-src=\"https:\/\/zszalkovice.cz\/wp-content\/uploads\/2017\/11\/DSC_4738.jpg\" class=\"vc_single_image-img attachment-full lazyload\" alt=\"\" data-srcset=\"https:\/\/zszalkovice.cz\/wp-content\/uploads\/2017\/11\/DSC_4738.jpg 1024w, https:\/\/zszalkovice.cz\/wp-content\/uploads\/2017\/11\/DSC_4738-300x199.jpg 300w, https:\/\/zszalkovice.cz\/wp-content\/uploads\/2017\/11\/DSC_4738-768x511.jpg 768w, https:\/\/zszalkovice.cz\/wp-content\/uploads\/2017\/11\/DSC_4738-420x280.jpg 420w, https:\/\/zszalkovice.cz\/wp-content\/uploads\/2017\/11\/DSC_4738-690x460.jpg 690w\" data-sizes=\"(max-width: 1024px) 100vw, 1024px\" src=\"data:image\/svg+xml;base64,PHN2ZyB3aWR0aD0iMSIgaGVpZ2h0PSIxIiB4bWxucz0iaHR0cDovL3d3dy53My5vcmcvMjAwMC9zdmciPjwvc3ZnPg==\" style=\"--smush-placeholder-width: 1024px; --smush-placeholder-aspect-ratio: 1024\/681;\" \/><\/a>\n\t\t<\/figure>\n\t<\/div>\n<hr class=\"vertical-space1\"><hr class=\"vertical-space1\">\n\t<div  class=\"wpb_single_image wpb_content_element vc_align_left  wpb_animate_when_almost_visible wpb_right-to-left right-to-left\">\n\t\t\n\t\t<figure class=\"wpb_wrapper vc_figure\">\n\t\t\t<a data-rel=\"prettyPhoto[rel-9495-379954588]\" href=\"https:\/\/zszalkovice.cz\/wp-content\/uploads\/2017\/11\/5.jpg\" target=\"_self\" class=\"vc_single_image-wrapper   vc_box_border_grey prettyphoto\"><img decoding=\"async\" width=\"800\" height=\"600\" data-src=\"https:\/\/zszalkovice.cz\/wp-content\/uploads\/2017\/11\/5.jpg\" class=\"vc_single_image-img attachment-full lazyload\" alt=\"\" data-srcset=\"https:\/\/zszalkovice.cz\/wp-content\/uploads\/2017\/11\/5.jpg 800w, https:\/\/zszalkovice.cz\/wp-content\/uploads\/2017\/11\/5-300x225.jpg 300w, https:\/\/zszalkovice.cz\/wp-content\/uploads\/2017\/11\/5-768x576.jpg 768w, https:\/\/zszalkovice.cz\/wp-content\/uploads\/2017\/11\/5-164x124.jpg 164w\" data-sizes=\"(max-width: 800px) 100vw, 800px\" src=\"data:image\/svg+xml;base64,PHN2ZyB3aWR0aD0iMSIgaGVpZ2h0PSIxIiB4bWxucz0iaHR0cDovL3d3dy53My5vcmcvMjAwMC9zdmciPjwvc3ZnPg==\" style=\"--smush-placeholder-width: 800px; --smush-placeholder-aspect-ratio: 800\/600;\" \/><\/a>\n\t\t<\/figure>\n\t<\/div>\n<\/div><\/div><\/div><\/div><\/div><\/div><\/div><\/section>","protected":false},"excerpt":{"rendered":"ZAM\u011a\u0158EN\u00cd\u0161koly V\u00fduka na na\u0161\u00ed z\u00e1kladn\u00ed \u0161kole prob\u00edh\u00e1 podle vlastn\u00edho \u0160koln\u00edho vzd\u011bl\u00e1vac\u00edho programu pro z\u00e1kladn\u00ed vzd\u011bl\u00e1v\u00e1n\u00ed (\u0160VP ZV), kter\u00fd vych\u00e1z\u00ed z&nbsp;dlouhodob\u00e9 koncepce a vize \u0161koly a jeho&nbsp;motiva\u010dn\u00ed n\u00e1zev \u201eU\u010d\u00edme se pro&nbsp;\u017eivot aneb \u010demukoliv se&nbsp;u\u010d\u00ed\u0161, u\u010d\u00ed\u0161 se pro sebe\u201c vystihuje jeho hlavn\u00ed c\u00edl \u2013 p\u0159isp\u011bt k postupn\u00e9mu&nbsp;rozvoji kl\u00ed\u010dov\u00fdch kompetenc\u00ed \u017e\u00e1k\u016f, kter\u00e9 jim daj\u00ed z\u00e1klad pro vstup do \u017eivota, umo\u017en\u00ed samostatn\u011b&nbsp; a tvo\u0159iv\u011b pracovat, nespol\u00e9hat se jen na veden\u00ed u\u010ditele, oprostit se od \u201ebiflov\u00e1n\u00ed\u201c pou\u010dek, vyu\u017e\u00edvat v\u0161ech dostupn\u00fdch informac\u00ed. Jde n\u00e1m p\u0159edev\u0161\u00edm o co nejv\u011bt\u0161\u00ed p\u0159ibl\u00ed\u017een\u00ed \u017e\u00e1k\u016f k&nbsp;praktick\u00e9mu \u017eivotu, a to na z\u00e1klad\u011b diferencovan\u00e9ho p\u0159\u00edstupu ke ka\u017ed\u00e9mu \u017e\u00e1kovi dle jeho schopnost\u00ed \u010di mo\u017enost\u00ed a o poskytnut\u00ed spolehliv\u00e9ho z\u00e1kladu v\u0161eobecn\u00e9ho vzd\u011bl\u00e1n\u00ed, kter\u00e9 je orientov\u00e1no na praktick\u00e9 jedn\u00e1n\u00ed a situace bl\u00edzk\u00e9 \u017eivotu. Sna\u017e\u00edme se co nejv\u00edce o propojen\u00ed u\u010diva se \u017eivotem. V\u00fduka dle \u0160VP ZV je zalo\u017eena mimo jin\u00e9 i na jin\u00e9m p\u0159\u00edstupu k&nbsp;vyu\u010dov\u00e1n\u00ed a \u00fazce souvis\u00ed se&nbsp;zav\u00e1d\u011bn\u00edm a uplat\u0148ov\u00e1n\u00edm nov\u011bj\u0161\u00edch a r\u016fznorod\u00fdch metod a forem pr\u00e1ce, pravidel a aktivit,&nbsp;kter\u00e9 vedou \u017e\u00e1ky k&nbsp;samostatnosti,&nbsp;zodpov\u011bdnosti, spolupr\u00e1ci, otev\u0159en\u00e9 komunikaci, tvo\u0159ivosti,&nbsp;toleranci, k&nbsp;\u0159e\u0161en\u00ed probl\u00e9m\u016f, k rozv\u00edjen\u00ed jejich sebehodnocen\u00ed a \u010din\u00ed vyu\u010dov\u00e1n\u00ed tv\u016fr\u010d\u00ed a zaj\u00edmav\u00e9. V&nbsp;na\u0161\u00ed pedagogick\u00e9 pr\u00e1ci se n\u00e1m osv\u011bd\u010dily a st\u00e1le uplat\u0148ujeme prvky d\u011btmi obl\u00edben\u00e9ho \u201eDaltonsk\u00e9ho vyu\u010dov\u00e1n\u00ed\u201c, komunitn\u00ed kruhy, \u010dinnostn\u00ed u\u010den\u00ed, skupinovou pr\u00e1ci nebo pr\u00e1ci dvojic, u star\u0161\u00edch \u017e\u00e1k\u016f metodu \u201ekritick\u00e9ho my\u0161len\u00ed\u201c, projektov\u00e9 dny. Mezi nov\u011bj\u0161\u00ed formy pr\u00e1ce ji\u017e n\u011bkolik\u00e1t\u00fdm rokem pat\u0159\u00ed i v\u00fduka na interaktivn\u00edch tabul\u00edch, jejich\u017e prost\u0159ednictv\u00edm je opakov\u00e1n\u00ed a vyvozov\u00e1n\u00ed nov\u00e9ho u\u010diva pro \u017e\u00e1ky z\u00e1bavn\u011bj\u0161\u00ed, p\u0159ita\u017eliv\u011bj\u0161\u00ed a t\u00edm efektivn\u011bj\u0161\u00ed. V souladu s nejnov\u011bj\u0161\u00edmi v\u00fdzkumy a utv\u00e1\u0159en\u00edm kl\u00ed\u010dov\u00fdch kompetenc\u00ed za\u0159azujeme i projektov\u00e9 vyu\u010dov\u00e1n\u00ed. Je to forma v\u00fduky, kter\u00e1 nut\u00ed \u017e\u00e1ka p\u0159em\u00fd\u0161let, shroma\u017e\u010fovat a t\u0159\u00eddit informace, zpracovat je, rozv\u00edj\u00ed jeho tvo\u0159ivost, smysl pro spolupr\u00e1ci, u\u010d\u00ed se hodnotit a prezentovat v\u00fdsledky sv\u00e9 nebo skupinov\u00e9 pr\u00e1ce p\u0159ed ostatn\u00edmi spolu\u017e\u00e1ky. U \u017e\u00e1k\u016f 1. - 4. r. uplat\u0148ujeme v\u00fduku formou projektu hlavn\u011b v&nbsp;r\u00e1mci jednotliv\u00fdch p\u0159edm\u011bt\u016f, ale i mezip\u0159edm\u011btov\u00e9 projekty a projekty celo\u0161koln\u00ed.... <br><br><a class=\"readmore\" href=\"https:\/\/zszalkovice.cz\/en\/informace-zs\/\">V\u00edce informac\u00ed<\/a>","protected":false},"author":1,"featured_media":0,"parent":0,"menu_order":0,"comment_status":"closed","ping_status":"closed","template":"","meta":{"footnotes":""},"class_list":["post-9495","page","type-page","status-publish","hentry"],"yoast_head":"<!-- This site is optimized with the Yoast SEO plugin v25.5 - https:\/\/yoast.com\/wordpress\/plugins\/seo\/ -->\n<title>Informace o Z\u0160 | ZS ZALKOVICE<\/title>\n<meta name=\"robots\" content=\"index, follow, max-snippet:-1, max-image-preview:large, max-video-preview:-1\" \/>\n<link rel=\"canonical\" href=\"https:\/\/zszalkovice.cz\/en\/informace-zs\/\" \/>\n<meta property=\"og:locale\" content=\"en_US\" \/>\n<meta property=\"og:type\" content=\"article\" \/>\n<meta property=\"og:title\" content=\"Informace o Z\u0160 | ZS ZALKOVICE\" \/>\n<meta property=\"og:url\" content=\"https:\/\/zszalkovice.cz\/en\/informace-zs\/\" \/>\n<meta property=\"og:site_name\" content=\"ZS ZALKOVICE\" \/>\n<meta property=\"article:modified_time\" content=\"2018-02-15T09:35:53+00:00\" \/>\n<meta name=\"twitter:card\" content=\"summary_large_image\" \/>\n<meta name=\"twitter:label1\" content=\"Est. reading time\" \/>\n\t<meta name=\"twitter:data1\" content=\"5 minutes\" \/>\n<script type=\"application\/ld+json\" class=\"yoast-schema-graph\">{\"@context\":\"https:\/\/schema.org\",\"@graph\":[{\"@type\":\"WebPage\",\"@id\":\"https:\/\/zszalkovice.cz\/informace-zs\/\",\"url\":\"https:\/\/zszalkovice.cz\/informace-zs\/\",\"name\":\"Informace o Z\u0160 | ZS ZALKOVICE\",\"isPartOf\":{\"@id\":\"https:\/\/zszalkovice.cz\/en\/#website\"},\"datePublished\":\"2017-11-08T21:12:05+00:00\",\"dateModified\":\"2018-02-15T09:35:53+00:00\",\"breadcrumb\":{\"@id\":\"https:\/\/zszalkovice.cz\/informace-zs\/#breadcrumb\"},\"inLanguage\":\"en-US\",\"potentialAction\":[{\"@type\":\"ReadAction\",\"target\":[\"https:\/\/zszalkovice.cz\/informace-zs\/\"]}]},{\"@type\":\"BreadcrumbList\",\"@id\":\"https:\/\/zszalkovice.cz\/informace-zs\/#breadcrumb\",\"itemListElement\":[{\"@type\":\"ListItem\",\"position\":1,\"name\":\"Home\",\"item\":\"https:\/\/zszalkovice.cz\/\"},{\"@type\":\"ListItem\",\"position\":2,\"name\":\"Informace o Z\u0160\"}]},{\"@type\":\"WebSite\",\"@id\":\"https:\/\/zszalkovice.cz\/en\/#website\",\"url\":\"https:\/\/zszalkovice.cz\/en\/\",\"name\":\"ZS ZALKOVICE\",\"description\":\"ZS ZALKOVICE\",\"publisher\":{\"@id\":\"https:\/\/zszalkovice.cz\/en\/#organization\"},\"potentialAction\":[{\"@type\":\"SearchAction\",\"target\":{\"@type\":\"EntryPoint\",\"urlTemplate\":\"https:\/\/zszalkovice.cz\/en\/?s={search_term_string}\"},\"query-input\":{\"@type\":\"PropertyValueSpecification\",\"valueRequired\":true,\"valueName\":\"search_term_string\"}}],\"inLanguage\":\"en-US\"},{\"@type\":\"Organization\",\"@id\":\"https:\/\/zszalkovice.cz\/en\/#organization\",\"name\":\"Z\u0160 a M\u0160 \u017dalkovice\",\"url\":\"https:\/\/zszalkovice.cz\/en\/\",\"logo\":{\"@type\":\"ImageObject\",\"inLanguage\":\"en-US\",\"@id\":\"https:\/\/zszalkovice.cz\/en\/#\/schema\/logo\/image\/\",\"url\":\"https:\/\/blanchedalmond-starling-735365.hostingersite.com\/wp-content\/uploads\/2020\/04\/logo-2-e1590092978599.png\",\"contentUrl\":\"https:\/\/blanchedalmond-starling-735365.hostingersite.com\/wp-content\/uploads\/2020\/04\/logo-2-e1590092978599.png\",\"width\":839,\"height\":200,\"caption\":\"Z\u0160 a M\u0160 \u017dalkovice\"},\"image\":{\"@id\":\"https:\/\/zszalkovice.cz\/en\/#\/schema\/logo\/image\/\"}}]}<\/script>\n<!-- \/ Yoast SEO plugin. -->","yoast_head_json":{"title":"Informace o Z\u0160 | ZS ZALKOVICE","robots":{"index":"index","follow":"follow","max-snippet":"max-snippet:-1","max-image-preview":"max-image-preview:large","max-video-preview":"max-video-preview:-1"},"canonical":"https:\/\/zszalkovice.cz\/en\/informace-zs\/","og_locale":"en_US","og_type":"article","og_title":"Informace o Z\u0160 | ZS ZALKOVICE","og_url":"https:\/\/zszalkovice.cz\/en\/informace-zs\/","og_site_name":"ZS ZALKOVICE","article_modified_time":"2018-02-15T09:35:53+00:00","twitter_card":"summary_large_image","twitter_misc":{"Est. reading time":"5 minutes"},"schema":{"@context":"https:\/\/schema.org","@graph":[{"@type":"WebPage","@id":"https:\/\/zszalkovice.cz\/informace-zs\/","url":"https:\/\/zszalkovice.cz\/informace-zs\/","name":"Informace o Z\u0160 | ZS ZALKOVICE","isPartOf":{"@id":"https:\/\/zszalkovice.cz\/en\/#website"},"datePublished":"2017-11-08T21:12:05+00:00","dateModified":"2018-02-15T09:35:53+00:00","breadcrumb":{"@id":"https:\/\/zszalkovice.cz\/informace-zs\/#breadcrumb"},"inLanguage":"en-US","potentialAction":[{"@type":"ReadAction","target":["https:\/\/zszalkovice.cz\/informace-zs\/"]}]},{"@type":"BreadcrumbList","@id":"https:\/\/zszalkovice.cz\/informace-zs\/#breadcrumb","itemListElement":[{"@type":"ListItem","position":1,"name":"Home","item":"https:\/\/zszalkovice.cz\/"},{"@type":"ListItem","position":2,"name":"Informace o Z\u0160"}]},{"@type":"WebSite","@id":"https:\/\/zszalkovice.cz\/en\/#website","url":"https:\/\/zszalkovice.cz\/en\/","name":"ZS ZALKOVICE","description":"ZS ZALKOVICE","publisher":{"@id":"https:\/\/zszalkovice.cz\/en\/#organization"},"potentialAction":[{"@type":"SearchAction","target":{"@type":"EntryPoint","urlTemplate":"https:\/\/zszalkovice.cz\/en\/?s={search_term_string}"},"query-input":{"@type":"PropertyValueSpecification","valueRequired":true,"valueName":"search_term_string"}}],"inLanguage":"en-US"},{"@type":"Organization","@id":"https:\/\/zszalkovice.cz\/en\/#organization","name":"Z\u0160 a M\u0160 \u017dalkovice","url":"https:\/\/zszalkovice.cz\/en\/","logo":{"@type":"ImageObject","inLanguage":"en-US","@id":"https:\/\/zszalkovice.cz\/en\/#\/schema\/logo\/image\/","url":"https:\/\/blanchedalmond-starling-735365.hostingersite.com\/wp-content\/uploads\/2020\/04\/logo-2-e1590092978599.png","contentUrl":"https:\/\/blanchedalmond-starling-735365.hostingersite.com\/wp-content\/uploads\/2020\/04\/logo-2-e1590092978599.png","width":839,"height":200,"caption":"Z\u0160 a M\u0160 \u017dalkovice"},"image":{"@id":"https:\/\/zszalkovice.cz\/en\/#\/schema\/logo\/image\/"}}]}},"_links":{"self":[{"href":"https:\/\/zszalkovice.cz\/en\/wp-json\/wp\/v2\/pages\/9495","targetHints":{"allow":["GET"]}}],"collection":[{"href":"https:\/\/zszalkovice.cz\/en\/wp-json\/wp\/v2\/pages"}],"about":[{"href":"https:\/\/zszalkovice.cz\/en\/wp-json\/wp\/v2\/types\/page"}],"author":[{"embeddable":true,"href":"https:\/\/zszalkovice.cz\/en\/wp-json\/wp\/v2\/users\/1"}],"replies":[{"embeddable":true,"href":"https:\/\/zszalkovice.cz\/en\/wp-json\/wp\/v2\/comments?post=9495"}],"version-history":[{"count":30,"href":"https:\/\/zszalkovice.cz\/en\/wp-json\/wp\/v2\/pages\/9495\/revisions"}],"predecessor-version":[{"id":12427,"href":"https:\/\/zszalkovice.cz\/en\/wp-json\/wp\/v2\/pages\/9495\/revisions\/12427"}],"wp:attachment":[{"href":"https:\/\/zszalkovice.cz\/en\/wp-json\/wp\/v2\/media?parent=9495"}],"curies":[{"name":"wp","href":"https:\/\/api.w.org\/{rel}","templated":true}]}}